{"id":28,"date":"2015-03-28T15:37:33","date_gmt":"2015-03-28T14:37:33","guid":{"rendered":"http:\/\/klubmamgdynia.pl\/index.php\/produkt\/hi-little-one-hi-little-one-kokon-gniazdko-dla-noworodka-z-organicznego-oddychajacego-bio-muslinu-gots-newborn-nest-pumpkin\/"},"modified":"2026-05-17T22:03:34","modified_gmt":"2026-05-17T20:03:34","slug":"hi-little-one-hi-little-one-kokon-gniazdko-dla-noworodka-z-organicznego-oddychajacego-bio-muslinu-gots-newborn-nest-pumpkin","status":"publish","type":"product","link":"http:\/\/klubmamgdynia.pl\/index.php\/produkt\/hi-little-one-hi-little-one-kokon-gniazdko-dla-noworodka-z-organicznego-oddychajacego-bio-muslinu-gots-newborn-nest-pumpkin\/","title":{"rendered":"Hi Little One &#8211; Hi Little One &#8211; Kokon Gniazdko Dla Noworodka z Organicznego Oddychaj\u0105cego Bio Mu\u015blinu Gots Newborn Nest Pumpkin"},"content":{"rendered":"<p>Ergonomiczny i bezpieczny kokon-gniazdko dla Noworodka z oddychaj\u0105cej, organicznej wysokojako\u015bciowej BIO bawe\u0142ny mu\u015blinowej GOTS.Kokon posiada Pozytywn\u0105 opini\u0119 Instytutu Matki i Dziecka nr. Op-5298.Zalety kokon\u00f3w-gniazdek NEWBORN NESTNaturalne koloryProstota u\u017cytkowania100% funkcjonalno\u015bciWysoka jako\u015b\u0107 wykonaniaJedyny kokon gniazdko w pe\u0142ni dostosowany do potrzeb Noworodk\u00f3w.Noworodek w pierwszych miesi\u0105cach \u017cycia najlepiej czuje si\u0119 zasypiaj\u0105c i \u015bpi\u0105c w kokonach-gniazdkach.Wynika to z faktu, i\u017c kokony-gniazdka NEWBORN NEST ze wzgl\u0119du na konstrukcj\u0119 i odpowiednie rozmiary [dostosowane do wielko\u015bci Noworodk\u00f3w], zapewniaj\u0105 Male\u0144stwu odpowiednik brzuszka Mamy, w kt\u00f3rym spa\u0142o podczas ci\u0105\u017cy przez 9 miesi\u0119cy.Nale\u017cy pami\u0119ta\u0107 aby nie kupowa\u0107 zbyt du\u017cych kokon\u00f3w dla Noworodk\u00f3w &#8211; poniewa\u017c zbyt du\u017cy kokon-gniazdko nie b\u0119dzie spe\u0142nia\u0142 swojej roli ! Kokon-gniazdko musi by\u0107 dostosowany do rozmiar\u00f3w Maluszka. \u015arednia d\u0142ugo\u015b\u0107 cia\u0142a donoszonego Noworodka zazwyczaj mie\u015bci si\u0119 w przedziale pomi\u0119dzy 46 cm a 54 cm [jest to d\u0142ugo\u015b\u0107 ciemieniowo-pi\u0119towa].Kokony-gniazdka dodatkowo idealnie sprawdzaj\u0105 si\u0119 w pierwszych miesi\u0105cach \u017cycia jako wk\u0142adka do koszy Moj\u017cesza, \u0142\u00f3\u017ceczek dostawnych czy standardowych \u0142\u00f3\u017ceczek.Rodzice, kt\u00f3rzy \u015bpi\u0105 z Male\u0144stwem powinni uk\u0142ada\u0107 dziecko w kokonie-gniazdku aby zapobiec przygnieceniu Maluszka podczas wsp\u00f3lnego snu.Podczas rodzinnych wyjazd\u00f3w kokon-gniazdo mo\u017cna stosowa\u0107 jako zast\u0119pcze \u0142\u00f3\u017ceczko dla Maluszka.Poza funkcj\u0105 spania kokon-gniazdko mo\u017ce pos\u0142u\u017cy\u0107 r\u00f3wnie\u017c, jako bezpieczne miejsce zabaw jako mata do zabawy.Kokony-gniazdka NEWBORN NEST maj\u0105 specjalnie profilowane wysokie boki wa\u0142kowe i oddychaj\u0105ce materacyki bezstrefowe aby zapewni\u0107 maksimum komfortu podczas snu dla Noworodka.Nowatorski, wyjmowany oddychaj\u0105cy bezstrefowy materacyk u\u0142atwia zachowanie wysokiej higieny kokonu-gniazdka. W prosty i \u0142atwy spos\u00f3b mo\u017cemy wyci\u0105gn\u0105\u0107 materacyk i wypra\u0107 ca\u0142y kokon-gniazdko.Kokony-gniazdka NEWBORN NEST to jedne z niewielu kokon\u00f3w posiadaj\u0105cych wyjmowany materacyk.Kompozytowa konstrukcja materacyka w kokonach-gniazdkach z NEWBORN NEST zapewnia bardzo dobr\u0105 cyrkulacj\u0105 powietrza &#8211; dzi\u0119ki czemu wilgo\u0107 jest z \u0142atwo\u015bci\u0105 odprowadzana na zewn\u0105trz, co zapobiega rozwojowi bakterii, grzyb\u00f3w czy ple\u015bni.Zastosowanie naturalnej maty kokosowej oraz wysokojako\u015bciowego mu\u015blinu bawe\u0142nianego zapobiega wywo\u0142ywaniu reakcji alergicznych sk\u00f3ry i nie dzia\u0142a dra\u017cni\u0105co na drogi oddechowe.Dodatkowo spanie na oddychaj\u0105cym materacyku daje ponadto przyjemne uczucie \u015bwie\u017co\u015bci i zmniejsza wydzielanie potu.Dla wi\u0119kszej wygody u\u017cytkowania kokon-gniazdko HLO NEWBORN NEST posiada wszyte po bokach paski\/r\u0105czki celem \u0142atwego wk\u0142adania i wyjmowania Maluszka z \u0142\u00f3\u017ceczka.Nale\u017cy pami\u0119ta\u0107, i\u017c kokony-gniazdka HLO NEWBORN NEST nie s\u0105 noside\u0142kami i nie s\u0142u\u017c\u0105 do noszenia dziecka.Aby optymalnie dostosowa\u0107 rozmiar wewn\u0119trzny kokonu gniazdka NEWBORN NEST do wielko\u015bci Pociechy nale\u017cy odpowiednio \u015bci\u0105gn\u0105\u0107 i zawi\u0105za\u0107 2 sznurki \u015bci\u0105gaj\u0105ce.Dodatkowo sznurek g\u00f3rny reguluje wysoko\u015b\u0107 burt kokonu-gniazdka.Wymiary kokonu-gniazdka NEWBORN NESTWymiar zewn\u0119trzny [roz\u0142o\u017cony]: d\u0142. 85 cm, szer. 55 cmWymiar wewn\u0119trzny zasznurowany [dla Noworodk\u00f3w]: d\u0142. 62 cm, szer. 35 cmWymiar wewn\u0119trzny niezasznurowany [dla Niemowl\u0105t]: d\u0142. 75 cm, szer. 35 cmWysoko\u015b\u0107 boku: ok 11 cmSzeroko\u015b\u0107 boku: ok 15 cmKokon-Gniazdko NEWBORN NEST &#8211; materia\u0142y sk\u0142adowe:Poszewka zewn\u0119trzna: 100 % organiczna wysokojako\u015bciowa oddychaj\u0105ca BIO bawe\u0142na mu\u015blinowa GOTSWype\u0142nienie bok\u00f3w: oddychaj\u0105ce antyalergiczna w\u0142\u00f3knina silikonowaOddychaj\u0105cy bezstrefowy materac kompozytowy 6 warstwowy typu sandwich &#8211; materia\u0142y sk\u0142adowe:oddychaj\u0105ca wk\u0142adka wodoodpornaoddychaj\u0105ce antyalergiczna w\u0142\u00f3knina silikonowaoddychaj\u0105ca mata kokosowag\u0105bka PUR o twardo\u015bci T2oddychaj\u0105ce antyalergiczna w\u0142\u00f3knina silikonowaoddychaj\u0105ca wk\u0142adka wodoodpornaU\u017bYTKOWANIEPokrowiec kokonu-gniazdka mo\u017cna pra\u0107 w pralce po uprzednim wyj\u0119ciu materacyka.Max temperatura prania 30\u00b0CNie wolno suszy\u0107 w suszarkach!PRODUKT MADE IN POLANDAkcesoria niemowl\u0119ce polskiej marki Hi Little One nawi\u0105zuj\u0105 do natury i retro minimalistycznego designu zachowuj\u0105c maksimum funkcjonalno\u015bci dla Niemowl\u0105t i Mam&#8230;.<\/p>\n<h2>Hi Little One &#8211; Hi Little One &#8211; Kokon Gniazdko Dla Noworodka z Organicznego Oddychaj\u0105cego Bio Mu\u015blinu Gots Newborn Nest Pumpkin Hi Little One<\/h2>\n<p>zimowe zagadki dla dzieci, w uk\u0142adzie s\u0142onecznym tekst, asiunia test z lektury, zima z\u0142a tekst, postacie z bajek, dyplom dla przedszkolaka do wydruku, kolorowanki, kolorowanki antystresowe do druku, bezpieczne kosmetyki do makija\u017cu dla dzieci, test z lektury mitologia grecka, pytania zagadki, bajki dla chlopcow, quizy dla dzieci 10 lat, alan imi\u0119, alan znaczenie imienia, samoch\u00f3d kolorowanka do druku, platformy edukacyjne<\/p>\n<p>yyyyy<\/p>\n<p>&nbsp;<\/p>\n","protected":false},"excerpt":{"rendered":"<p>Ergonomiczny i bezpieczny kokon-gniazdko dla Noworodka z oddychaj\u0105cej, organicznej wysokojako\u015bciowej BIO bawe\u0142ny mu\u015blinowej GOTS.Kokon posiada Pozytywn\u0105 opini\u0119 Instytutu Matki i Dziecka nr. Op-5298.Zalety kokon\u00f3w-gniazdek NEWBORN NESTNaturalne koloryProstota u\u017cytkowania100% funkcjonalno\u015bciWysoka jako\u015b\u0107 wykonaniaJedyny kokon gniazdko w pe\u0142ni dostosowany do potrzeb Noworodk\u00f3w.Noworodek w pierwszych miesi\u0105cach \u017cycia najlepiej czuje si\u0119 zasypiaj\u0105c i \u015bpi\u0105c w kokonach-gniazdkach.Wynika to z faktu, i\u017c [&hellip;]<\/p>\n","protected":false},"featured_media":29,"comment_status":"closed","ping_status":"open","template":"","meta":[],"product_cat":[29,28],"product_tag":[871,707,614,739,588],"class_list":["post-28","product","type-product","status-publish","has-post-thumbnail","hentry","product_cat-gniazda-i-kokony","product_cat-hi-little-one","product_tag-bajka-o-smoku-wawelskim","product_tag-karty-pracy-dla-dzieci-z-ukrainy","product_tag-pia","product_tag-prima-aprilis-w-szkole","product_tag-wzruszajace-slowa-dla-przyjaciela"],"_links":{"self":[{"href":"http:\/\/klubmamgdynia.pl\/index.php\/wp-json\/wp\/v2\/product\/28","targetHints":{"allow":["GET"]}}],"collection":[{"href":"http:\/\/klubmamgdynia.pl\/index.php\/wp-json\/wp\/v2\/product"}],"about":[{"href":"http:\/\/klubmamgdynia.pl\/index.php\/wp-json\/wp\/v2\/types\/product"}],"replies":[{"embeddable":true,"href":"http:\/\/klubmamgdynia.pl\/index.php\/wp-json\/wp\/v2\/comments?post=28"}],"wp:featuredmedia":[{"embeddable":true,"href":"http:\/\/klubmamgdynia.pl\/index.php\/wp-json\/wp\/v2\/media\/29"}],"wp:attachment":[{"href":"http:\/\/klubmamgdynia.pl\/index.php\/wp-json\/wp\/v2\/media?parent=28"}],"wp:term":[{"taxonomy":"product_cat","embeddable":true,"href":"http:\/\/klubmamgdynia.pl\/index.php\/wp-json\/wp\/v2\/product_cat?post=28"},{"taxonomy":"product_tag","embeddable":true,"href":"http:\/\/klubmamgdynia.pl\/index.php\/wp-json\/wp\/v2\/product_tag?post=28"}],"curies":[{"name":"wp","href":"https:\/\/api.w.org\/{rel}","templated":true}]}}