{"id":2800,"date":"2019-05-13T10:42:36","date_gmt":"2019-05-13T08:42:36","guid":{"rendered":"http:\/\/klubmamgdynia.pl\/index.php\/produkt\/tega-baby-wanna-86cm-mis-ms-004\/"},"modified":"2026-04-12T16:52:24","modified_gmt":"2026-04-12T14:52:24","slug":"tega-baby-wanna-86cm-mis-ms-004","status":"publish","type":"product","link":"http:\/\/klubmamgdynia.pl\/index.php\/produkt\/tega-baby-wanna-86cm-mis-ms-004\/","title":{"rendered":"Tega Baby Wanna 86Cm Mi\u015b Ms-004"},"content":{"rendered":"<p>Wanna Mi\u015b dost\u0119pna jest w trzech stonowanych kolorach.Ozdobiona za pomoc\u0105 technologii IML.D\u0142ugo\u015b\u0107 wanny: 86 cmDOST\u0118PNO\u015a\u0106 PODANA DLA WSzYSTKICH KOLOR\u00d3W RAzEM.SPRAWD\u0179 DOST\u0118PNO\u015a\u0106 KOLORU DzWONI\u0104C LUB KLIKAJ\u0104C &#8222;zAPYTAJ O PRODUKT&#8221;<\/p>\n<h2>Tega Baby Wanna 86Cm Mi\u015b Ms-004 Tega Baby<\/h2>\n<p>atrakcje dla dzieci warszawa, upominek dla nastolatk\u00f3w, \u015bmieszne zagadki matematyczne, przedszkole drugi dom, felix net i nika oraz gang niewidzialnych ludzi test z odpowiedziami, kolorowanki kotki, prezent dla dziecka na roczek, rysunki \u0142atwe, zagadki dla dzieci 10 lat, cytat o przyja\u017ani, test z lektury kajko i kokosz szko\u0142a latania<\/p>\n<p>yyyyy<\/p>\n<p>&nbsp;<\/p>\n","protected":false},"excerpt":{"rendered":"<p>Wanna Mi\u015b dost\u0119pna jest w trzech stonowanych kolorach.Ozdobiona za pomoc\u0105 technologii IML.D\u0142ugo\u015b\u0107 wanny: 86 cmDOST\u0118PNO\u015a\u0106 PODANA DLA WSzYSTKICH KOLOR\u00d3W RAzEM.SPRAWD\u0179 DOST\u0118PNO\u015a\u0106 KOLORU DzWONI\u0104C LUB KLIKAJ\u0104C &#8222;zAPYTAJ O PRODUKT&#8221; Tega Baby Wanna 86Cm Mi\u015b Ms-004 Tega Baby atrakcje dla dzieci warszawa, upominek dla nastolatk\u00f3w, \u015bmieszne zagadki matematyczne, przedszkole drugi dom, felix net i nika oraz gang [&hellip;]<\/p>\n","protected":false},"featured_media":2801,"comment_status":"closed","ping_status":"open","template":"","meta":[],"product_cat":[958,982],"product_tag":[593,644,773,788],"class_list":["post-2800","product","type-product","status-publish","has-post-thumbnail","hentry","product_cat-komody-kapielowe-wanienki-i-przewijaki","product_cat-tega-baby","product_tag-jak-narysowac-konia","product_tag-mia","product_tag-test-z-lektury-opowiesci-z-narnii-lew-czarownica-i-stara-szafa","product_tag-zagadki-krotkie"],"_links":{"self":[{"href":"http:\/\/klubmamgdynia.pl\/index.php\/wp-json\/wp\/v2\/product\/2800","targetHints":{"allow":["GET"]}}],"collection":[{"href":"http:\/\/klubmamgdynia.pl\/index.php\/wp-json\/wp\/v2\/product"}],"about":[{"href":"http:\/\/klubmamgdynia.pl\/index.php\/wp-json\/wp\/v2\/types\/product"}],"replies":[{"embeddable":true,"href":"http:\/\/klubmamgdynia.pl\/index.php\/wp-json\/wp\/v2\/comments?post=2800"}],"wp:featuredmedia":[{"embeddable":true,"href":"http:\/\/klubmamgdynia.pl\/index.php\/wp-json\/wp\/v2\/media\/2801"}],"wp:attachment":[{"href":"http:\/\/klubmamgdynia.pl\/index.php\/wp-json\/wp\/v2\/media?parent=2800"}],"wp:term":[{"taxonomy":"product_cat","embeddable":true,"href":"http:\/\/klubmamgdynia.pl\/index.php\/wp-json\/wp\/v2\/product_cat?post=2800"},{"taxonomy":"product_tag","embeddable":true,"href":"http:\/\/klubmamgdynia.pl\/index.php\/wp-json\/wp\/v2\/product_tag?post=2800"}],"curies":[{"name":"wp","href":"https:\/\/api.w.org\/{rel}","templated":true}]}}