{"id":2802,"date":"2012-06-22T13:42:49","date_gmt":"2012-06-22T11:42:49","guid":{"rendered":"http:\/\/klubmamgdynia.pl\/index.php\/produkt\/pinio-moon-przewijak-do-komody\/"},"modified":"2026-04-23T20:35:33","modified_gmt":"2026-04-23T18:35:33","slug":"pinio-moon-przewijak-do-komody","status":"publish","type":"product","link":"http:\/\/klubmamgdynia.pl\/index.php\/produkt\/pinio-moon-przewijak-do-komody\/","title":{"rendered":"Pinio Moon przewijak do komody"},"content":{"rendered":"<p>materia\u0142: MDFkolory: Opis produktu Przewijak do komody 3-szufladowej Moon, dzi\u0119ki kt\u00f3remu blat komody mo\u017ce zosta\u0107 efektywnie zagospodarowany na okres, kiedy maluchy wymagaj\u0105 przewijania. Przewijak jest szybki i \u0142atwy w monta\u017cu i demonta\u017cu, kiedy przestanie pe\u0142ni\u0107 swoj\u0105 funkcj\u0119. Materia\u0142y i wykonanie Przewijak wykonany jest z p\u0142yty MDF. Pasuje zar\u00f3wno do pokoiku ch\u0142opca, jak i dziewczynki. Produkt do samodzielnego monta\u017cu. Wyst\u0119puje w kolorze bia\u0142ym. Cena obejmuje sam\u0105 ramk\u0119 &#8211; bez wk\u0142adu z materia\u0142u. CZAS OCZEKIWANIA NA REALIZACJE ZAM\u00d3WIENIA 4-5 TYGODNI, TOWAR NA INDYWIDUALNE ZAM\u00d3WIENIE BEZ MO\u017bLIWO\u015aCI ZWROTU. WA\u017bNE: NIE WYSY\u0141AMY MEBLI ZA POBRANIEM. PROSIMY O WYBRANIE OPCJI TRANSPORTU: TRANSPORT 0 z\u0142 &#8211; Przy zam\u00f3wieniach od kwoty 2000 z\u0142. ODBI\u00d3R W\u0141ASNYM TRANSPORTEM Z NASZEGO SALONY W RUMI ul. D\u0104BROWSKIEGO 14 I PI\u0118TRO &#8211; KOSZT 0 Z\u0141. WYSY\u0141KA PALETOWA NA TERENIE CA\u0141EJ POLSKI (prosimy doda\u0107 koszt 199 z\u0142) niezale\u017cnie od ilo\u015bci produkt\u00f3w. Transport do\u0142adunkowy mebli na palecie nie obejmuje wniesienia. Zam\u00f3wienia na \u0142\u0105czny koszt od 2000 z\u0142 &#8211; 0 z\u0142 TRANSPORT NA TERENIE TR\u00d3JMIASTA, RUMI, REDY &#8211; prosimy o dodanie kosztu 99 z\u0142 niezale\u017cnie od ilo\u015bci produkt\u00f3w. Transport do\u0142adunkowy produkt\u00f3w nie obejmuje wniesienia. Zam\u00f3wienia na \u0142\u0105czny koszt od 2000 z\u0142 &#8211; 0 z\u0142 Moon \u2013 \u0142\u00f3\u017ceczka jedyne w swoim rodzaju Moon to wyj\u0105tkowa kolekcja \u0142\u00f3\u017ceczek dzieci\u0119cych charakteryzuj\u0105cych si\u0119 bardzo czyst\u0105, prost\u0105 i nowoczesn\u0105 form\u0105. Na szczeg\u00f3ln\u0105 uwag\u0119 zas\u0142uguje ciekawa sekwencja otwor\u00f3w zastosowana w \u0142\u00f3\u017ceczkach, kt\u00f3ra nadaje im bardzo \u015bwie\u017cy i ciekawy charakter. Do \u0142\u00f3\u017ceczek 120&#215;60 cm i 140&#215;70 cm mo\u017cna do\u0142\u0105czy\u0107 komod\u0119 (ale mo\u017ce by\u0107 r\u00f3wnie\u017c u\u017cywana jako samodzielny mebel) szuflad\u0119, barierk\u0119. Blat komody pe\u0142ni jednocze\u015bnie funkcj\u0119 przewijaka. Niew\u0105tpliwym plusem jest mo\u017cliwo\u015b\u0107 zdj\u0119cia boku w \u0142\u00f3\u017ceczkach \u2013 takie rozwi\u0105zanie jest korzystne przede wszystkim ze wzgl\u0119d\u00f3w finansowych. \u0141\u00f3\u017ceczko ro\u015bnie wraz z dzieckiem. Im maluch wi\u0119kszy, tym bardziej obni\u017camy materac. A gdy potrafi ju\u017c chodzi\u0107, zdemontowany bok zamienia \u0142\u00f3\u017ceczko w pierwsze \u0142\u00f3\u017cko. Maluch mo\u017ce wtedy samodzielnie z niego korzysta\u0107. Spos\u00f3b wykonania Wszystkie meble oraz u\u017cyte do ich produkcji materia\u0142y s\u0105 przebadane i atestowane. Meble s\u0105 wykonane z lakierowanej p\u0142yty MDF. Szuflady w komodzie wyposa\u017cone w hamulce zapobiegaj\u0105ce trzaskaniu. Meble podsiadaj\u0105 atest bezpiecznego u\u017cytkowania przez dzieci. MEBLE ROSN\u0104 RAZEM Z DZIECKIEMPo dokonaniu niewielkich modyfikacji w produkcie istnieje mo\u017cliwo\u015b\u0107 u\u017cytkowania tych samych mebli zar\u00f3wno przez niemowlaka, jak i przez starszaka. CICHY SYSTEM ZAMYKANIA DRZWI I SZUFLADDzi\u0119ki wysokiej klasy prowadnicom i zawiasom, szuflady i drzwi zamykaj\u0105 si\u0119 bezszelestnie. BEZPIECZNY PRODUKTWszystkie produkty s\u0105 atestowane, zgodne i przebadane na zgodno\u015b\u0107 z normami polskimi oraz europejskimi pod wzgl\u0119dem wymaga\u0144 bezpiecze\u0144stwa, wytrzyma\u0142o\u015bci i trwa\u0142o\u015bci wed\u0142ug norm: PN-EN 716-1 oraz PN-EN 716-2 dla \u0142\u00f3\u017ceczek, PN-EN 14749 oraz ISO 7170 dla mebli do przechowywania i PN-EN-747 dla \u0142\u00f3\u017cek pi\u0119trowych. \u0141\u00f3\u017ceczka dzi\u0119ki p\u0142askim szczebelkom i pe\u0142nym szczytom s\u0105 du\u017co stabilniejsze ni\u017c wi\u0119kszo\u015b\u0107 standardowych \u0142\u00f3\u017ceczek oferowanych na rynku. Do malowania mebli u\u017cywamy wy\u0142\u0105cznie ekologicznych i atestowanych farb.<\/p>\n<h2>Pinio Moon przewijak do komody Pinio<\/h2>\n<p>kiedy dzieci zbieraja cukierki na halloween, cytat na dzie\u0144 mamy, wiosna kolorowanka do druku, na roczek dla dziewczynki, zabawki dla dziewczynki na roczek, rodzina sentencja, cytaty dla mamy od c\u00f3rki, minionki kolorowanka, opis do zdj\u0119cia z dzieckiem, kolorowanki na andrzejki do wydruku, wielkanocne zagadki dla dzieci, cytaty o przyja\u017ani kr\u00f3tkie, urodziny dziecka pomys\u0142y, kolorowanki uk\u0142ad s\u0142oneczny, cytaty z ma\u0142ego ksi\u0119cia, \u017carty na prima aprilis dla mamy, desery dla dzieci, z\u0142ote my\u015bli kubu\u015b puchatek cytaty, litera y do druku<\/p>\n<p>yyyyy<\/p>\n<p>&nbsp;<\/p>\n","protected":false},"excerpt":{"rendered":"<p>materia\u0142: MDFkolory: Opis produktu Przewijak do komody 3-szufladowej Moon, dzi\u0119ki kt\u00f3remu blat komody mo\u017ce zosta\u0107 efektywnie zagospodarowany na okres, kiedy maluchy wymagaj\u0105 przewijania. Przewijak jest szybki i \u0142atwy w monta\u017cu i demonta\u017cu, kiedy przestanie pe\u0142ni\u0107 swoj\u0105 funkcj\u0119. Materia\u0142y i wykonanie Przewijak wykonany jest z p\u0142yty MDF. Pasuje zar\u00f3wno do pokoiku ch\u0142opca, jak i dziewczynki. Produkt [&hellip;]<\/p>\n","protected":false},"featured_media":2803,"comment_status":"closed","ping_status":"open","template":"","meta":[],"product_cat":[958,983],"product_tag":[716,645,816,830,812],"class_list":["post-2802","product","type-product","status-publish","has-post-thumbnail","hentry","product_cat-komody-kapielowe-wanienki-i-przewijaki","product_cat-pinio","product_tag-filmy-animowane-o-swietach","product_tag-latwe-zagadki","product_tag-place-zabaw-warszawa","product_tag-rodzina-cytaty","product_tag-zagadki-logiczne-na-inteligencje"],"_links":{"self":[{"href":"http:\/\/klubmamgdynia.pl\/index.php\/wp-json\/wp\/v2\/product\/2802","targetHints":{"allow":["GET"]}}],"collection":[{"href":"http:\/\/klubmamgdynia.pl\/index.php\/wp-json\/wp\/v2\/product"}],"about":[{"href":"http:\/\/klubmamgdynia.pl\/index.php\/wp-json\/wp\/v2\/types\/product"}],"replies":[{"embeddable":true,"href":"http:\/\/klubmamgdynia.pl\/index.php\/wp-json\/wp\/v2\/comments?post=2802"}],"wp:featuredmedia":[{"embeddable":true,"href":"http:\/\/klubmamgdynia.pl\/index.php\/wp-json\/wp\/v2\/media\/2803"}],"wp:attachment":[{"href":"http:\/\/klubmamgdynia.pl\/index.php\/wp-json\/wp\/v2\/media?parent=2802"}],"wp:term":[{"taxonomy":"product_cat","embeddable":true,"href":"http:\/\/klubmamgdynia.pl\/index.php\/wp-json\/wp\/v2\/product_cat?post=2802"},{"taxonomy":"product_tag","embeddable":true,"href":"http:\/\/klubmamgdynia.pl\/index.php\/wp-json\/wp\/v2\/product_tag?post=2802"}],"curies":[{"name":"wp","href":"https:\/\/api.w.org\/{rel}","templated":true}]}}