{"id":2806,"date":"2023-07-16T03:08:15","date_gmt":"2023-07-16T01:08:15","guid":{"rendered":"http:\/\/klubmamgdynia.pl\/?post_type=product&#038;p=2806"},"modified":"2026-04-30T05:08:07","modified_gmt":"2026-04-30T03:08:07","slug":"klups-lozeczko-nati-koniczynka-bialy-popiel","status":"publish","type":"product","link":"http:\/\/klubmamgdynia.pl\/index.php\/produkt\/klups-lozeczko-nati-koniczynka-bialy-popiel\/","title":{"rendered":"Klup\u015b \u0141\u00f3\u017ceczko Nati Koniczynka Bia\u0142y-Popiel"},"content":{"rendered":"<p>\u0141\u00f3\u017ceczko Nati Koniczynka bia\u0142y-popiel Opis produktu: wymiary: wewn\u0119trzny: 120 x 60 cm zewn\u0119trzny: 125 x 66 x 98 cm wysoko\u015bci dna od pod\u0142o\u017ca: 21cm \u2013 36cm \u2013 51cm materia\u0142y: p\u0142yta eko + p\u0142yta MDF + drewno sosnowe + sklejka li\u015bciasta Cechy i funkcje: 3 poziomy wysoko\u015bci dna \u0142\u00f3\u017ceczka Wyci\u0105gane szczeble Wi\u0119cej o produkcie: Trzy wyjmowane szczeble.<\/p>\n<h2>Klup\u015b \u0141\u00f3\u017ceczko Nati Koniczynka Bia\u0142y-Popiel Klup\u015b<\/h2>\n<p>ry\u017c z owocami, \u017cyczenia na lany poniedzia\u0142ek wielkanocny, paloma, nauka polskiego dla dzieci z ukrainy, test z dzieci z bullerbyn, pomys\u0142y na prezent dla nastolatki<\/p>\n<p>yyyyy<\/p>\n<p>&nbsp;<\/p>\n","protected":false},"excerpt":{"rendered":"<p>\u0141\u00f3\u017ceczko Nati Koniczynka bia\u0142y-popiel Opis produktu: wymiary: wewn\u0119trzny: 120 x 60 cm zewn\u0119trzny: 125 x 66 x 98 cm wysoko\u015bci dna od pod\u0142o\u017ca: 21cm \u2013 36cm \u2013 51cm materia\u0142y: p\u0142yta eko + p\u0142yta MDF + drewno sosnowe + sklejka li\u015bciasta Cechy i funkcje: 3 poziomy wysoko\u015bci dna \u0142\u00f3\u017ceczka Wyci\u0105gane szczeble Wi\u0119cej o produkcie: Trzy wyjmowane [&hellip;]<\/p>\n","protected":false},"featured_media":2807,"comment_status":"closed","ping_status":"open","template":"","meta":[],"product_cat":[957,935],"product_tag":[662,831,777,795,589,713],"class_list":["post-2806","product","type-product","status-publish","has-post-thumbnail","hentry","product_cat-klups","product_cat-lozeczka-dzieciece","product_tag-bajki-na-dobranoc","product_tag-bruno","product_tag-co-na-roczek","product_tag-mini-zoo-warszawa","product_tag-prezent-dla-rocznego-dziecka","product_tag-zagadki-logiczne-z-odpowiedziami"],"_links":{"self":[{"href":"http:\/\/klubmamgdynia.pl\/index.php\/wp-json\/wp\/v2\/product\/2806","targetHints":{"allow":["GET"]}}],"collection":[{"href":"http:\/\/klubmamgdynia.pl\/index.php\/wp-json\/wp\/v2\/product"}],"about":[{"href":"http:\/\/klubmamgdynia.pl\/index.php\/wp-json\/wp\/v2\/types\/product"}],"replies":[{"embeddable":true,"href":"http:\/\/klubmamgdynia.pl\/index.php\/wp-json\/wp\/v2\/comments?post=2806"}],"wp:featuredmedia":[{"embeddable":true,"href":"http:\/\/klubmamgdynia.pl\/index.php\/wp-json\/wp\/v2\/media\/2807"}],"wp:attachment":[{"href":"http:\/\/klubmamgdynia.pl\/index.php\/wp-json\/wp\/v2\/media?parent=2806"}],"wp:term":[{"taxonomy":"product_cat","embeddable":true,"href":"http:\/\/klubmamgdynia.pl\/index.php\/wp-json\/wp\/v2\/product_cat?post=2806"},{"taxonomy":"product_tag","embeddable":true,"href":"http:\/\/klubmamgdynia.pl\/index.php\/wp-json\/wp\/v2\/product_tag?post=2806"}],"curies":[{"name":"wp","href":"https:\/\/api.w.org\/{rel}","templated":true}]}}