{"id":2808,"date":"2019-01-06T12:58:09","date_gmt":"2019-01-06T11:58:09","guid":{"rendered":"http:\/\/klubmamgdynia.pl\/index.php\/produkt\/bebe-jou-bebe-jou-wanienka-thermo-biala-426001\/"},"modified":"2026-04-29T20:29:16","modified_gmt":"2026-04-29T18:29:16","slug":"bebe-jou-bebe-jou-wanienka-thermo-biala-426001","status":"publish","type":"product","link":"http:\/\/klubmamgdynia.pl\/index.php\/produkt\/bebe-jou-bebe-jou-wanienka-thermo-biala-426001\/","title":{"rendered":"BEBE-JOU &#8211; B\u00c9B\u00c9-JOU WANIENKA THERMO BIA\u0141A 426001"},"content":{"rendered":"<p>Wanienka Thermo bath z innowacyjnym systemem zintegrowanego termometru do mierzenia temperatury wody, aby k\u0105piel maluszka by\u0142a jak najbardziej bezpieczna i komfortowa. Wanienka zawiera dodatkowo dwa dyspensery na myde\u0142ko i szampon. Posiada wewn\u0105trz specjalny uskok, kt\u00f3ry zapewnia bezpiecze\u0144stwo dzieciom ju\u017c siedz\u0105cym. Wygodny system odp\u0142ywowy, kt\u00f3ry umo\u017cliwia szybkie opr\u00f3\u017cnienie wanienki. Wanienka jest obszerna, wygodna dla rodzic\u00f3w do k\u0105pieli dziecka. Wykonana z najbezpieczniejszego tworzywa PP (stosowanego przy produktach \u017cywno\u015bciowych). Mo\u017cliwo\u015b\u0107 monta\u017cu do stojaka Bebe-Jou z systemem Click. b\u00e9b\u00e9-jou to marka akcesori\u00f3w piel\u0119gnacyjnych dla dzieci, nale\u017c\u0105ca do rodzinnej firmy Atelier 49 Nederland, kt\u00f3ra od 1949 roku produkuje swoje produkty w Holandii. Cechuje j\u0105 najwy\u017csza jako\u015b\u0107 wykonania i pastelowy design. Wszystkie produkty marki s\u0105 tworzone z wysokiej jako\u015bci materia\u0142\u00f3w, niekt\u00f3re z nich, takie jak termometry k\u0105pielowe s\u0105 wytwarzane r\u0119cznie. Do produkcji materia\u0142\u00f3w z tworzywa stosuje si\u0119 tworzywo PP, kt\u00f3re jest bezpieczne (stosowane w produktach \u017cywno\u015bciowych) dla najm\u0142odszych dzieci. Kolor: bia\u0142yWymiary: 83,5 x 40 x 32 cm<\/p>\n<h2>BEBE-JOU &#8211; B\u00c9B\u00c9-JOU WANIENKA THERMO BIA\u0141A 426001 Bebe Jou<\/h2>\n<p>pokemony kolorowanka, test z lektury opowie\u015bci z narni lew czarownica i stara szafa, kolorowanki lego friends, kr\u00f3tkie zagadki dla doros\u0142ych, ozdoby na choinke przedszkole, jesienne zagadki, julian, dzie\u0144 pluszowego misia 2021, zagadki dla 7 latk\u00f3w, sta\u0142a pod \u015bniegiem, bajki na dobranoc psi patrol, ozdoby na choink\u0119 dla dzieci z papieru, zagadki dla dzieci 6-7 lat online, stolice europy quiz, jak namalowa\u0107 psa, zagadki dla dzieci 6 lat, rysunki dla pocz\u0105tkuj\u0105cych<\/p>\n<p>yyyyy<\/p>\n<p>&nbsp;<\/p>\n","protected":false},"excerpt":{"rendered":"<p>Wanienka Thermo bath z innowacyjnym systemem zintegrowanego termometru do mierzenia temperatury wody, aby k\u0105piel maluszka by\u0142a jak najbardziej bezpieczna i komfortowa. Wanienka zawiera dodatkowo dwa dyspensery na myde\u0142ko i szampon. Posiada wewn\u0105trz specjalny uskok, kt\u00f3ry zapewnia bezpiecze\u0144stwo dzieciom ju\u017c siedz\u0105cym. Wygodny system odp\u0142ywowy, kt\u00f3ry umo\u017cliwia szybkie opr\u00f3\u017cnienie wanienki. Wanienka jest obszerna, wygodna dla rodzic\u00f3w do [&hellip;]<\/p>\n","protected":false},"featured_media":2809,"comment_status":"closed","ping_status":"open","template":"","meta":[],"product_cat":[984,958],"product_tag":[593,851,720],"class_list":["post-2808","product","type-product","status-publish","has-post-thumbnail","hentry","product_cat-bebe-jou","product_cat-komody-kapielowe-wanienki-i-przewijaki","product_tag-jak-narysowac-konia","product_tag-jak-narysowac-kota","product_tag-malowanki"],"_links":{"self":[{"href":"http:\/\/klubmamgdynia.pl\/index.php\/wp-json\/wp\/v2\/product\/2808","targetHints":{"allow":["GET"]}}],"collection":[{"href":"http:\/\/klubmamgdynia.pl\/index.php\/wp-json\/wp\/v2\/product"}],"about":[{"href":"http:\/\/klubmamgdynia.pl\/index.php\/wp-json\/wp\/v2\/types\/product"}],"replies":[{"embeddable":true,"href":"http:\/\/klubmamgdynia.pl\/index.php\/wp-json\/wp\/v2\/comments?post=2808"}],"wp:featuredmedia":[{"embeddable":true,"href":"http:\/\/klubmamgdynia.pl\/index.php\/wp-json\/wp\/v2\/media\/2809"}],"wp:attachment":[{"href":"http:\/\/klubmamgdynia.pl\/index.php\/wp-json\/wp\/v2\/media?parent=2808"}],"wp:term":[{"taxonomy":"product_cat","embeddable":true,"href":"http:\/\/klubmamgdynia.pl\/index.php\/wp-json\/wp\/v2\/product_cat?post=2808"},{"taxonomy":"product_tag","embeddable":true,"href":"http:\/\/klubmamgdynia.pl\/index.php\/wp-json\/wp\/v2\/product_tag?post=2808"}],"curies":[{"name":"wp","href":"https:\/\/api.w.org\/{rel}","templated":true}]}}