{"id":2810,"date":"2014-10-21T21:55:54","date_gmt":"2014-10-21T19:55:54","guid":{"rendered":"http:\/\/klubmamgdynia.pl\/index.php\/produkt\/kiddymoon-suchy-basen-okragly-z-pileczkami-7cm-90x40-piankowy-ciemnoszary-szary-bialy-turkus-17707436\/"},"modified":"2026-05-17T22:03:01","modified_gmt":"2026-05-17T20:03:01","slug":"kiddymoon-suchy-basen-okragly-z-pileczkami-7cm-90x40-piankowy-ciemnoszary-szary-bialy-turkus-17707436","status":"publish","type":"product","link":"http:\/\/klubmamgdynia.pl\/index.php\/produkt\/kiddymoon-suchy-basen-okragly-z-pileczkami-7cm-90x40-piankowy-ciemnoszary-szary-bialy-turkus-17707436\/","title":{"rendered":"Kiddymoon Suchy basen okr\u0105g\u0142y z pi\u0142eczkami 7cm 90&#215;40 piankowy ciemnoszary szary-bia\u0142y-turkus (17707436)"},"content":{"rendered":"<p>Piankowy sensoryczny basen KiddyMoon to niesamowita zabawa dla Twojego dziecka!!! Z racji na sw\u00f3j kszta\u0142t i kolor daje du\u017co mo\u017cliwo\u015bci aran\u017cacyjnych wpasowuj\u0105c si\u0119 we wn\u0119trza zar\u00f3wno nowoczesne jak i klasyczne, pokoju dziecka jak i salonu. Charakteru nadaj\u0105 mu kolorystycznie dobrane wedle usposobienia i upodoba\u0144 dziecka pi\u0142eczki, kt\u00f3re razem tworz\u0105 integralne gotowe zestawy. Dzi\u0119ki \u017cywym kolorom basen jest r\u00f3wnie\u017c niezwykle przydatny w terapii integracji sensorycznej Twojego malucha &#8211; pozytywnie wp\u0142ywa na jego zdolno\u015bci wzrokowe, manualne i og\u00f3lny rozw\u00f3j dziecka.W\u0142a\u015bciwo\u015bci basenu:- idealny zar\u00f3wno do zabawy jak i w rozwoju i terapii integracji sensorycznej- produkt solidny i trwa\u0142y, odporny na uszkodzenia w ca\u0142o\u015bci wykonany z najwy\u017cszej jako\u015bci pianki- pokryty pokrowcem wykonanym z przyjemnej w dotyku dzianiny w wielu atrakcyjnych kolorach- zdejmowany pokrowiec, zapinany na zamek b\u0142yskawiczny umo\u017cliwia upranie go w pralce (pranie w 30\u00b0C), dzi\u0119ki czemu produkt pozostaje d\u0142ugo schludny i atrakcyjnySk\u0142ad: 42% bawe\u0142na, 50% poliester, 8% elastan.Wymiary basenu:- okr\u0105g\u0142y o \u015brednicy: 90 cm i wysoko\u015bci 40 cm- stabilne boki o grubo\u015bci 5 cm oraz dno wykonane z pianki.W zestawie z suchym basenem znajduje si\u0119 200 lub 300 sztuk kolorowych bezpiecznych dla dzieci pi\u0142eczek o \u015brednicy 7 cm. Pi\u0142eczki wyprodukowane s\u0105 w Europie z nietoksycznego materia\u0142u. Posiadaj\u0105 certyfikat CE. Przyjemne i lekkie a zarazem elastyczne i odporne na zniekszta\u0142cenia : po \u015bci\u015bni\u0119ciu odzyskuj\u0105 sw\u00f3j pierwotny kszta\u0142t nie robi\u0105c dziecku krzywdy.Sk\u0142ad pi\u0142eczek: 100% polietylen.Baseny oraz pi\u0142eczki KiddyMoon s\u0105 produkowane wy\u0142\u0105cznie z atestowanych, wysokiej jako\u015bci materia\u0142\u00f3w.Zabawa powinna odbywa\u0107 si\u0119 pod opiek\u0105 osoby doros\u0142ej.<\/p>\n<h2>Kiddymoon Suchy basen okr\u0105g\u0142y z pi\u0142eczkami 7cm 90&#215;40 piankowy ciemnoszary szary-bia\u0142y-turkus (17707436) KiddyMoon<\/h2>\n<p>menu na urodziny dziecka, wiersze o wio\u015bnie jana brzechwy, zagadki \u015bwi\u0105teczne dla dzieci, kolorowanki do druku, wpad\u0142a bomba do piwnicy, \u015bwinka peppa bajki do czytania, rozrywka dla dzieci, zagadki zagadki, dziecko cytaty z\u0142ote my\u015bli, uk\u0142ad s\u0142oneczny do druku, szablon zaproszenia na urodziny do wydruku czarno bia\u0142e, kolorowanka myszka minnie, plac zamkowy, by\u0142a sobie \u017cabka ma\u0142a tekst, prezent dla 14 latki, Keyword, podchwytliwe zagadki i odpowiedzi<\/p>\n<p>yyyyy<\/p>\n<p>&nbsp;<\/p>\n","protected":false},"excerpt":{"rendered":"<p>Piankowy sensoryczny basen KiddyMoon to niesamowita zabawa dla Twojego dziecka!!! Z racji na sw\u00f3j kszta\u0142t i kolor daje du\u017co mo\u017cliwo\u015bci aran\u017cacyjnych wpasowuj\u0105c si\u0119 we wn\u0119trza zar\u00f3wno nowoczesne jak i klasyczne, pokoju dziecka jak i salonu. Charakteru nadaj\u0105 mu kolorystycznie dobrane wedle usposobienia i upodoba\u0144 dziecka pi\u0142eczki, kt\u00f3re razem tworz\u0105 integralne gotowe zestawy. Dzi\u0119ki \u017cywym kolorom [&hellip;]<\/p>\n","protected":false},"featured_media":2811,"comment_status":"closed","ping_status":"open","template":"","meta":[],"product_cat":[922,346],"product_tag":[768,774,625,860,791,634],"class_list":["post-2810","product","type-product","status-publish","has-post-thumbnail","hentry","product_cat-baseny-dla-dzieci","product_cat-kiddymoon","product_tag-krotkie-zagadki-logiczne","product_tag-prezent-na-roczek-nie-zabawka","product_tag-trojmiasto-atrakcje-dla-dzieci","product_tag-zagadki-logiczne-dla-doroslych","product_tag-zagadki-na-myslenie","product_tag-zagadki-wielkanocne-dla-dzieci"],"_links":{"self":[{"href":"http:\/\/klubmamgdynia.pl\/index.php\/wp-json\/wp\/v2\/product\/2810","targetHints":{"allow":["GET"]}}],"collection":[{"href":"http:\/\/klubmamgdynia.pl\/index.php\/wp-json\/wp\/v2\/product"}],"about":[{"href":"http:\/\/klubmamgdynia.pl\/index.php\/wp-json\/wp\/v2\/types\/product"}],"replies":[{"embeddable":true,"href":"http:\/\/klubmamgdynia.pl\/index.php\/wp-json\/wp\/v2\/comments?post=2810"}],"wp:featuredmedia":[{"embeddable":true,"href":"http:\/\/klubmamgdynia.pl\/index.php\/wp-json\/wp\/v2\/media\/2811"}],"wp:attachment":[{"href":"http:\/\/klubmamgdynia.pl\/index.php\/wp-json\/wp\/v2\/media?parent=2810"}],"wp:term":[{"taxonomy":"product_cat","embeddable":true,"href":"http:\/\/klubmamgdynia.pl\/index.php\/wp-json\/wp\/v2\/product_cat?post=2810"},{"taxonomy":"product_tag","embeddable":true,"href":"http:\/\/klubmamgdynia.pl\/index.php\/wp-json\/wp\/v2\/product_tag?post=2810"}],"curies":[{"name":"wp","href":"https:\/\/api.w.org\/{rel}","templated":true}]}}