{"id":2812,"date":"2024-09-24T16:17:10","date_gmt":"2024-09-24T14:17:10","guid":{"rendered":"http:\/\/klubmamgdynia.pl\/?post_type=product&#038;p=2812"},"modified":"2026-05-17T22:43:16","modified_gmt":"2026-05-17T20:43:16","slug":"klups-noah-komoda-z-przewijakiem-bialy-dab","status":"publish","type":"product","link":"http:\/\/klubmamgdynia.pl\/index.php\/produkt\/klups-noah-komoda-z-przewijakiem-bialy-dab\/","title":{"rendered":"Klup\u015b Noah Komoda Z Przewijakiem Bia\u0142y-D\u0105b"},"content":{"rendered":"<p>KOMODA NOAH Z PRZEWIJAKIEM BIA\u0141Y D\u0104BHarmonijne zestawienie szlachetnej bieli oraz naturalnego wyko\u0144czenia sprawi, \u017ce meble NOAH pos\u0142u\u017c\u0105 nie tylko niemowlakowi. Zdejmuj\u0105c przewijak z komody uzyskacie mebel, kt\u00f3ry b\u0119dzie eleganckim uzupe\u0142nieniem nie tylko pokoju dzieci\u0119cego. Mi\u0119kkie w dotyku sk\u00f3rzane uchwyty uczyni\u0105 korzystanie z komody przyjemnym. D\u0119bowe n\u00f3\u017cki dodatkowo podkre\u015blaj\u0105 stylowy charakter zestawu.Komoda Klup\u015b Noah to mebel, kt\u00f3ry w pokoju dzieci\u0119cym zago\u015bci\u0107 mo\u017ce na wiele lat.D\u0119bowe zdobienia:N\u00f3\u017cki \u0142\u00f3\u017cka dzieci\u0119cego NOAH zosta\u0142y wykonane z litego d\u0119bu czyni\u0105c ca\u0142\u0105 kolekcj\u0119 bardzo szykown\u0105. Ten element jak i uchwyty wykonujemy u siebie na miejscu.Sk\u00f3rzane uchwyty:Sk\u00f3rzane uchwyty w neutralnym kolorze wsp\u00f3\u0142graj\u0105 z d\u0119bowym kolorem n\u00f3\u017cek.Przewijak na komod\u0119:Ka\u017cda nasza komoda, standardowo zosta\u0142a wyposa\u017cona w nak\u0142adk\u0119, w kt\u00f3rej usadowimy oddzielny materia\u0142owy przewijak.Komplet w p\u00f3\u017aniejszym czasie mo\u017ce znakomicie znale\u017a\u0107 swoje miejsce w sypialni rodzic\u00f3w lub w domowym biurze.WYMIARY:komody bez przewijaka: 87,5 x 83 x 53 cmkomody z przewijakiem: 94,5 x 83 x 72 cmwewn\u0119trzne szuflad szerokich: 15 x70 x 44 cmwewn\u0119trzne szuflad w\u0105skich: 15 x 31 x 44 cmmiejsca na przewijak: 70 x 48 cmprzewijak jest cz\u0119\u015bci\u0105 komodykomoda mo\u017ce by\u0107 zmontowana bez przewijakamalowany MDF + drewno d\u0119bowe + p\u0142yta wi\u00f3rowa<\/p>\n<h2>Klup\u015b Noah Komoda Z Przewijakiem Bia\u0142y-D\u0105b Klup\u015b<\/h2>\n<p>minecraft kolorowanki, filmy wigilijne dla dzieci, prezent na roczek dla chlopca, quiz online, prezent dla nastolatk\u00f3w na \u015bwi\u0119ta, konkurencje sportowe dla dzieci<\/p>\n<p>yyyyy<\/p>\n<p>&nbsp;<\/p>\n","protected":false},"excerpt":{"rendered":"<p>KOMODA NOAH Z PRZEWIJAKIEM BIA\u0141Y D\u0104BHarmonijne zestawienie szlachetnej bieli oraz naturalnego wyko\u0144czenia sprawi, \u017ce meble NOAH pos\u0142u\u017c\u0105 nie tylko niemowlakowi. Zdejmuj\u0105c przewijak z komody uzyskacie mebel, kt\u00f3ry b\u0119dzie eleganckim uzupe\u0142nieniem nie tylko pokoju dzieci\u0119cego. Mi\u0119kkie w dotyku sk\u00f3rzane uchwyty uczyni\u0105 korzystanie z komody przyjemnym. D\u0119bowe n\u00f3\u017cki dodatkowo podkre\u015blaj\u0105 stylowy charakter zestawu.Komoda Klup\u015b Noah to mebel, [&hellip;]<\/p>\n","protected":false},"featured_media":2813,"comment_status":"closed","ping_status":"open","template":"","meta":[],"product_cat":[957,958],"product_tag":[836,790,583],"class_list":["post-2812","product","type-product","status-publish","has-post-thumbnail","hentry","product_cat-klups","product_cat-komody-kapielowe-wanienki-i-przewijaki","product_tag-co-kupic-dziecku-na-roczek","product_tag-gry-planszowe-dla-nastolatkow","product_tag-kolysanki-dla-dzieci-tekst"],"_links":{"self":[{"href":"http:\/\/klubmamgdynia.pl\/index.php\/wp-json\/wp\/v2\/product\/2812","targetHints":{"allow":["GET"]}}],"collection":[{"href":"http:\/\/klubmamgdynia.pl\/index.php\/wp-json\/wp\/v2\/product"}],"about":[{"href":"http:\/\/klubmamgdynia.pl\/index.php\/wp-json\/wp\/v2\/types\/product"}],"replies":[{"embeddable":true,"href":"http:\/\/klubmamgdynia.pl\/index.php\/wp-json\/wp\/v2\/comments?post=2812"}],"wp:featuredmedia":[{"embeddable":true,"href":"http:\/\/klubmamgdynia.pl\/index.php\/wp-json\/wp\/v2\/media\/2813"}],"wp:attachment":[{"href":"http:\/\/klubmamgdynia.pl\/index.php\/wp-json\/wp\/v2\/media?parent=2812"}],"wp:term":[{"taxonomy":"product_cat","embeddable":true,"href":"http:\/\/klubmamgdynia.pl\/index.php\/wp-json\/wp\/v2\/product_cat?post=2812"},{"taxonomy":"product_tag","embeddable":true,"href":"http:\/\/klubmamgdynia.pl\/index.php\/wp-json\/wp\/v2\/product_tag?post=2812"}],"curies":[{"name":"wp","href":"https:\/\/api.w.org\/{rel}","templated":true}]}}