{"id":2816,"date":"2021-04-18T04:14:42","date_gmt":"2021-04-18T02:14:42","guid":{"rendered":"http:\/\/klubmamgdynia.pl\/index.php\/produkt\/madej-namiot-ogrodowy-100x100x115-cm-dino-pokrowiec-006209\/"},"modified":"2026-04-06T12:03:32","modified_gmt":"2026-04-06T10:03:32","slug":"madej-namiot-ogrodowy-100x100x115-cm-dino-pokrowiec-006209","status":"publish","type":"product","link":"http:\/\/klubmamgdynia.pl\/index.php\/produkt\/madej-namiot-ogrodowy-100x100x115-cm-dino-pokrowiec-006209\/","title":{"rendered":"Madej Namiot Ogrodowy 100X100X115 Cm Dino Pokrowiec 006209"},"content":{"rendered":"<p>Opis: Namiot Namiot o wymiarach 130 x 100 cm.Nr katalogowy: 006209 Obszar: OgrodoweRodzaj: Namioty i \u015bpiworyWymagania wiekowe: 3P\u0142e\u0107: Ch\u0142opcyP\u0142e\u0107: DziewczynkiProdukt na baterie: NieBaterie w zestawie: NieZasilanie: Nie dotyczyKolor: ZielonyKolor: Wz\u00f3rWymiary: 130 x 100 cm&#8230;<\/p>\n<h2>Madej Namiot Ogrodowy 100X100X115 Cm Dino Pokrowiec 006209 Madej<\/h2>\n<p>zdania do pisania dla dzieci do wydruku, ma\u0142o nas do pieczenia chleba, prezenty na urodziny dla nastolatk\u00f3w, dymitr, zabawka dla rocznej dziewczynki, wiersz o marzannie, opisy o rodzinie, kolorowanka harry potter, flagi do druku<\/p>\n<p>yyyyy<\/p>\n<p>&nbsp;<\/p>\n","protected":false},"excerpt":{"rendered":"<p>Opis: Namiot Namiot o wymiarach 130 x 100 cm.Nr katalogowy: 006209 Obszar: OgrodoweRodzaj: Namioty i \u015bpiworyWymagania wiekowe: 3P\u0142e\u0107: Ch\u0142opcyP\u0142e\u0107: DziewczynkiProdukt na baterie: NieBaterie w zestawie: NieZasilanie: Nie dotyczyKolor: ZielonyKolor: Wz\u00f3rWymiary: 130 x 100 cm&#8230; Madej Namiot Ogrodowy 100X100X115 Cm Dino Pokrowiec 006209 Madej zdania do pisania dla dzieci do wydruku, ma\u0142o nas do pieczenia chleba, [&hellip;]<\/p>\n","protected":false},"featured_media":2817,"comment_status":"closed","ping_status":"open","template":"","meta":[],"product_cat":[282,70],"product_tag":[817,716,669,858,713],"class_list":["post-2816","product","type-product","status-publish","has-post-thumbnail","hentry","product_cat-domki-i-namioty-dla-dzieci","product_cat-madej","product_tag-bajka-terapeutyczna-o-emocjach","product_tag-filmy-animowane-o-swietach","product_tag-kolorowanki","product_tag-podchwytliwe-zagadki","product_tag-zagadki-logiczne-z-odpowiedziami"],"_links":{"self":[{"href":"http:\/\/klubmamgdynia.pl\/index.php\/wp-json\/wp\/v2\/product\/2816","targetHints":{"allow":["GET"]}}],"collection":[{"href":"http:\/\/klubmamgdynia.pl\/index.php\/wp-json\/wp\/v2\/product"}],"about":[{"href":"http:\/\/klubmamgdynia.pl\/index.php\/wp-json\/wp\/v2\/types\/product"}],"replies":[{"embeddable":true,"href":"http:\/\/klubmamgdynia.pl\/index.php\/wp-json\/wp\/v2\/comments?post=2816"}],"wp:featuredmedia":[{"embeddable":true,"href":"http:\/\/klubmamgdynia.pl\/index.php\/wp-json\/wp\/v2\/media\/2817"}],"wp:attachment":[{"href":"http:\/\/klubmamgdynia.pl\/index.php\/wp-json\/wp\/v2\/media?parent=2816"}],"wp:term":[{"taxonomy":"product_cat","embeddable":true,"href":"http:\/\/klubmamgdynia.pl\/index.php\/wp-json\/wp\/v2\/product_cat?post=2816"},{"taxonomy":"product_tag","embeddable":true,"href":"http:\/\/klubmamgdynia.pl\/index.php\/wp-json\/wp\/v2\/product_tag?post=2816"}],"curies":[{"name":"wp","href":"https:\/\/api.w.org\/{rel}","templated":true}]}}