{"id":2818,"date":"2022-11-15T06:45:43","date_gmt":"2022-11-15T05:45:43","guid":{"rendered":"http:\/\/klubmamgdynia.pl\/?post_type=product&#038;p=2818"},"modified":"2026-04-06T14:49:57","modified_gmt":"2026-04-06T12:49:57","slug":"cobi-samochod-skoda-scala-1-0-tsi-24582","status":"publish","type":"product","link":"http:\/\/klubmamgdynia.pl\/index.php\/produkt\/cobi-samochod-skoda-scala-1-0-tsi-24582\/","title":{"rendered":"Cobi Samoch\u00f3d Skoda Scala 1.0 Tsi 24582"},"content":{"rendered":"<p>Opis: \u0160koda Scala 1.0 TSI \u0160koda Scala to popularny 5-drzwiowy hatchback z segmentu samochod\u00f3w kompaktowych. Produkowany od 2019 roku z powodzeniem zast\u0105pi\u0142 wcze\u015bniejszy model Rapid. Jest od niego wi\u0119kszy i charakteryzuje si\u0119 wy\u017cszym standardem wykonania. Nazwa samochodu pochodzi z j\u0119zyka \u0142aci\u0144skiego i oznacza schody b\u0105d\u017a drabin\u0119. Jest to nawi\u0105zanie do rozwoju, jaki si\u0119 dokona\u0142 na tle \u0160kody Rapid. Model z klock\u00f3w konstrukcyjnych COBI bardzo wiernie oddaje charakterystyczne kszta\u0142ty oryginalnego samochodu, \u0160koda Scala. Dzi\u0119ki 70 elementom mo\u017cliwe s\u0105 drobne modyfikacje i przer\u00f3bki pojazdu. Na klockach znajduj\u0105 si\u0119 trwa\u0142e nadruki, kt\u00f3re nie \u015bcieraj\u0105 si\u0119 nawet w trakcie intensywnego u\u017cytkowania. Obracaj\u0105ce si\u0119 ko\u0142a wyposa\u017cone w opony idealnie nadaj\u0105 si\u0119 do poruszania modelem w trakcie zabawy. Klockowy model samochodu doskonale uzupe\u0142nia kolekcj\u0119 samochod\u00f3w wsp\u00f3\u0142czesnych, youngtimer\u00f3w oraz aut historycznych wydawanych przez COBI w modelarskiej skali 1:35. \u0160koda Scala to \u015bwietny pomys\u0142 na upominek dla mi\u0142o\u015bnik\u00f3w motoryzacji, kolekcjoner\u00f3w, a tak\u017ce dzieci i m\u0142odzie\u017cy zainteresowanych motoryzacj\u0105 i technik\u0105. Dzi\u0119ki czytelnej i przejrzystej instrukcji klockowe auta s\u0105 proste w budowie. To idealny zestaw na pocz\u0105tek przygody z Polskimi klockami konstrukcyjnymi COBI! 70 wysokiej jako\u015bci element\u00f3w Wyprodukowane w UE przez firm\u0119 z ponad 20-letni\u0105 tradycj\u0105 Spe\u0142niaj\u0105 normy bezpiecze\u0144stwa dotycz\u0105ce produkt\u00f3w dla dzieci Klocki z nadrukami nie odkszta\u0142caj\u0105 si\u0119 i nie bledn\u0105 w czasie zabawy czy pod wp\u0142ywem temperatury Czytelna i intuicyjna instrukcja oparta na rysunkach i ikonach Nr katalogowy: 24582Seria: SkodaMarka: BrakWymagania wiekowe: 5P\u0142e\u0107: Ch\u0142opcyP\u0142e\u0107: DziewczynkiLiczba element\u00f3w: 70Rozmiar zestawu: Ma\u0142yWymiary: 12,5 x 6,5 x 4,5 cm&#8230;<\/p>\n<h2>Cobi Samoch\u00f3d Skoda Scala 1.0 Tsi 24582 Cobi<\/h2>\n<p>star wars kolorowanki, gad\u017cety dla nastolatk\u00f3w 2021, pewna \u017caba by\u0142a s\u0142aba, imiona dla dzieci 2019, anio\u0142ki w niebie pisz\u0105, smieszne zagadki, afryka\u0144skie imiona, ozdoby wielkanocne kt\u00f3re mog\u0105 zrobi\u0107 dzieci, menu urodzinowe dla dzieci w wieku 8 10 lat, testy z lektury opowie\u015bci z narnii lew czarownica i stara szafa, najlepsze pranki na prima aprilis, zagadka nie do rozwi\u0105zania, quiz bo\u017ce narodzenie, koty kolorowanki, nowe quizy do rozwi\u0105zania, maska karnawa\u0142owa pdf, zagadki dla dzieci 7 lat<\/p>\n<p>yyyyy<\/p>\n<p>&nbsp;<\/p>\n","protected":false},"excerpt":{"rendered":"<p>Opis: \u0160koda Scala 1.0 TSI \u0160koda Scala to popularny 5-drzwiowy hatchback z segmentu samochod\u00f3w kompaktowych. Produkowany od 2019 roku z powodzeniem zast\u0105pi\u0142 wcze\u015bniejszy model Rapid. Jest od niego wi\u0119kszy i charakteryzuje si\u0119 wy\u017cszym standardem wykonania. Nazwa samochodu pochodzi z j\u0119zyka \u0142aci\u0144skiego i oznacza schody b\u0105d\u017a drabin\u0119. Jest to nawi\u0105zanie do rozwoju, jaki si\u0119 dokona\u0142 na [&hellip;]<\/p>\n","protected":false},"featured_media":2819,"comment_status":"closed","ping_status":"open","template":"","meta":[],"product_cat":[484,113],"product_tag":[680,790,858],"class_list":["post-2818","product","type-product","status-publish","has-post-thumbnail","hentry","product_cat-cobi","product_cat-klocki","product_tag-cytaty-z-malego-ksiecia","product_tag-gry-planszowe-dla-nastolatkow","product_tag-podchwytliwe-zagadki"],"_links":{"self":[{"href":"http:\/\/klubmamgdynia.pl\/index.php\/wp-json\/wp\/v2\/product\/2818","targetHints":{"allow":["GET"]}}],"collection":[{"href":"http:\/\/klubmamgdynia.pl\/index.php\/wp-json\/wp\/v2\/product"}],"about":[{"href":"http:\/\/klubmamgdynia.pl\/index.php\/wp-json\/wp\/v2\/types\/product"}],"replies":[{"embeddable":true,"href":"http:\/\/klubmamgdynia.pl\/index.php\/wp-json\/wp\/v2\/comments?post=2818"}],"wp:featuredmedia":[{"embeddable":true,"href":"http:\/\/klubmamgdynia.pl\/index.php\/wp-json\/wp\/v2\/media\/2819"}],"wp:attachment":[{"href":"http:\/\/klubmamgdynia.pl\/index.php\/wp-json\/wp\/v2\/media?parent=2818"}],"wp:term":[{"taxonomy":"product_cat","embeddable":true,"href":"http:\/\/klubmamgdynia.pl\/index.php\/wp-json\/wp\/v2\/product_cat?post=2818"},{"taxonomy":"product_tag","embeddable":true,"href":"http:\/\/klubmamgdynia.pl\/index.php\/wp-json\/wp\/v2\/product_tag?post=2818"}],"curies":[{"name":"wp","href":"https:\/\/api.w.org\/{rel}","templated":true}]}}