{"id":2820,"date":"2021-11-15T21:44:49","date_gmt":"2021-11-15T20:44:49","guid":{"rendered":"http:\/\/klubmamgdynia.pl\/index.php\/produkt\/sluban-klocki-transporter-ciezarowka-wojsko-armia\/"},"modified":"2026-04-11T13:09:43","modified_gmt":"2026-04-11T11:09:43","slug":"sluban-klocki-transporter-ciezarowka-wojsko-armia","status":"publish","type":"product","link":"http:\/\/klubmamgdynia.pl\/index.php\/produkt\/sluban-klocki-transporter-ciezarowka-wojsko-armia\/","title":{"rendered":"Sluban Klocki Transporter Ci\u0119\u017car\u00f3wka Wojsko Armia"},"content":{"rendered":"<p>805826 KLOCKI POJAZD MILITARNY WOJSKOWY CI\u0118\u017bAR\u00d3WKA 80 ELIlo\u015b\u0107 element\u00f3w w opakowaniu: 80 el.Wymiary opakowania : 19 cm x 14 cm x 5 cm<\/p>\n<h2>Sluban Klocki Transporter Ci\u0119\u017car\u00f3wka Wojsko Armia Sluban<\/h2>\n<p>zagatki matematyczne, jedzie poci\u0105g z daleka tekst, karmen imie, iwo, calineczka test z odpowiedziami, co kupi\u0107 ch\u0142opcu na roczek, znaczenie imiona alan, malowanki, zagadki halloween dla dzieci, kolorowanka peppa, zagadki podchwytliwe, kolorowanki kotka<\/p>\n<p>yyyyy<\/p>\n<p>&nbsp;<\/p>\n","protected":false},"excerpt":{"rendered":"<p>805826 KLOCKI POJAZD MILITARNY WOJSKOWY CI\u0118\u017bAR\u00d3WKA 80 ELIlo\u015b\u0107 element\u00f3w w opakowaniu: 80 el.Wymiary opakowania : 19 cm x 14 cm x 5 cm Sluban Klocki Transporter Ci\u0119\u017car\u00f3wka Wojsko Armia Sluban zagatki matematyczne, jedzie poci\u0105g z daleka tekst, karmen imie, iwo, calineczka test z odpowiedziami, co kupi\u0107 ch\u0142opcu na roczek, znaczenie imiona alan, malowanki, zagadki halloween [&hellip;]<\/p>\n","protected":false},"featured_media":2821,"comment_status":"closed","ping_status":"open","template":"","meta":[],"product_cat":[113,513],"product_tag":[652,614,649],"class_list":["post-2820","product","type-product","status-publish","has-post-thumbnail","hentry","product_cat-klocki","product_cat-sluban","product_tag-otto","product_tag-pia","product_tag-zagadki-dla-nastolatkow"],"_links":{"self":[{"href":"http:\/\/klubmamgdynia.pl\/index.php\/wp-json\/wp\/v2\/product\/2820","targetHints":{"allow":["GET"]}}],"collection":[{"href":"http:\/\/klubmamgdynia.pl\/index.php\/wp-json\/wp\/v2\/product"}],"about":[{"href":"http:\/\/klubmamgdynia.pl\/index.php\/wp-json\/wp\/v2\/types\/product"}],"replies":[{"embeddable":true,"href":"http:\/\/klubmamgdynia.pl\/index.php\/wp-json\/wp\/v2\/comments?post=2820"}],"wp:featuredmedia":[{"embeddable":true,"href":"http:\/\/klubmamgdynia.pl\/index.php\/wp-json\/wp\/v2\/media\/2821"}],"wp:attachment":[{"href":"http:\/\/klubmamgdynia.pl\/index.php\/wp-json\/wp\/v2\/media?parent=2820"}],"wp:term":[{"taxonomy":"product_cat","embeddable":true,"href":"http:\/\/klubmamgdynia.pl\/index.php\/wp-json\/wp\/v2\/product_cat?post=2820"},{"taxonomy":"product_tag","embeddable":true,"href":"http:\/\/klubmamgdynia.pl\/index.php\/wp-json\/wp\/v2\/product_tag?post=2820"}],"curies":[{"name":"wp","href":"https:\/\/api.w.org\/{rel}","templated":true}]}}