{"id":2822,"date":"2023-12-15T18:48:01","date_gmt":"2023-12-15T17:48:01","guid":{"rendered":"http:\/\/klubmamgdynia.pl\/?post_type=product&#038;p=2822"},"modified":"2026-04-07T11:35:55","modified_gmt":"2026-04-07T09:35:55","slug":"windi-kateter-rektalny-10-szt","status":"publish","type":"product","link":"http:\/\/klubmamgdynia.pl\/index.php\/produkt\/windi-kateter-rektalny-10-szt\/","title":{"rendered":"Windi Kateter rektalny 10 szt."},"content":{"rendered":"<p>Windi jest bezpiecznym, szwedzkim wyrobem medycznym przeznaczonym do usuwania gaz\u00f3w z uk\u0142adu wydalniczego niemowl\u0105t. Stosowany zgodnie z instrukcj\u0105 nie podra\u017cnia b\u0142ony \u015bluzowej odbytu. Pomaga unikn\u0105\u0107 stosowania preparat\u00f3w farmaceutycznych. Ostrze\u017cenie: Nie zostawia\u0107 rurki Windi w odbycie dziecka! Po ka\u017cdorazowym zabiegu rurk\u0119 Windi nale\u017cy wyrzuci\u0107. Ponowne u\u017cycie tego samego przyrz\u0105du Windi mo\u017ce stanowi\u0107 ryzyko infekcji. Nie u\u017cywa\u0107 Windi cz\u0119\u015bciej ni\u017c trzy razy na dob\u0119.                            <\/p>\n<p>            Spos\u00f3b u\u017cycia<\/p>\n<p>Krok 1: Delikatnie rozmasuj brzuszek dziecka zgodnie z ruchem wskaz\u00f3wek zegara kieruj\u0105c si\u0119 do do\u0142u. Krok 2: Nat\u0142u\u015b\u0107 ko\u0144c\u00f3wk\u0119 katetera Windi, na przyk\u0142ad olejem kokosowym lub lubrykantem z atestem dla niemowl\u0105t. Krok 3: Unie\u015b n\u00f3\u017cki dziecka i przygotuj pieluch\u0119. Krok 4: Delikatnie wprowad\u017a ko\u0144c\u00f3wk\u0119 katetera Windi do odbytu. Odczekaj kilkana\u015bcie sekund, a\u017c us\u0142yszysz wydostaj\u0105ce si\u0119 na zewn\u0105trz gazy. W razie potrzeby czynno\u015b\u0107 powt\u00f3rz. Po usuni\u0119ciu gaz\u00f3w, wyjmij i wyrzu\u0107 u\u017cyty kateter.<\/p>\n<h2>Windi Kateter rektalny 10 szt. Frida<\/h2>\n<p>cytaty o macierzy\u0144stwie, quiz samochodowy, bajka terapeutyczna o dokuczaniu, ozdoby choinkowe dla dzieci, kolorowanki, stare wierszyki dla dzieci<\/p>\n<p>yyyyy<\/p>\n<p>&nbsp;<\/p>\n","protected":false},"excerpt":{"rendered":"<p>Windi jest bezpiecznym, szwedzkim wyrobem medycznym przeznaczonym do usuwania gaz\u00f3w z uk\u0142adu wydalniczego niemowl\u0105t. Stosowany zgodnie z instrukcj\u0105 nie podra\u017cnia b\u0142ony \u015bluzowej odbytu. Pomaga unikn\u0105\u0107 stosowania preparat\u00f3w farmaceutycznych. Ostrze\u017cenie: Nie zostawia\u0107 rurki Windi w odbycie dziecka! Po ka\u017cdorazowym zabiegu rurk\u0119 Windi nale\u017cy wyrzuci\u0107. Ponowne u\u017cycie tego samego przyrz\u0105du Windi mo\u017ce stanowi\u0107 ryzyko infekcji. Nie u\u017cywa\u0107 [&hellip;]<\/p>\n","protected":false},"featured_media":2823,"comment_status":"closed","ping_status":"open","template":"","meta":[],"product_cat":[985,956],"product_tag":[765,763,830],"class_list":["post-2822","product","type-product","status-publish","has-post-thumbnail","hentry","product_cat-dzieci-i-niemowleta","product_cat-frida","product_tag-atrakcje-dla-dzieci-warszawa","product_tag-fabian","product_tag-rodzina-cytaty"],"_links":{"self":[{"href":"http:\/\/klubmamgdynia.pl\/index.php\/wp-json\/wp\/v2\/product\/2822","targetHints":{"allow":["GET"]}}],"collection":[{"href":"http:\/\/klubmamgdynia.pl\/index.php\/wp-json\/wp\/v2\/product"}],"about":[{"href":"http:\/\/klubmamgdynia.pl\/index.php\/wp-json\/wp\/v2\/types\/product"}],"replies":[{"embeddable":true,"href":"http:\/\/klubmamgdynia.pl\/index.php\/wp-json\/wp\/v2\/comments?post=2822"}],"wp:featuredmedia":[{"embeddable":true,"href":"http:\/\/klubmamgdynia.pl\/index.php\/wp-json\/wp\/v2\/media\/2823"}],"wp:attachment":[{"href":"http:\/\/klubmamgdynia.pl\/index.php\/wp-json\/wp\/v2\/media?parent=2822"}],"wp:term":[{"taxonomy":"product_cat","embeddable":true,"href":"http:\/\/klubmamgdynia.pl\/index.php\/wp-json\/wp\/v2\/product_cat?post=2822"},{"taxonomy":"product_tag","embeddable":true,"href":"http:\/\/klubmamgdynia.pl\/index.php\/wp-json\/wp\/v2\/product_tag?post=2822"}],"curies":[{"name":"wp","href":"https:\/\/api.w.org\/{rel}","templated":true}]}}