{"id":2824,"date":"2022-10-31T08:53:36","date_gmt":"2022-10-31T07:53:36","guid":{"rendered":"http:\/\/klubmamgdynia.pl\/?post_type=product&#038;p=2824"},"modified":"2026-04-30T17:15:11","modified_gmt":"2026-04-30T15:15:11","slug":"ecoiffier-vert-azur-moja-pierwsza-kuchnia-niebieska-18-akcesoriow-zabawka","status":"publish","type":"product","link":"http:\/\/klubmamgdynia.pl\/index.php\/produkt\/ecoiffier-vert-azur-moja-pierwsza-kuchnia-niebieska-18-akcesoriow-zabawka\/","title":{"rendered":"Ecoiffier Vert Azur Moja Pierwsza Kuchnia Niebieska 18 Akcesori\u00f3w &#8211; Zabawka"},"content":{"rendered":"<p>Kuchnia Ecoiffier zachwyci najm\u0142odszych kucharzy! Posiada zlewozmywak, kuchenk\u0119, piekarnik, ekspres do kawy,p\u00f3\u0142eczki do przechowywania oraz akcesoria kuchenne i spo\u017cywcze. Zabawka daje mo\u017cliwo\u015b\u0107 zabawy w odgrywanie r\u00f3l oraz pomaga w rozwoju emocjonalnym i spo\u0142ecznym dziecka. Seria Vert Azur powsta\u0142a z odpad\u00f3w po produkcji zabawek Ecoiffier, opakowanie w 100% pochodzi z recyklingu. Charakterystyka:- Kuchnia posiada: kuchenk\u0119, piekarnik, automat do sok\u00f3w, p\u00f3\u0142eczki do przechowywania oraz akcesoria kuchenne i spo\u017cywcze- Doskona\u0142y zestaw do zabawy w gotowanie- W delikatnej niebieskiej kolorystyce- Wykonana z najwy\u017cszej jako\u015bci materia\u0142\u00f3wEcoiffier to jedna z marek popularnego producenta zabawek, jakim jest Smoby. Zabawki tego producenta zawsze charakteryzuje wysoka jako\u015b\u0107, kt\u00f3rej mo\u017cna \u015bmia\u0142o zaufa\u0107. S\u0105 to zabawki, kt\u00f3re s\u0142u\u017c\u0105 zawsze wiele lat i nie sprawiaj\u0105 \u017cadnych problem\u00f3w. S\u0105 to mi\u0119dzy innymi klocki dla kreatywnych dzieci, w\u00f3zki dla lalek, zestawy do kuchni dla dzieci, same kuchnie, ale tak\u017ce traktorki, ma\u0142e AGD, czy zestawy plastikowych owoc\u00f3w.EAN: 3280250016885kolory: wielokolorowyMateria\u0142: tworzywo sztuczneP\u0142e\u0107: ch\u0142opiec\/dziewczynkaWiek: od 18 miesi\u0105caWymiary produktu: 44 x 27 x 60 (cm)<\/p>\n<h2>Ecoiffier Vert Azur Moja Pierwsza Kuchnia Niebieska 18 Akcesori\u00f3w &#8211; Zabawka Ecoiffier<\/h2>\n<p>zgadywanki, warszawa atrakcje dla dzieci, test z narnii lew czarownica i stara szafa, kolorowanka pokemon, zagadki matematyczne, lucjan, zagadki logiczne na inteligencj\u0119 dla doros\u0142ych, pola imi\u0119, zgadywanki, adrian imie, zagadki slowne, atrakcje dla dzieci wroc\u0142aw i okolice, pieski, dzie\u0144 matki w\u0142asnor\u0119czny prezent dla mamy od dziecka, znaki drogowe do druku, kotki do druku, prezent na roczek dziewczynka, zagadki logiczne na inteligencj\u0119, zagadki dla dzieci z odpowiedziami, trudne \u0142amig\u0142\u00f3wki<\/p>\n<p>yyyyy<\/p>\n<p>&nbsp;<\/p>\n","protected":false},"excerpt":{"rendered":"<p>Kuchnia Ecoiffier zachwyci najm\u0142odszych kucharzy! Posiada zlewozmywak, kuchenk\u0119, piekarnik, ekspres do kawy,p\u00f3\u0142eczki do przechowywania oraz akcesoria kuchenne i spo\u017cywcze. Zabawka daje mo\u017cliwo\u015b\u0107 zabawy w odgrywanie r\u00f3l oraz pomaga w rozwoju emocjonalnym i spo\u0142ecznym dziecka. Seria Vert Azur powsta\u0142a z odpad\u00f3w po produkcji zabawek Ecoiffier, opakowanie w 100% pochodzi z recyklingu. Charakterystyka:- Kuchnia posiada: kuchenk\u0119, piekarnik, [&hellip;]<\/p>\n","protected":false},"featured_media":2825,"comment_status":"closed","ping_status":"open","template":"","meta":[],"product_cat":[986,53],"product_tag":[832,692,793,820],"class_list":["post-2824","product","type-product","status-publish","has-post-thumbnail","hentry","product_cat-ecoiffier","product_cat-kaciki-zabaw","product_tag-desery-dla-dzieci","product_tag-prezenty-na-roczek","product_tag-zagadki-smieszne-podchwytliwe","product_tag-ziemia-wyspa-zielona-tekst"],"_links":{"self":[{"href":"http:\/\/klubmamgdynia.pl\/index.php\/wp-json\/wp\/v2\/product\/2824","targetHints":{"allow":["GET"]}}],"collection":[{"href":"http:\/\/klubmamgdynia.pl\/index.php\/wp-json\/wp\/v2\/product"}],"about":[{"href":"http:\/\/klubmamgdynia.pl\/index.php\/wp-json\/wp\/v2\/types\/product"}],"replies":[{"embeddable":true,"href":"http:\/\/klubmamgdynia.pl\/index.php\/wp-json\/wp\/v2\/comments?post=2824"}],"wp:featuredmedia":[{"embeddable":true,"href":"http:\/\/klubmamgdynia.pl\/index.php\/wp-json\/wp\/v2\/media\/2825"}],"wp:attachment":[{"href":"http:\/\/klubmamgdynia.pl\/index.php\/wp-json\/wp\/v2\/media?parent=2824"}],"wp:term":[{"taxonomy":"product_cat","embeddable":true,"href":"http:\/\/klubmamgdynia.pl\/index.php\/wp-json\/wp\/v2\/product_cat?post=2824"},{"taxonomy":"product_tag","embeddable":true,"href":"http:\/\/klubmamgdynia.pl\/index.php\/wp-json\/wp\/v2\/product_tag?post=2824"}],"curies":[{"name":"wp","href":"https:\/\/api.w.org\/{rel}","templated":true}]}}