{"id":2828,"date":"2013-11-13T08:36:51","date_gmt":"2013-11-13T07:36:51","guid":{"rendered":"http:\/\/klubmamgdynia.pl\/index.php\/produkt\/sluban-klocki-gd-stoisko-z-zabawkami-143e\/"},"modified":"2026-04-26T13:48:45","modified_gmt":"2026-04-26T11:48:45","slug":"sluban-klocki-gd-stoisko-z-zabawkami-143e","status":"publish","type":"product","link":"http:\/\/klubmamgdynia.pl\/index.php\/produkt\/sluban-klocki-gd-stoisko-z-zabawkami-143e\/","title":{"rendered":"Sluban Klocki Gd Stoisko Z Zabawkami 143E"},"content":{"rendered":"<p>Zestaw klock\u00f3w Sluban b0889D stoisko z zabawkami przeznaczonyjest dla dziewczynki od lat 6.Z zestawu mo\u017cna z\u0142o\u017cy\u0107 samoch\u00f3d-stoisko z zabawkami,akcesoria zabawek oraz figurk\u0119-sprzedawc\u0119.Klocki s\u0105 zgodne z innymi klockami tego typu.Zestaw sk\u0142ada si\u0119 z 143 element\u00f3w.Wymiary opakowania: d\u0142ugo\u015b\u0107 19 cm,wysoko\u015b\u0107 14 cm<\/p>\n<h2>Sluban Klocki Gd Stoisko Z Zabawkami 143E Sluban<\/h2>\n<p>cytat z ma\u0142ego ksi\u0119cia o przyja\u017ani, znaczenie imiona marcel, sonia imi\u0119, przek\u0105ski na urodziny dziecka, darmowy szablon list do miko\u0142aja, znaczenie imiona pola, nowe quizy do rozwi\u0105zania, prezent dla nastolatk\u00f3w, zagadki matematyczne na logik\u0119<\/p>\n<p>yyyyy<\/p>\n<p>&nbsp;<\/p>\n","protected":false},"excerpt":{"rendered":"<p>Zestaw klock\u00f3w Sluban b0889D stoisko z zabawkami przeznaczonyjest dla dziewczynki od lat 6.Z zestawu mo\u017cna z\u0142o\u017cy\u0107 samoch\u00f3d-stoisko z zabawkami,akcesoria zabawek oraz figurk\u0119-sprzedawc\u0119.Klocki s\u0105 zgodne z innymi klockami tego typu.Zestaw sk\u0142ada si\u0119 z 143 element\u00f3w.Wymiary opakowania: d\u0142ugo\u015b\u0107 19 cm,wysoko\u015b\u0107 14 cm Sluban Klocki Gd Stoisko Z Zabawkami 143E Sluban cytat z ma\u0142ego ksi\u0119cia o przyja\u017ani, znaczenie [&hellip;]<\/p>\n","protected":false},"featured_media":2829,"comment_status":"closed","ping_status":"open","template":"","meta":[],"product_cat":[113,513],"product_tag":[772,749,751,756],"class_list":["post-2828","product","type-product","status-publish","has-post-thumbnail","hentry","product_cat-klocki","product_cat-sluban","product_tag-45-panstw-europy-i-ich-stolice-quiz","product_tag-najlepsze-zarty-na-prima-aprilis","product_tag-psi-patrol-kolorowanka","product_tag-zaproszenie-na-urodziny-do-druku"],"_links":{"self":[{"href":"http:\/\/klubmamgdynia.pl\/index.php\/wp-json\/wp\/v2\/product\/2828","targetHints":{"allow":["GET"]}}],"collection":[{"href":"http:\/\/klubmamgdynia.pl\/index.php\/wp-json\/wp\/v2\/product"}],"about":[{"href":"http:\/\/klubmamgdynia.pl\/index.php\/wp-json\/wp\/v2\/types\/product"}],"replies":[{"embeddable":true,"href":"http:\/\/klubmamgdynia.pl\/index.php\/wp-json\/wp\/v2\/comments?post=2828"}],"wp:featuredmedia":[{"embeddable":true,"href":"http:\/\/klubmamgdynia.pl\/index.php\/wp-json\/wp\/v2\/media\/2829"}],"wp:attachment":[{"href":"http:\/\/klubmamgdynia.pl\/index.php\/wp-json\/wp\/v2\/media?parent=2828"}],"wp:term":[{"taxonomy":"product_cat","embeddable":true,"href":"http:\/\/klubmamgdynia.pl\/index.php\/wp-json\/wp\/v2\/product_cat?post=2828"},{"taxonomy":"product_tag","embeddable":true,"href":"http:\/\/klubmamgdynia.pl\/index.php\/wp-json\/wp\/v2\/product_tag?post=2828"}],"curies":[{"name":"wp","href":"https:\/\/api.w.org\/{rel}","templated":true}]}}