{"id":283,"date":"2023-10-26T16:32:44","date_gmt":"2023-10-26T14:32:44","guid":{"rendered":"http:\/\/klubmamgdynia.pl\/index.php\/produkt\/cooper-vision-biofinity-6-szt\/"},"modified":"2026-05-17T20:55:54","modified_gmt":"2026-05-17T18:55:54","slug":"cooper-vision-biofinity-6-szt","status":"publish","type":"product","link":"http:\/\/klubmamgdynia.pl\/index.php\/produkt\/cooper-vision-biofinity-6-szt\/","title":{"rendered":"Cooper Vision Biofinity 6 szt"},"content":{"rendered":"<p>COOPER VISION BIOFINITY 6 SZTUK<\/p>\n<p>Soczewki Biofinity s\u0105 soczewkami miesi\u0119cznej wymiany, stworzonymi przez firm\u0119 Alcon.S\u0105 to soczewki silikonowo-hydro\u017celowe stworzone z materia\u0142u Comfilcon A. Do ich wykonania wykorzystano technologi\u0119 materia\u0142ow\u0105 Aquaform Comfort Science, kt\u00f3ra powoduje, \u017ce soczewka jest elastyczna, mi\u0119kka i doskonale nawil\u017cona. Soczewki Biofinity znakomicie przepuszczaj\u0105 tlen. Wszystko dzi\u0119ki zastosowaniu w nich monomeru silikonu. Z kolei wykorzystanie hydrofilnych i silikonowych komponent\u00f3w pozwala na r\u00f3wnomierne utrzymanie wody w soczewce. Niezwykle wa\u017cn\u0105 cech\u0105 soczewek Biofinity jest to, \u017ce przy wzro\u015bcie stopnia uwodnienia soczewki, przepuszczalno\u015b\u0107 tlenu si\u0119 nie zmniejsza. S\u0105 to soczewki dostosowane do noszenia w trybie ci\u0105g\u0142ym, czyli nie ma przymusu zdejmowania ich na noc.Soczewki Biofinity zalecane s\u0105 osobom, kt\u00f3re cierpi\u0105 na zaburzenia filmu \u0142zowego oraz oczekuj\u0105 najwy\u017cszego komfortu noszenia przy zachowaniu maksymalnej ostro\u015bci widzenia.<\/p>\n<h2>Cooper Vision Biofinity 6 szt Cooper Vision<\/h2>\n<p>kubu\u015b puchatek cytaty, dzieci cytaty, cytaty dla mamy od c\u00f3rki, spiderman do druku, jak narysowa\u0107 koty<\/p>\n<p>yyyyy<\/p>\n<p>&nbsp;<\/p>\n","protected":false},"excerpt":{"rendered":"<p>COOPER VISION BIOFINITY 6 SZTUK Soczewki Biofinity s\u0105 soczewkami miesi\u0119cznej wymiany, stworzonymi przez firm\u0119 Alcon.S\u0105 to soczewki silikonowo-hydro\u017celowe stworzone z materia\u0142u Comfilcon A. Do ich wykonania wykorzystano technologi\u0119 materia\u0142ow\u0105 Aquaform Comfort Science, kt\u00f3ra powoduje, \u017ce soczewka jest elastyczna, mi\u0119kka i doskonale nawil\u017cona. Soczewki Biofinity znakomicie przepuszczaj\u0105 tlen. Wszystko dzi\u0119ki zastosowaniu w nich monomeru silikonu. Z [&hellip;]<\/p>\n","protected":false},"featured_media":284,"comment_status":"closed","ping_status":"open","template":"","meta":[],"product_cat":[125,126],"product_tag":[792,652,588],"class_list":["post-283","product","type-product","status-publish","has-post-thumbnail","hentry","product_cat-cooper-vision","product_cat-soczewki-kontaktowe","product_tag-cytaty-o-mamie","product_tag-otto","product_tag-wzruszajace-slowa-dla-przyjaciela"],"_links":{"self":[{"href":"http:\/\/klubmamgdynia.pl\/index.php\/wp-json\/wp\/v2\/product\/283","targetHints":{"allow":["GET"]}}],"collection":[{"href":"http:\/\/klubmamgdynia.pl\/index.php\/wp-json\/wp\/v2\/product"}],"about":[{"href":"http:\/\/klubmamgdynia.pl\/index.php\/wp-json\/wp\/v2\/types\/product"}],"replies":[{"embeddable":true,"href":"http:\/\/klubmamgdynia.pl\/index.php\/wp-json\/wp\/v2\/comments?post=283"}],"wp:featuredmedia":[{"embeddable":true,"href":"http:\/\/klubmamgdynia.pl\/index.php\/wp-json\/wp\/v2\/media\/284"}],"wp:attachment":[{"href":"http:\/\/klubmamgdynia.pl\/index.php\/wp-json\/wp\/v2\/media?parent=283"}],"wp:term":[{"taxonomy":"product_cat","embeddable":true,"href":"http:\/\/klubmamgdynia.pl\/index.php\/wp-json\/wp\/v2\/product_cat?post=283"},{"taxonomy":"product_tag","embeddable":true,"href":"http:\/\/klubmamgdynia.pl\/index.php\/wp-json\/wp\/v2\/product_tag?post=283"}],"curies":[{"name":"wp","href":"https:\/\/api.w.org\/{rel}","templated":true}]}}