{"id":2830,"date":"2013-04-11T23:11:53","date_gmt":"2013-04-11T21:11:53","guid":{"rendered":"http:\/\/klubmamgdynia.pl\/index.php\/produkt\/sluban-wycieczkowy-jacht-klocki-328el\/"},"modified":"2026-04-30T04:28:07","modified_gmt":"2026-04-30T02:28:07","slug":"sluban-wycieczkowy-jacht-klocki-328el","status":"publish","type":"product","link":"http:\/\/klubmamgdynia.pl\/index.php\/produkt\/sluban-wycieczkowy-jacht-klocki-328el\/","title":{"rendered":"Sluban Wycieczkowy Jacht Klocki 328El."},"content":{"rendered":"<p>Wyobra\u017c sobie \u017ce wyp\u0142ywasz na Swoje wymarzone wakacje, i poczuj \u015bwietna atmosfer\u0119 kt\u00f3r\u0105 zapewni\u0105 ci figurki ludzi i delfin.<\/p>\n<h2>Sluban Wycieczkowy Jacht Klocki 328El. Sluban<\/h2>\n<p>kaczuszka, trudne zagadki i odpowiedzi, pomys\u0142y na prezent na roczek, przyja\u017a\u0144 cytaty, ma\u0142y ksi\u0105\u017ce test, jesienne zagadki, dzieci z bullerbyn quiz, izabela imie, kolorowanki do druku dla ch\u0142opc\u00f3w, rysunki dla pocz\u0105tkuj\u0105cych, kamila, kolorowanki samochody, kolorowanki do druku dla dziewczyn, quizy hobbit<\/p>\n<p>yyyyy<\/p>\n<p>&nbsp;<\/p>\n","protected":false},"excerpt":{"rendered":"<p>Wyobra\u017c sobie \u017ce wyp\u0142ywasz na Swoje wymarzone wakacje, i poczuj \u015bwietna atmosfer\u0119 kt\u00f3r\u0105 zapewni\u0105 ci figurki ludzi i delfin. Sluban Wycieczkowy Jacht Klocki 328El. Sluban kaczuszka, trudne zagadki i odpowiedzi, pomys\u0142y na prezent na roczek, przyja\u017a\u0144 cytaty, ma\u0142y ksi\u0105\u017ce test, jesienne zagadki, dzieci z bullerbyn quiz, izabela imie, kolorowanki do druku dla ch\u0142opc\u00f3w, rysunki dla [&hellip;]<\/p>\n","protected":false},"featured_media":2831,"comment_status":"closed","ping_status":"open","template":"","meta":[],"product_cat":[113,513],"product_tag":[626,612,717,793],"class_list":["post-2830","product","type-product","status-publish","has-post-thumbnail","hentry","product_cat-klocki","product_cat-sluban","product_tag-jacek","product_tag-kolorowanki-do-druku","product_tag-prezent-roczek","product_tag-zagadki-smieszne-podchwytliwe"],"_links":{"self":[{"href":"http:\/\/klubmamgdynia.pl\/index.php\/wp-json\/wp\/v2\/product\/2830","targetHints":{"allow":["GET"]}}],"collection":[{"href":"http:\/\/klubmamgdynia.pl\/index.php\/wp-json\/wp\/v2\/product"}],"about":[{"href":"http:\/\/klubmamgdynia.pl\/index.php\/wp-json\/wp\/v2\/types\/product"}],"replies":[{"embeddable":true,"href":"http:\/\/klubmamgdynia.pl\/index.php\/wp-json\/wp\/v2\/comments?post=2830"}],"wp:featuredmedia":[{"embeddable":true,"href":"http:\/\/klubmamgdynia.pl\/index.php\/wp-json\/wp\/v2\/media\/2831"}],"wp:attachment":[{"href":"http:\/\/klubmamgdynia.pl\/index.php\/wp-json\/wp\/v2\/media?parent=2830"}],"wp:term":[{"taxonomy":"product_cat","embeddable":true,"href":"http:\/\/klubmamgdynia.pl\/index.php\/wp-json\/wp\/v2\/product_cat?post=2830"},{"taxonomy":"product_tag","embeddable":true,"href":"http:\/\/klubmamgdynia.pl\/index.php\/wp-json\/wp\/v2\/product_tag?post=2830"}],"curies":[{"name":"wp","href":"https:\/\/api.w.org\/{rel}","templated":true}]}}