{"id":2834,"date":"2015-03-14T00:30:17","date_gmt":"2015-03-13T23:30:17","guid":{"rendered":"http:\/\/klubmamgdynia.pl\/index.php\/produkt\/sluban-construction-buldozer-m38-b0377d\/"},"modified":"2026-05-17T22:13:35","modified_gmt":"2026-05-17T20:13:35","slug":"sluban-construction-buldozer-m38-b0377d","status":"publish","type":"product","link":"http:\/\/klubmamgdynia.pl\/index.php\/produkt\/sluban-construction-buldozer-m38-b0377d\/","title":{"rendered":"Sluban Construction: Buldo\u017cer M38 B0377D"},"content":{"rendered":"<p>Klocki SLUBAN TOWN Ma\u0142y Buldo\u017cer 132el M38-B0377DProducent:Sluban EAN:8719558070152K L O C K I S L U B A NSERIA: TOWN CONSTRUCTIONMA\u0141Y BULDO\u017bERM38-B0377DMa\u0142y buldo\u017cer M38-B0377D Sluban to pi\u0119kny zestaw budowlany z serii Construction. Zam\u00f3w to pude\u0142ko z klockami Sluban, aby mie\u0107 wiele godzin zabawy. klocki s\u0105 odpowiednie dla dzieci od oko\u0142o 6 do 12 lat.Numer artyku\u0142u101380377DTemat podrz\u0119dnyBUDOWAWaga137Minifigurki1Ceg\u0142y132Wymiary pude\u0142ka (szer. x wys. x g\u0142.)19,00 x 4,50 x 14,10CBP0,001Trudno\u015b\u0107\u015aredniEAN8719558070152Waga 0.5Wszystkie Towary posiadamy na stanie magazynowym.Wysy\u0142ka tego samego dnia z naszego magazynu (99% wysy\u0142ek).<\/p>\n<h2>Sluban Construction: Buldo\u017cer M38 B0377D Sluban<\/h2>\n<p>kolorowanka pokemon, sa\u0142atki dla dzieci, \u0142amig\u0142\u00f3wki matematyczne, prezent na urodziny dla nastolatk\u00f3w, cytaty korczaka, agroturystyka dla dzieci ze zwierz\u0119tami, wiosenna kolorowanka, nela imi\u0119, opowie\u015b\u0107 wigilijna test z odpowiedziami, kr\u00f3tkie bajki dla dzieci, kawa\u0142 na prima aprilis, kolorowanka harry potter, dyplom za udzia\u0142 w konkursie do druku, podchwytliwe zagadki dla dzieci, wierszyki o wakacjach kr\u00f3tkie, halloween dla dzieci 2021, piosenka dla taty przedszkole, dla nastolatk\u00f3w prezenty, imi\u0119 nela, karteczki wydruku wr\u00f3\u017cby andrzejkowe dla dzieci<\/p>\n<p>yyyyy<\/p>\n<p>&nbsp;<\/p>\n","protected":false},"excerpt":{"rendered":"<p>Klocki SLUBAN TOWN Ma\u0142y Buldo\u017cer 132el M38-B0377DProducent:Sluban EAN:8719558070152K L O C K I S L U B A NSERIA: TOWN CONSTRUCTIONMA\u0141Y BULDO\u017bERM38-B0377DMa\u0142y buldo\u017cer M38-B0377D Sluban to pi\u0119kny zestaw budowlany z serii Construction. Zam\u00f3w to pude\u0142ko z klockami Sluban, aby mie\u0107 wiele godzin zabawy. klocki s\u0105 odpowiednie dla dzieci od oko\u0142o 6 do 12 lat.Numer artyku\u0142u101380377DTemat [&hellip;]<\/p>\n","protected":false},"featured_media":2835,"comment_status":"closed","ping_status":"open","template":"","meta":[],"product_cat":[113,513],"product_tag":[610,784,730],"class_list":["post-2834","product","type-product","status-publish","has-post-thumbnail","hentry","product_cat-klocki","product_cat-sluban","product_tag-co-na-prezent-dla-nastolatkow","product_tag-hymn-gorniczy","product_tag-karyna"],"_links":{"self":[{"href":"http:\/\/klubmamgdynia.pl\/index.php\/wp-json\/wp\/v2\/product\/2834","targetHints":{"allow":["GET"]}}],"collection":[{"href":"http:\/\/klubmamgdynia.pl\/index.php\/wp-json\/wp\/v2\/product"}],"about":[{"href":"http:\/\/klubmamgdynia.pl\/index.php\/wp-json\/wp\/v2\/types\/product"}],"replies":[{"embeddable":true,"href":"http:\/\/klubmamgdynia.pl\/index.php\/wp-json\/wp\/v2\/comments?post=2834"}],"wp:featuredmedia":[{"embeddable":true,"href":"http:\/\/klubmamgdynia.pl\/index.php\/wp-json\/wp\/v2\/media\/2835"}],"wp:attachment":[{"href":"http:\/\/klubmamgdynia.pl\/index.php\/wp-json\/wp\/v2\/media?parent=2834"}],"wp:term":[{"taxonomy":"product_cat","embeddable":true,"href":"http:\/\/klubmamgdynia.pl\/index.php\/wp-json\/wp\/v2\/product_cat?post=2834"},{"taxonomy":"product_tag","embeddable":true,"href":"http:\/\/klubmamgdynia.pl\/index.php\/wp-json\/wp\/v2\/product_tag?post=2834"}],"curies":[{"name":"wp","href":"https:\/\/api.w.org\/{rel}","templated":true}]}}