{"id":2836,"date":"2021-08-27T06:31:59","date_gmt":"2021-08-27T04:31:59","guid":{"rendered":"http:\/\/klubmamgdynia.pl\/index.php\/produkt\/fotelik-samochodowy-britax-romer-advansafix-iv-r-air-silver-9-36kg\/"},"modified":"2026-04-06T01:24:44","modified_gmt":"2026-04-05T23:24:44","slug":"fotelik-samochodowy-britax-romer-advansafix-iv-r-air-silver-9-36kg","status":"publish","type":"product","link":"http:\/\/klubmamgdynia.pl\/index.php\/produkt\/fotelik-samochodowy-britax-romer-advansafix-iv-r-air-silver-9-36kg\/","title":{"rendered":"Fotelik samochodowy Britax &amp; Romer Advansafix IV R Air Silver 9-36Kg"},"content":{"rendered":"<p>Britax &amp; Romer Advansafix IV R Air Silver 9-36Kg<\/p>\n<p>Romer Advansafix IV R \u2013 Nowy model fotelika od 9 do 36 kg,<br \/>\nmontowanego przy pomocy uchwyt\u00f3w Isofix oraz kotwicy Top Tether. Fotelik jest<br \/>\nnast\u0119pca modelu Advansafix III, ale jest now\u0105 konstrukcj\u0105, w kt\u00f3rej poprawiono<br \/>\nergonomi\u0119 oraz bezpiecze\u0144stwo.<\/p>\n<p>\u00a0<\/p>\n<p>G\u0142\u00f3wne r\u00f3\u017cnice w stosunku do poprzednika:<\/p>\n<p>\u00a0<\/p>\n<p>Ulepszone montowanie kotwicy Top Tether, nie blokuj\u0105ce<br \/>\nfunkcji pochy\u0142u fotela po jego zamontowaniuNowy system os\u0142on bocznych SICT, wykr\u0119canych z fotela, a<br \/>\nnie montowanych osobnoSzybka zamiana fotela z I grupy wagowej (z pasami<br \/>\nwewn\u0119trznymi) na II i III grup\u0119, dzi\u0119ki chowaniu wewn\u0119trznych pas\u00f3w, a nie ich<br \/>\ndemonta\u017cuDodatkowe, nowe kolory tapicerek<\/p>\n<p>ADVANSAFIX IV R zosta\u0142 opracowany, by dzieci od 9 do 36 kg<br \/>\nmog\u0142y podr\u00f3\u017cowa\u0107 bezpiecznie i wygodnie \u2013 idealnie dla ca\u0142ej rodziny. Dzi\u0119ki<br \/>\nfunkcji FLIP&amp;GROW mo\u017cesz zmieni\u0107 zintegrowane 5-punktowe pasy<br \/>\nbezpiecze\u0144stwa na 3-punktowe, kiedy Twoje dziecko uro\u015bnie, w kilku prostych<br \/>\nkrokach. Dodatkowo, ADVANSAFIX IV R zapewnia maksymaln\u0105 elastyczno\u015b\u0107 i ochron\u0119<br \/>\nw ka\u017cdym wieku dzi\u0119ki zaawansowanym funkcjom bezpiecze\u0144stwa. <\/p>\n<p>Wyj\u0105tkowo bezpiecznie \u2013 ka\u017cdego dnia<\/p>\n<p>Bezpiecze\u0144stwo ka\u017cdego dziecka jest dla nas bardzo wa\u017cne. To<br \/>\ndlatego ADVANSAFIX IV R wyposa\u017cony jest w zaawansowane funkcje bezpiecze\u0144stwa,<br \/>\nby chroni\u0107 Twoje dziecko w ka\u017cdym wieku. Kiedy przypinasz dziecko 3-punktowymi<br \/>\npasami bezpiecze\u0144stwa samochodu, SecureGuard utrzymuje dolny pas w optymalnej<br \/>\npozycji na ko\u015bciach miednicy, zmniejszaj\u0105c ryzyko obra\u017ce\u0144 wewn\u0119trznych.<br \/>\nDodatkowo regulowany SICT i zag\u0142\u00f3wek w kszta\u0142cie litery V zapewnia ochron\u0119 w<br \/>\nprzypadku uderzenia z boku.                            <\/p>\n<p>Extra komfort \u2013 dla ka\u017cdej rodziny<\/p>\n<p>Z ADVANSAFIX IV R dorastanie przynosi jeszcze wi\u0119cej<br \/>\nrado\u015bci! Dzi\u0119ki funkcji FLIP&amp;GROW mo\u017cesz przej\u015b\u0107 ze zintegrowanych pas\u00f3w<br \/>\nbezpiecze\u0144stwa na 3-punktowe pasy bezpiecze\u0144stwa samochodu kiedy Twoje dziecko<br \/>\nosi\u0105gnie 15 kg i maksymalnie do18 kg \u2013 to dziecinnie proste! Nie usuwasz<br \/>\nniczego z fotelika, wi\u0119c nic nie zginie, a zmian\u0119 mo\u017cesz odwr\u00f3ci\u0107 w ka\u017cdej<br \/>\nchwili. Ekstra mi\u0119kkie wy\u015bcie\u0142anie i EasyRecline z trzema regulowanymi<br \/>\npozycjami odchylenia dla dzieci w r\u00f3\u017cnym wieku zapewnia komfort w ka\u017cdej<br \/>\npodr\u00f3\u017cy. <\/p>\n<p>Jako\u015b\u0107 \u2013 wyprodukowano w Niemczech<\/p>\n<p>Wierzymy, \u017ce rozw\u00f3j i produkcja produktu powinny odbywa\u0107<br \/>\nsi\u0119 tak blisko, jak to mo\u017cliwe. Dlatego nasz ADVANSAFIX IV R zosta\u0142 opracowany,<br \/>\nzaprojektowany i wyprodukowany w Niemczech. Przeszed\u0142 te\u017c szereg test\u00f3w w<br \/>\nnaszym nowoczesnym, wewn\u0119trznym centrum crash test\u00f3w. Dlatego mo\u017cemy<br \/>\nzagwarantowa\u0107 naszym klientom najlepsz\u0105 mo\u017cliw\u0105 jako\u015b\u0107. Dotyczy to nie tylko<br \/>\nelement\u00f3w fotelika, ale te\u017c tapicerki i materia\u0142\u00f3w, kt\u00f3re r\u00f3wnie\u017c produkowane<br \/>\ns\u0105 w Europie. Wszystko to by mie\u0107 pewno\u015b\u0107, \u017ce Twoje dziecko jest zawsze<br \/>\nbezpieczne na drodze.                            <\/p>\n<p>            Cechy produktu<\/p>\n<p>System Pivot Link Firmy Britax Romer &#8211; W razie wypadku nasz<br \/>\nopatentowany system Pivot Link najpierw kieruje si\u0142y w d\u00f3\u0142 &#8211; do fotelika &#8211; a<br \/>\nnast\u0119pnie do przodu, bardziej delikatnie, co znacznie zmniejsza ryzyko obra\u017ce\u0144<br \/>\ng\u0142owy i szyi dziecka.<\/p>\n<p>5-punktowe pasy bezpiecze\u0144stwa &#8211; Naszym zdaniem 5-punktowe<br \/>\npasy bezpiecze\u0144stwa daj\u0105 dziecku podr\u00f3\u017cuj\u0105cemu w foteliku najlepsz\u0105 ochron\u0119.<br \/>\nJest ono przypi\u0119te pewnie wewn\u0105trz chroni\u0105cej je obudowy fotelika. W przypadku<br \/>\nkolizji pasy rozprowadzaj\u0105 si\u0142y zderzenia poprzez pi\u0119\u0107 oddzielnych miejsc: dwa<br \/>\nnad ramionami, dwa przy biodrach oraz miejsce, w kt\u00f3rym klamra spina pasy<br \/>\nmi\u0119dzy nogami. Dzi\u0119ki temu dziecko jest chronione z ka\u017cdej strony.<\/p>\n<p>Mi\u0119kkie, neoprenowe ochraniacze na klatk\u0119 piersiow\u0105 &#8211; Nasze<br \/>\nnowe mi\u0119kkie, neoprenowe ochraniacze wygodnie dopasowuj\u0105 si\u0119 do klatki<br \/>\npiersiowej Twojego dziecka. Pomagaj\u0105 zredukowa\u0107 ruchy dziecka w przypadku<br \/>\nzderzenia i zapewniaj\u0105 wi\u0119ksz\u0105 wygod\u0119 dzi\u0119ki pi\u0119ciopunktowym pasom<br \/>\nbezpiecze\u0144stwa. Dodatkowo, mog\u0105 by\u0107 \u0142atwo usuni\u0119te do czyszczenia bez wypinania<br \/>\npas\u00f3w.<\/p>\n<p>SecureGuard &#8211; SecureGuard pomaga chroni\u0107 delikatne okolice<br \/>\nbrzucha Twojego dziecka poprzez dodatkowy \u2013 czwarty punkt zaczepienia<br \/>\nstandardowego 3-punktowego pasa bezpiecze\u0144stwa. Utrzymuj\u0105c pas biodrowy w<br \/>\noptymalnym po\u0142o\u017ceniu ponad ko\u015b\u0107mi biodrowymi dziecka, SecureGuard pomaga<br \/>\nzredukowa\u0107 si\u0142y oddzia\u0142uj\u0105ce na brzuch w sytuacji kolizji czo\u0142owej a\u017c do 35 %*,<br \/>\ndaj\u0105c dziecku jednocze\u015bnie swobod\u0119 ruch\u00f3w podczas jazdy.                            <\/p>\n<p>Zaawansowana ochrona w przypadku zderze\u0144 bocznych \u2013 SICT &#8211;<br \/>\nTechnologia SICT daje dziecku ulepszon\u0105 ochron\u0119 w przypadku uderze\u0144 bocznych.<br \/>\nRedukuje ona si\u0142y uderzenia poprzez zmniejszenie odleg\u0142o\u015bci mi\u0119dzy wn\u0119trzem<br \/>\nsamochodu a fotelikiem i poch\u0142oni\u0119cie energii, zanim ta dotrze do dziecka. Aby<br \/>\nskorzysta\u0107 z tej ochrony, wystarczy wyregulowa\u0107 poduszk\u0119 SICT z boku fotelika<br \/>\nsamochodowego najbli\u017cej drzwi.Ochrona fotelika z wysokim oparciem &#8211; Nasze foteliki z<br \/>\nwysokim oparciem chroni\u0105 dziecko na 3 sposoby: wymodelowany kszta\u0142t siedziska<br \/>\nzapewnia ochron\u0119 korpusu dziecka od g\u0142owy do bioder \u2013 zw\u0142aszcza w przypadku<br \/>\nzderzenia bocznego \u2013 g\u00f3rne i dolne prowadnice pasa umo\u017cliwiaj\u0105 jego prawid\u0142owe<br \/>\numiejscowienie, a wy\u015bcie\u0142any zag\u0142\u00f3wek zapewnia bezpiecze\u0144stwo i komfort dla<br \/>\ng\u0142owy i szyi dziecka.Zag\u0142\u00f3wek typu V &#8211; Zag\u0142\u00f3wek w kszta\u0142cie litery V zosta\u0142 zaprojektowany<br \/>\ntak, by mie\u0107 pod kontrol\u0105 ruchy g\u0142owy Twojego dziecka. Zapewnia optymaln\u0105<br \/>\nochron\u0119 na wypadek uderzenia bocznego jednocze\u015bnie dbaj\u0105c o wygod\u0119 podczas<br \/>\njazdy. Dodatkowo, zag\u0142\u00f3wek i pasy mog\u0105 by\u0107 \u0142atwo regulowane z przodu, by<br \/>\ndostosowa\u0107 si\u0119 do wzrostu Twojego dziecka.Top Tether &#8211; G\u00f3rny pas mocuj\u0105cy (Top Tether) w kszta\u0142cie<br \/>\nlitery V uniemo\u017cliwia obracanie fotelika i redukuje ruch dziecka do przodu w<br \/>\nprzypadku kolizji. Dzi\u0119ki dw\u00f3m punktom zaczepienia daje Twojemu dziecku lepsz\u0105<br \/>\nstabilno\u015b\u0107 i bezpiecze\u0144stwo ni\u017c zwyczajne pasy.<\/p>\n<p>Szybko zdejmowane obicie &#8211; Dzieci potrafi\u0105 naba\u0142agani\u0107<br \/>\npodczas podr\u00f3\u017cy. Wylane picie, okruchy po jedzeniu i nie rzadko skutki choroby<br \/>\nlokomocyjnej na foteliku. Dlatego zaprojektowali\u015bmy obicie nadaj\u0105ce si\u0119 do<br \/>\nprania w pralce. Mo\u017cna \u0142atwo je zdj\u0105\u0107 bez usuwania pas\u00f3w. Czysto\u015b\u0107 i \u0142ad wr\u00f3c\u0105<br \/>\nw mgnieniu oka i ju\u017c mo\u017cesz rusza\u0107 w dalsz\u0105 drog\u0119.FLIP&amp;GROW &#8211; Kiedy Twoje dziecko osi\u0105gnie 15 kg i<br \/>\nmaksymalnie do 18 kg, musisz przej\u015b\u0107 ze zintegrowanych 5-punktowych pas\u00f3w<br \/>\nbezpiecze\u0144stwa na 3-punktowe pasy bezpiecze\u0144stwa samochodu do zapinania dziecka<br \/>\nw foteliku. Dzi\u0119ki funkcji FLIP&amp;GROW mo\u017cesz to zrobi\u0107 w kilku prostych<br \/>\nkrokach. Wyreguluj zag\u0142\u00f3wek i schowaj zintegrowane pasy w oparciu, \u017ceby nie<br \/>\nzgin\u0119\u0142y. Nast\u0119pnie prze\u0142\u0105cz panel reguluj\u0105cy FLIP&amp;GROW tak, by SecureGuard<br \/>\nznajdowa\u0142 si\u0119 nad siedziskiem i gotowe.EasyRecline &#8211; System EasyRecline jest przystosowany dla<br \/>\ndzieci w ka\u017cdym wieku i pozwala na regulacj\u0119 fotelika do trzech wygodnych<br \/>\npozycji \u2013 nawet kiedy dziecko siedzi w foteliku i bez potrzeby regulacji Top<br \/>\nTether. Idealna wygoda dla dzieci i rodzic\u00f3w.<\/p>\n<p>            Specyfikacja<\/p>\n<p>Przodem do kierunku jazdy 9 &#8211; 36 kg<\/p>\n<p>Wymiary:<\/p>\n<p>Wysoko\u015b\u0107: 60-83 cmSzeroko\u015b\u0107: 44 cmG\u0142\u0119boko\u015b\u0107: 47 cmWaga produktu: 11 kg<\/p>\n<h2>Fotelik samochodowy Britax &amp; Romer Advansafix IV R Air Silver 9-36Kg Britax &amp; Romer<\/h2>\n<p>iwo imie, liwia, zagadki przyrodnicze, wy\u015bcig but\u00f3w, cytaty o przyja\u017ani ma\u0142y ksi\u0105\u017c\u0119, tabliczka mno\u017cenia kolorowanki do wydruku, zagadki podchwytliwe z odpowiedziami, \u0142amig\u0142\u00f3wki dla dzieci do wydruku, mapa europy do druku, quiz o wio\u015bnie, kolorowanka star wars, piosenki dla dzieci o jesieni, bursztynek bursztynek, zabawy z pi\u0142k\u0105 dla dzieci, atrakcje dla dzieci tr\u00f3jmiasto, trudne zagadki na inteligencj\u0119, pomys\u0142 na prezent dla nastolatki, czapka g\u00f3rnika kolorowanka, prezent pod choink\u0119 dla 7 letniej dziewczynki<\/p>\n<p>yyyyy<\/p>\n<p>&nbsp;<\/p>\n","protected":false},"excerpt":{"rendered":"<p>Britax &amp; Romer Advansafix IV R Air Silver 9-36Kg Romer Advansafix IV R \u2013 Nowy model fotelika od 9 do 36 kg, montowanego przy pomocy uchwyt\u00f3w Isofix oraz kotwicy Top Tether. Fotelik jest nast\u0119pca modelu Advansafix III, ale jest now\u0105 konstrukcj\u0105, w kt\u00f3rej poprawiono ergonomi\u0119 oraz bezpiecze\u0144stwo. \u00a0 G\u0142\u00f3wne r\u00f3\u017cnice w stosunku do poprzednika: \u00a0 [&hellip;]<\/p>\n","protected":false},"featured_media":2837,"comment_status":"closed","ping_status":"open","template":"","meta":[],"product_cat":[116,32],"product_tag":[864,598,734,866],"class_list":["post-2836","product","type-product","status-publish","has-post-thumbnail","hentry","product_cat-britax-romer","product_cat-foteliki-samochodowe","product_tag-basen-warszawa","product_tag-co-na-roczek-dla-dziewczynki","product_tag-milan-imie","product_tag-opis-do-zdjecia-dziecka-na-fb"],"_links":{"self":[{"href":"http:\/\/klubmamgdynia.pl\/index.php\/wp-json\/wp\/v2\/product\/2836","targetHints":{"allow":["GET"]}}],"collection":[{"href":"http:\/\/klubmamgdynia.pl\/index.php\/wp-json\/wp\/v2\/product"}],"about":[{"href":"http:\/\/klubmamgdynia.pl\/index.php\/wp-json\/wp\/v2\/types\/product"}],"replies":[{"embeddable":true,"href":"http:\/\/klubmamgdynia.pl\/index.php\/wp-json\/wp\/v2\/comments?post=2836"}],"wp:featuredmedia":[{"embeddable":true,"href":"http:\/\/klubmamgdynia.pl\/index.php\/wp-json\/wp\/v2\/media\/2837"}],"wp:attachment":[{"href":"http:\/\/klubmamgdynia.pl\/index.php\/wp-json\/wp\/v2\/media?parent=2836"}],"wp:term":[{"taxonomy":"product_cat","embeddable":true,"href":"http:\/\/klubmamgdynia.pl\/index.php\/wp-json\/wp\/v2\/product_cat?post=2836"},{"taxonomy":"product_tag","embeddable":true,"href":"http:\/\/klubmamgdynia.pl\/index.php\/wp-json\/wp\/v2\/product_tag?post=2836"}],"curies":[{"name":"wp","href":"https:\/\/api.w.org\/{rel}","templated":true}]}}