{"id":2838,"date":"2013-02-03T05:44:08","date_gmt":"2013-02-03T04:44:08","guid":{"rendered":"http:\/\/klubmamgdynia.pl\/index.php\/produkt\/plastimyr-wanna-lea-skladana-w-gwiazdki-niebieskie\/"},"modified":"2026-04-28T14:46:50","modified_gmt":"2026-04-28T12:46:50","slug":"plastimyr-wanna-lea-skladana-w-gwiazdki-niebieskie","status":"publish","type":"product","link":"http:\/\/klubmamgdynia.pl\/index.php\/produkt\/plastimyr-wanna-lea-skladana-w-gwiazdki-niebieskie\/","title":{"rendered":"Plastimyr Wanna Lea Sk\u0142adana W Gwiazdki Niebieskie"},"content":{"rendered":"<p>Praktyczna sztywna wanienka ze sk\u0142adanym przewijakiem do przewijania lub ubierania dziecka. Stela\u017c jest sk\u0142adany, ma sztywn\u0105 tack\u0119 z zatyczk\u0105 i rurk\u0105 odp\u0142ywow\u0105, schowek na wszystkie niezb\u0119dne rzeczy dziecka oraz antypo\u015blizgowe n\u00f3\u017cki. Mo\u017ce by\u0107 umieszczony nad obszarem sanitarnym. Szczeg\u00f3\u0142y produktu: Design : Estrellas Azul Model: LEA Sk\u0142adana wanienka dla niemowl\u0105t Sztywna wanienka ze sk\u0142adanym przewijakiem z systemem antyprzechyleniowym Sk\u0142adany uk\u0142ad jezdny, sztywne wiadro z korkiem i rur\u0105 spustow\u0105 Schowek i antypo\u015blizgowe n\u00f3\u017cki \u0141atwe i kompaktowe zamykanie Wyprodukowano w Hiszpanii Ostrze\u017cenie: Pomoc w k\u0105pieli mo\u017ce by\u0107 u\u017cywana do czasu, gdy dziecko potrafi siedzie\u0107 bez podparcia. Pomoc do k\u0105pieli mo\u017ce by\u0107 u\u017cywana na stela\u017cu tylko do czasu, gdy dziecko spr\u00f3buje sta\u0107 samodzielnie. Siedziba firmy: Plastimyr Avda. Miguel Hern\u00e1ndez, 24 03700 DENIA, Alicante (Hiszpania)<\/p>\n<h2>Plastimyr Wanna Lea Sk\u0142adana W Gwiazdki Niebieskie <\/h2>\n<p>mi\u0142osz imie, maly kotek kotek kolorowanka, zagadka dla dzieci, kolorowanki do wydrukowania, zagadki na myslenie, mamo mamusiu pusto w mym brzusiu tekst<\/p>\n<p>yyyyy<\/p>\n<p>&nbsp;<\/p>\n","protected":false},"excerpt":{"rendered":"<p>Praktyczna sztywna wanienka ze sk\u0142adanym przewijakiem do przewijania lub ubierania dziecka. Stela\u017c jest sk\u0142adany, ma sztywn\u0105 tack\u0119 z zatyczk\u0105 i rurk\u0105 odp\u0142ywow\u0105, schowek na wszystkie niezb\u0119dne rzeczy dziecka oraz antypo\u015blizgowe n\u00f3\u017cki. Mo\u017ce by\u0107 umieszczony nad obszarem sanitarnym. Szczeg\u00f3\u0142y produktu: Design : Estrellas Azul Model: LEA Sk\u0142adana wanienka dla niemowl\u0105t Sztywna wanienka ze sk\u0142adanym przewijakiem z [&hellip;]<\/p>\n","protected":false},"featured_media":2839,"comment_status":"closed","ping_status":"open","template":"","meta":[],"product_cat":[958],"product_tag":[801,761,617,692,737,577],"class_list":["post-2838","product","type-product","status-publish","has-post-thumbnail","hentry","product_cat-komody-kapielowe-wanienki-i-przewijaki","product_tag-bajki-terapeutyczne-o-emocjach","product_tag-choinko-piekna-jak-las-tekst","product_tag-keyword","product_tag-prezenty-na-roczek","product_tag-test-z-lektury-felix-net-i-nika-oraz-gang-niewidzialnych-ludzi","product_tag-znaki-drogowe-test"],"_links":{"self":[{"href":"http:\/\/klubmamgdynia.pl\/index.php\/wp-json\/wp\/v2\/product\/2838","targetHints":{"allow":["GET"]}}],"collection":[{"href":"http:\/\/klubmamgdynia.pl\/index.php\/wp-json\/wp\/v2\/product"}],"about":[{"href":"http:\/\/klubmamgdynia.pl\/index.php\/wp-json\/wp\/v2\/types\/product"}],"replies":[{"embeddable":true,"href":"http:\/\/klubmamgdynia.pl\/index.php\/wp-json\/wp\/v2\/comments?post=2838"}],"wp:featuredmedia":[{"embeddable":true,"href":"http:\/\/klubmamgdynia.pl\/index.php\/wp-json\/wp\/v2\/media\/2839"}],"wp:attachment":[{"href":"http:\/\/klubmamgdynia.pl\/index.php\/wp-json\/wp\/v2\/media?parent=2838"}],"wp:term":[{"taxonomy":"product_cat","embeddable":true,"href":"http:\/\/klubmamgdynia.pl\/index.php\/wp-json\/wp\/v2\/product_cat?post=2838"},{"taxonomy":"product_tag","embeddable":true,"href":"http:\/\/klubmamgdynia.pl\/index.php\/wp-json\/wp\/v2\/product_tag?post=2838"}],"curies":[{"name":"wp","href":"https:\/\/api.w.org\/{rel}","templated":true}]}}