{"id":2840,"date":"2014-01-11T12:28:11","date_gmt":"2014-01-11T11:28:11","guid":{"rendered":"http:\/\/klubmamgdynia.pl\/index.php\/produkt\/lionelo-natt-concrete-spacerowy\/"},"modified":"2026-04-26T21:18:55","modified_gmt":"2026-04-26T19:18:55","slug":"lionelo-natt-concrete-spacerowy","status":"publish","type":"product","link":"http:\/\/klubmamgdynia.pl\/index.php\/produkt\/lionelo-natt-concrete-spacerowy\/","title":{"rendered":"Lionelo Natt Concrete Spacerowy"},"content":{"rendered":"<p>LIONELO NATT CONCRETE SPACEROWY<\/p>\n<p>W\u00f3zek Natt w odr\u00f3\u017cnieniu od<br \/>\nwi\u0119kszo\u015bci konkurencyjnych produkt\u00f3w zosta\u0142 dostosowany do dzieci wa\u017c\u0105cych<br \/>\nnawet 22 kg. Dzi\u0119ki temu Natt b\u0119dzie w pe\u0142ni komfortowy r\u00f3wnie\u017c dla wi\u0119kszych<br \/>\ndzieci \u2013 a\u017c do wieku 4 lat.W\u00f3zek dla ka\u017cdego maluszkaDzi\u0119ki regulacji oparcia od pozycji siedz\u0105cej do<br \/>\nle\u017c\u0105cej oraz regulacji podn\u00f3\u017cka w\u00f3zek Natt b\u0119dzie komfortowy w ka\u017cdej sytuacji<br \/>\n\u2013 wtedy, kiedy maluszek z zaciekawieniem patrzy na otaczaj\u0105cy \u015bwiat i wtedy,<br \/>\nkiedy ma ochot\u0119 na spokojny, regeneruj\u0105cy sen na \u015bwie\u017cym powietrzu. Mo\u017cliwo\u015b\u0107<br \/>\npo\u0142o\u017cenia oparcia ca\u0142kowicie poziomo sprawia, \u017ce Natt nadaje si\u0119 dla dzieci ju\u017c<br \/>\nod pierwszych dni \u017cycia. Regulacja oparcia odbywa si\u0119 p\u0142ynnie i bezstopniowo \u2013<br \/>\nbez budzenia dziecka..Budka w w\u00f3zku Natt jest wi\u0119ksza i d\u0142u\u017csza ni\u017c w<br \/>\ninnych w\u00f3zkach, dzi\u0119ki czemu nie tylko lepiej chroni maluszka przed wiatrem,<br \/>\ndeszczem i s\u0142o\u0144cem, ale tak\u017ce zapewnia mu wi\u0119cej miejsca. Za pomoc\u0105<br \/>\nprzejrzystego okienka rodzic w ka\u017cdej chwili mo\u017ce spojrze\u0107, czy maluszkowi<br \/>\nniczego nie brakuje \u2013 okienko zamykane jest za pomoc\u0105 wygodnego magnesu.Dzi\u0119ki du\u017cemu siedzisku o 35 cm szeroko\u015bci i 45<br \/>\ncm wysoko\u015bci w\u00f3zek b\u0119dzie wygodny dla dzieci o ka\u017cdym typie budowy cia\u0142a.<\/p>\n<p>Komfort w ka\u017cdych warunkachWygoda maluszka nie powinna zale\u017ce\u0107 od terenu.<br \/>\nKo\u0142a o \u015brednicy 9\u201d (tylne) i 7\u201d (przednie) zosta\u0142y wykonane z pianki EVA,<br \/>\ndzi\u0119ki czemu bardzo lekkie i zwrotne. Ko\u0142a s\u0105 w pe\u0142ni bezobs\u0142ugowe &#8211; nie<br \/>\nwymagaj\u0105 uci\u0105\u017cliwego pompowania, nie grozi im tak\u017ce ryzyko przebicia.Na zag\u0142\u00f3wku znajduje si\u0119 przewiewna siatka,<br \/>\nkt\u00f3ra po zwini\u0119ciu zewn\u0119trznego materia\u0142u (po z\u0142o\u017ceniu zapinanego na magnes)<br \/>\nzapewnia doskona\u0142\u0105 cyrkulacj\u0119 powietrza w cieplejsze dni. Ponadto dzi\u0119ki siatce<br \/>\nrodzic mo\u017ce ca\u0142y czas obserwowa\u0107 maluszka podczas jazdy i w ka\u017cdej chwili<br \/>\nsprawdzi\u0107, czy dziecku nic nie brakuje.Ko\u0142a zosta\u0142y wyposa\u017cone w obs\u0142ugiwany jedn\u0105 nog\u0105<br \/>\nhamulec gwarantuj\u0105cy bezpiecze\u0144stwo oraz opcjonaln\u0105 blokad\u0119 skr\u0119tu przednich<br \/>\nk\u00f3\u0142.<\/p>\n<p>Bezpieczna przestrze\u0144Wytrzyma\u0142e pasy zapewniaj\u0105 bezpiecze\u0144stwo<br \/>\npodczas jazdy. Dodatkowe poduszki zapobiegaj\u0105 otarciom wra\u017cliwej sk\u00f3ry dziecka.Na daszku umieszczone zosta\u0142y odblaskowe<br \/>\nelementy, dzi\u0119ki czemu w\u00f3zek jest lepiej widoczny nawet z wi\u0119kszej odleg\u0142o\u015bci \u2013<br \/>\nzw\u0142aszcza po zmroku.Dla komfortu maluszka pa\u0142\u0105k zosta\u0142 pokryty<br \/>\nzapinan\u0105 na zamek b\u0142yskawiczny tkanin\u0105 z piankowym, mi\u0119kkim wype\u0142nieniem.<br \/>\nStanowi\u00a0dodatkowe zabezpieczenie\u00a0przed wypadni\u0119ciem z w\u00f3zka. Pa\u0142\u0105k\u00a0mo\u017cna otworzy\u0107 z<br \/>\nobydwu stron\u00a0przy wk\u0142adaniu lub<br \/>\nwyjmowaniu dziecka z w\u00f3zka. Materia\u0142 na pa\u0142\u0105ku jest wyj\u0105tkowo \u0142atwy w<br \/>\nczyszczeniu \u2013 mo\u017cna go w prosty spos\u00f3b zdj\u0105\u0107.Sprawdzona jako\u015b\u0107W\u00f3zek zosta\u0142 poddany wieloetapowej weryfikacji &#8211;<br \/>\nprzeszed\u0142 zar\u00f3wno szereg wewn\u0119trznych kontroli, jak i testy w niezale\u017cnym<br \/>\nlaboratorium certyfikuj\u0105cym &#8211; Intertek. Pe\u0142na zgodno\u015b\u0107 z europejskim standardem<br \/>\nbezpiecze\u0144stwa EN 1888-2:2018.<\/p>\n<p>Najwy\u017csza staranno\u015b\u0107 wykonaniaR\u0105czka zosta\u0142a pokryta wysokojako\u015bciow\u0105<br \/>\neko-sk\u00f3r\u0105, kt\u00f3ra nie tylko \u015bwietnie wygl\u0105da, ale r\u00f3wnie\u017c znacznie poprawia<br \/>\nkomfort prowadzenia.Zastosowana w tapicerce tkanina o melan\u017cowym<br \/>\nsplocie jest bardzo wytrzyma\u0142a na przetarcia i rozci\u0105ganie, a przy tym<br \/>\nprzyjazna dla sk\u00f3ry ma\u0142ego podr\u00f3\u017cnika. Materia\u0142 ten bardzo \u0142atwo utrzyma\u0107 w<br \/>\nczysto\u015bci.Mocna i lekka konstrukcjaRama zosta\u0142a wykonana z wysokiej jako\u015bci metali,<br \/>\ndzi\u0119ki czemu nie odkszta\u0142ci si\u0119 nawet podczas d\u0142ugotrwa\u0142ego u\u017cytkowania. Pozwala<br \/>\nto na bezpieczne korzystanie przez dzieci a\u017c\u00a0do osi\u0105gni\u0119cia 48<br \/>\nmiesi\u0119cy lub wagi 22 kg.Sk\u0142adana konstrukcjaW\u00f3zek Natt zosta\u0142 wyposa\u017cony w prosty system<br \/>\nsk\u0142adania do kompaktowych rozmiar\u00f3w, dzi\u0119ki czemu nie zajmuje du\u017co miejsca, gdy<br \/>\nnie jest aktualnie u\u017cywany. Ca\u0142y proces zajmuje kilka sekund i mo\u017cna go wykona\u0107<br \/>\njednym ruchem.<\/p>\n<p>Praktyczne rozwi\u0105zaniaDu\u017cy<br \/>\n     kosz &#8211; ojemny kosz pomie\u015bci wszystkie potrzebne akcesoria piel\u0119gnacyjne i<br \/>\n     ulubione zabawki maluszka. Idealnie sprawdzi si\u0119 te\u017c podczas zakup\u00f3w.Podr\u0119czna<br \/>\n     kieszonka &#8211; umieszczona z ty\u0142u w\u00f3zka idealnie sprawdza si\u0119 do przechowania<br \/>\n     podr\u0119cznych przedmiot\u00f3w \u2013 ma\u0142ych zabawek dziecka lub portfela czy<br \/>\n     smartfona rodzica.Moskitiera<br \/>\n     &#8211; uszyta jest z przewiewnej siatki obszytej elastyczn\u0105 tkanin\u0105. Bardzo<br \/>\n     \u0142atwa w monta\u017cu, \u015bci\u015ble przylega do w\u00f3zka, gwarantuj\u0105c ochron\u0119 przed<br \/>\n     komarami oraz innymi nieproszonymi go\u015b\u0107mi. Moskitiera chowana jest w<br \/>\n     specjalnej kieszonce w podn\u00f3\u017cku w\u00f3zka, kt\u00f3r\u0105 mo\u017cna zapi\u0105\u0107 na zamek, dzi\u0119ki<br \/>\n     czemu jest zawsze pod r\u0119k\u0105.<\/p>\n<h2>Lionelo Natt Concrete Spacerowy Lionelo<\/h2>\n<p>smok wawelski bajka, walentynka kolorowanka, jak narysowa\u0107, kolorowanki kotki, julian, wroc\u0142aw atrakcje dla dzieci, oliwier znaczenie imienia, cytat o przyja\u017ani, test z lektury felix net i nika oraz gang niewidzialnych ludzi, co \u0142apie ale nie rzuca, maska do druku, menu urodzinowe dla dzieci w wieku 8 10 lat, znane misie z film\u00f3w animowanych<\/p>\n<p>yyyyy<\/p>\n<p>&nbsp;<\/p>\n","protected":false},"excerpt":{"rendered":"<p>LIONELO NATT CONCRETE SPACEROWY W\u00f3zek Natt w odr\u00f3\u017cnieniu od wi\u0119kszo\u015bci konkurencyjnych produkt\u00f3w zosta\u0142 dostosowany do dzieci wa\u017c\u0105cych nawet 22 kg. Dzi\u0119ki temu Natt b\u0119dzie w pe\u0142ni komfortowy r\u00f3wnie\u017c dla wi\u0119kszych dzieci \u2013 a\u017c do wieku 4 lat.W\u00f3zek dla ka\u017cdego maluszkaDzi\u0119ki regulacji oparcia od pozycji siedz\u0105cej do le\u017c\u0105cej oraz regulacji podn\u00f3\u017cka w\u00f3zek Natt b\u0119dzie komfortowy w [&hellip;]<\/p>\n","protected":false},"featured_media":2841,"comment_status":"closed","ping_status":"open","template":"","meta":[],"product_cat":[967,71],"product_tag":[676,851,673,785],"class_list":["post-2840","product","type-product","status-publish","has-post-thumbnail","hentry","product_cat-lionelo","product_cat-wozki-spacerowe","product_tag-bursztynek","product_tag-jak-narysowac-kota","product_tag-juz-blisko-koleda-tekst","product_tag-prezent-dla-nastolatkow"],"_links":{"self":[{"href":"http:\/\/klubmamgdynia.pl\/index.php\/wp-json\/wp\/v2\/product\/2840","targetHints":{"allow":["GET"]}}],"collection":[{"href":"http:\/\/klubmamgdynia.pl\/index.php\/wp-json\/wp\/v2\/product"}],"about":[{"href":"http:\/\/klubmamgdynia.pl\/index.php\/wp-json\/wp\/v2\/types\/product"}],"replies":[{"embeddable":true,"href":"http:\/\/klubmamgdynia.pl\/index.php\/wp-json\/wp\/v2\/comments?post=2840"}],"wp:featuredmedia":[{"embeddable":true,"href":"http:\/\/klubmamgdynia.pl\/index.php\/wp-json\/wp\/v2\/media\/2841"}],"wp:attachment":[{"href":"http:\/\/klubmamgdynia.pl\/index.php\/wp-json\/wp\/v2\/media?parent=2840"}],"wp:term":[{"taxonomy":"product_cat","embeddable":true,"href":"http:\/\/klubmamgdynia.pl\/index.php\/wp-json\/wp\/v2\/product_cat?post=2840"},{"taxonomy":"product_tag","embeddable":true,"href":"http:\/\/klubmamgdynia.pl\/index.php\/wp-json\/wp\/v2\/product_tag?post=2840"}],"curies":[{"name":"wp","href":"https:\/\/api.w.org\/{rel}","templated":true}]}}