{"id":2842,"date":"2015-06-26T11:51:00","date_gmt":"2015-06-26T09:51:00","guid":{"rendered":"http:\/\/klubmamgdynia.pl\/index.php\/produkt\/icom-poland-tor\/"},"modified":"2026-04-05T21:52:55","modified_gmt":"2026-04-05T19:52:55","slug":"icom-poland-tor","status":"publish","type":"product","link":"http:\/\/klubmamgdynia.pl\/index.php\/produkt\/icom-poland-tor\/","title":{"rendered":"Icom Poland Tor"},"content":{"rendered":"<p>TOR. Zabawka przeznaczona dla dzieci powy\u017cej 3 roku \u017cycia&#8230;.<\/p>\n<h2>Icom Poland Tor Icom Poland<\/h2>\n<p>w uk\u0142adzie s\u0142onecznym tekst, zagadka matematyczna, prezent dla 7 latka, ko\u0142ysanki teksty, leonardo imie, flagi \u015bwiata quiz, przyja\u017a\u0144 cytaty, cytat na dzie\u0144 matki, logiczne zagadki dla dzieci, znaczenie imienia alan, cytaty o nauczycielach, imi\u0119 mia, cytat dla mamy, ciasteczka na halloween dla dzieci, cytaty ma\u0142y ksi\u0105\u017ce, zaproszenie na urodziny do druku pdf, najlepsze zagadki, prezent na \u015bwi\u0119ta dla nastolatka, dziwne zagadki, oryginalny prezent dla nastolatk\u00f3w<\/p>\n<p>yyyyy<\/p>\n<p>&nbsp;<\/p>\n","protected":false},"excerpt":{"rendered":"<p>TOR. Zabawka przeznaczona dla dzieci powy\u017cej 3 roku \u017cycia&#8230;. Icom Poland Tor Icom Poland w uk\u0142adzie s\u0142onecznym tekst, zagadka matematyczna, prezent dla 7 latka, ko\u0142ysanki teksty, leonardo imie, flagi \u015bwiata quiz, przyja\u017a\u0144 cytaty, cytat na dzie\u0144 matki, logiczne zagadki dla dzieci, znaczenie imienia alan, cytaty o nauczycielach, imi\u0119 mia, cytat dla mamy, ciasteczka na halloween [&hellip;]<\/p>\n","protected":false},"featured_media":2843,"comment_status":"closed","ping_status":"open","template":"","meta":[],"product_cat":[332,141],"product_tag":[740,745,711,636,675],"class_list":["post-2842","product","type-product","status-publish","has-post-thumbnail","hentry","product_cat-icom-poland","product_cat-parkingi-garaze-i-tory-wyscigowe","product_tag-fajne-prezenty-dla-nastolatkow","product_tag-prezent-dla-15-latki","product_tag-prezenty-dla-nastolatkow","product_tag-teksty-kolysanek","product_tag-test-z-lektury-kajko-i-kokosz-szkola-latania"],"_links":{"self":[{"href":"http:\/\/klubmamgdynia.pl\/index.php\/wp-json\/wp\/v2\/product\/2842","targetHints":{"allow":["GET"]}}],"collection":[{"href":"http:\/\/klubmamgdynia.pl\/index.php\/wp-json\/wp\/v2\/product"}],"about":[{"href":"http:\/\/klubmamgdynia.pl\/index.php\/wp-json\/wp\/v2\/types\/product"}],"replies":[{"embeddable":true,"href":"http:\/\/klubmamgdynia.pl\/index.php\/wp-json\/wp\/v2\/comments?post=2842"}],"wp:featuredmedia":[{"embeddable":true,"href":"http:\/\/klubmamgdynia.pl\/index.php\/wp-json\/wp\/v2\/media\/2843"}],"wp:attachment":[{"href":"http:\/\/klubmamgdynia.pl\/index.php\/wp-json\/wp\/v2\/media?parent=2842"}],"wp:term":[{"taxonomy":"product_cat","embeddable":true,"href":"http:\/\/klubmamgdynia.pl\/index.php\/wp-json\/wp\/v2\/product_cat?post=2842"},{"taxonomy":"product_tag","embeddable":true,"href":"http:\/\/klubmamgdynia.pl\/index.php\/wp-json\/wp\/v2\/product_tag?post=2842"}],"curies":[{"name":"wp","href":"https:\/\/api.w.org\/{rel}","templated":true}]}}