{"id":2844,"date":"2015-08-11T08:11:36","date_gmt":"2015-08-11T06:11:36","guid":{"rendered":"http:\/\/klubmamgdynia.pl\/index.php\/produkt\/ty-beanie-boos-gumball-rozowo-nieb-jednorozec-15cm\/"},"modified":"2026-04-29T01:33:02","modified_gmt":"2026-04-28T23:33:02","slug":"ty-beanie-boos-gumball-rozowo-nieb-jednorozec-15cm","status":"publish","type":"product","link":"http:\/\/klubmamgdynia.pl\/index.php\/produkt\/ty-beanie-boos-gumball-rozowo-nieb-jednorozec-15cm\/","title":{"rendered":"Ty Beanie Boos Gumball r\u00f3\u017cowo-nieb jednoro\u017cec 15cm"},"content":{"rendered":"<p>Starannie wykonana z wysokiej jako\u015bci materia\u0142\u00f3w, urocza i mi\u0119kka w dotyku maskotka Beanie Boos &#8211; idealna do przytulania!&#8230;<\/p>\n<h2>Ty Beanie Boos Gumball r\u00f3\u017cowo-nieb jednoro\u017cec 15cm ty inc.<\/h2>\n<p>jeziora blisko warszawy, alan imi\u0119, imi\u0119 iwo, p\u0142onie ognisko w lesie, \u017carty na prima aprilis w domu<\/p>\n<p>yyyyy<\/p>\n<p>&nbsp;<\/p>\n","protected":false},"excerpt":{"rendered":"<p>Starannie wykonana z wysokiej jako\u015bci materia\u0142\u00f3w, urocza i mi\u0119kka w dotyku maskotka Beanie Boos &#8211; idealna do przytulania!&#8230; Ty Beanie Boos Gumball r\u00f3\u017cowo-nieb jednoro\u017cec 15cm ty inc. jeziora blisko warszawy, alan imi\u0119, imi\u0119 iwo, p\u0142onie ognisko w lesie, \u017carty na prima aprilis w domu yyyyy &nbsp;<\/p>\n","protected":false},"featured_media":2845,"comment_status":"closed","ping_status":"open","template":"","meta":[],"product_cat":[42,955],"product_tag":[740,626,667],"class_list":["post-2844","product","type-product","status-publish","has-post-thumbnail","hentry","product_cat-maskotki","product_cat-ty-inc","product_tag-fajne-prezenty-dla-nastolatkow","product_tag-jacek","product_tag-kolorowanka-lol"],"_links":{"self":[{"href":"http:\/\/klubmamgdynia.pl\/index.php\/wp-json\/wp\/v2\/product\/2844","targetHints":{"allow":["GET"]}}],"collection":[{"href":"http:\/\/klubmamgdynia.pl\/index.php\/wp-json\/wp\/v2\/product"}],"about":[{"href":"http:\/\/klubmamgdynia.pl\/index.php\/wp-json\/wp\/v2\/types\/product"}],"replies":[{"embeddable":true,"href":"http:\/\/klubmamgdynia.pl\/index.php\/wp-json\/wp\/v2\/comments?post=2844"}],"wp:featuredmedia":[{"embeddable":true,"href":"http:\/\/klubmamgdynia.pl\/index.php\/wp-json\/wp\/v2\/media\/2845"}],"wp:attachment":[{"href":"http:\/\/klubmamgdynia.pl\/index.php\/wp-json\/wp\/v2\/media?parent=2844"}],"wp:term":[{"taxonomy":"product_cat","embeddable":true,"href":"http:\/\/klubmamgdynia.pl\/index.php\/wp-json\/wp\/v2\/product_cat?post=2844"},{"taxonomy":"product_tag","embeddable":true,"href":"http:\/\/klubmamgdynia.pl\/index.php\/wp-json\/wp\/v2\/product_tag?post=2844"}],"curies":[{"name":"wp","href":"https:\/\/api.w.org\/{rel}","templated":true}]}}