{"id":2850,"date":"2012-09-02T13:58:55","date_gmt":"2012-09-02T11:58:55","guid":{"rendered":"http:\/\/klubmamgdynia.pl\/index.php\/produkt\/mw-drewniane-lozko-wysuwane-podwojne-200x90cm-pawelek-kolor-waniliowy\/"},"modified":"2026-04-05T23:58:34","modified_gmt":"2026-04-05T21:58:34","slug":"mw-drewniane-lozko-wysuwane-podwojne-200x90cm-pawelek-kolor-waniliowy","status":"publish","type":"product","link":"http:\/\/klubmamgdynia.pl\/index.php\/produkt\/mw-drewniane-lozko-wysuwane-podwojne-200x90cm-pawelek-kolor-waniliowy\/","title":{"rendered":"Mw Drewniane \u0141\u00f3\u017cko Wysuwane Podw\u00f3jne 200X90Cm Pawe\u0142ek Kolor Waniliowy"},"content":{"rendered":"<p>\u0141\u00f3\u017cko wysuwane podw\u00f3jne PAWE\u0141EK 200x90cm kolor waniliowy \u0141\u00f3\u017cko wykonane z najwy\u017cszej jako\u015bci drewna sosnowego na nowoczesnych maszynach stolarskich. W produkcji stosowane s\u0105 tylko atestowane materia\u0142y. D\u0142ugoletnie, komfortowe u\u017cytkowanie. \u0141\u00f3\u017cko Wykonane z drewna sosnowego Impregnowane i lakierowane 3-krotnie bezpiecznymi lakierami Barierka chroni\u0105ca przed upadkiem Maksymalne obci\u0105\u017cenie \u0142\u00f3\u017cka wynosi 190kg Zalecana maksymalna grubo\u015b\u0107 materaca to 10cm Idealne do pokoju rodze\u0144stwa \u0141\u00f3\u017cko nie posiada w zestawie materac\u00f3w Posiada certyfikat FSC Szuflada z funkcj\u0105 spania (\u0142\u00f3\u017cko wysuwane): Wysuwana na gumowych k\u00f3\u0142kach szuflada ze stela\u017cem sprawdzi si\u0119 idealnie dla rodzica lub ma\u0142ego go\u015bcia Maksymalna grubo\u015b\u0107 materaca w \u0142\u00f3\u017cku wysuwanym to 10cm Ud\u017awig \u0142\u00f3\u017cka wysuwanego wynosi oko\u0142o 90kg Powierzchnia spania wysuwu wynosi 190x90cm Wysoko\u015b\u0107 frontu szuflady wynosi 19cm Wysoko\u015b\u0107 bok\u00f3w i ty\u0142\u00f3w wynosi 12cm Standardowo szuflada jest w kolorze \u0142\u00f3\u017cka (istnieje mo\u017cliwo\u015b\u0107 zmiany koloru szuflady na jeden z poni\u017cszych, w przypadku zmiany koloru prosimy o umieszczenie takiej informacji w uwagach do zam\u00f3wienia)<\/p>\n<h2>Mw Drewniane \u0141\u00f3\u017cko Wysuwane Podw\u00f3jne 200X90Cm Pawe\u0142ek Kolor Waniliowy MW<\/h2>\n<p>proste \u017carty na prima aprilis, akademia pana kleksa test do druku, opowiadanie o jesieni dla dzieci, kolorowanka prezent, karty pracy polsko ukrai\u0144skie, zabawki na roczek, pi\u0119kne cytaty o synku<\/p>\n<p>yyyyy<\/p>\n<p>&nbsp;<\/p>\n","protected":false},"excerpt":{"rendered":"<p>\u0141\u00f3\u017cko wysuwane podw\u00f3jne PAWE\u0141EK 200x90cm kolor waniliowy \u0141\u00f3\u017cko wykonane z najwy\u017cszej jako\u015bci drewna sosnowego na nowoczesnych maszynach stolarskich. W produkcji stosowane s\u0105 tylko atestowane materia\u0142y. D\u0142ugoletnie, komfortowe u\u017cytkowanie. \u0141\u00f3\u017cko Wykonane z drewna sosnowego Impregnowane i lakierowane 3-krotnie bezpiecznymi lakierami Barierka chroni\u0105ca przed upadkiem Maksymalne obci\u0105\u017cenie \u0142\u00f3\u017cka wynosi 190kg Zalecana maksymalna grubo\u015b\u0107 materaca to 10cm Idealne [&hellip;]<\/p>\n","protected":false},"featured_media":2851,"comment_status":"closed","ping_status":"open","template":"","meta":[],"product_cat":[935,989],"product_tag":[772,848,673,731,682],"class_list":["post-2850","product","type-product","status-publish","has-post-thumbnail","hentry","product_cat-lozeczka-dzieciece","product_cat-mw","product_tag-45-panstw-europy-i-ich-stolice-quiz","product_tag-cytat-o-rodzinie","product_tag-juz-blisko-koleda-tekst","product_tag-maly-ksiaze-cytaty","product_tag-przyjazn-cytaty"],"_links":{"self":[{"href":"http:\/\/klubmamgdynia.pl\/index.php\/wp-json\/wp\/v2\/product\/2850","targetHints":{"allow":["GET"]}}],"collection":[{"href":"http:\/\/klubmamgdynia.pl\/index.php\/wp-json\/wp\/v2\/product"}],"about":[{"href":"http:\/\/klubmamgdynia.pl\/index.php\/wp-json\/wp\/v2\/types\/product"}],"replies":[{"embeddable":true,"href":"http:\/\/klubmamgdynia.pl\/index.php\/wp-json\/wp\/v2\/comments?post=2850"}],"wp:featuredmedia":[{"embeddable":true,"href":"http:\/\/klubmamgdynia.pl\/index.php\/wp-json\/wp\/v2\/media\/2851"}],"wp:attachment":[{"href":"http:\/\/klubmamgdynia.pl\/index.php\/wp-json\/wp\/v2\/media?parent=2850"}],"wp:term":[{"taxonomy":"product_cat","embeddable":true,"href":"http:\/\/klubmamgdynia.pl\/index.php\/wp-json\/wp\/v2\/product_cat?post=2850"},{"taxonomy":"product_tag","embeddable":true,"href":"http:\/\/klubmamgdynia.pl\/index.php\/wp-json\/wp\/v2\/product_tag?post=2850"}],"curies":[{"name":"wp","href":"https:\/\/api.w.org\/{rel}","templated":true}]}}