{"id":2852,"date":"2021-12-23T01:14:33","date_gmt":"2021-12-23T00:14:33","guid":{"rendered":"http:\/\/klubmamgdynia.pl\/index.php\/produkt\/fotelik-samochodowy-britax-romer-advansafix-m-isize-antracytowym-grupa-1-2-3\/"},"modified":"2026-04-06T08:19:48","modified_gmt":"2026-04-06T06:19:48","slug":"fotelik-samochodowy-britax-romer-advansafix-m-isize-antracytowym-grupa-1-2-3","status":"publish","type":"product","link":"http:\/\/klubmamgdynia.pl\/index.php\/produkt\/fotelik-samochodowy-britax-romer-advansafix-m-isize-antracytowym-grupa-1-2-3\/","title":{"rendered":"Fotelik samochodowy Britax R\u00f6mer Advansafix M-Isize Antracytowym Grupa 1\/2\/3"},"content":{"rendered":"<p>Limango.pl to internetowy klub zakupowy dla kobiet i m\u0142odych rodzin, w kt\u00f3rym mog\u0105 kupowa\u0107 wy\u0142\u0105cznie cz\u0142onkowie. W naszej ofercie znajdziecie produkty renomowanych marek &#8211; czasami nawet do 80% taniej.Organizujemy trwaj\u0105ce 3 do 7 dni kampanie sprzeda\u017cowe dla naszych cz\u0142onk\u00f3w w \u015bcis\u0142ej wsp\u00f3\u0142pracy ze znanymi markami z ca\u0142ej Europy.W limango, ze wzgl\u0119du na ograniczenie ilo\u015bciowe produkt\u00f3w obowi\u0105zuje zasada: &#8222;kto pierwszy, ten lepszy!&#8221;. Aby nie przeoczy\u0107 po\u017c\u0105danych produkt\u00f3w, odwiedzaj nas codziennie. Informacje o kampaniach otrzymujesz od nas rano przed ich rozpocz\u0119ciem poprzez rozsy\u0142any newsletter.W limango znajdziecie nie tylko produkty \u015bwiatowych marek, promujemy r\u00f3wnie\u017c uznanych i niszowych polskich producent\u00f3w oraz designer\u00f3w, kt\u00f3rzy tworz\u0105 \u015bwietne i wysokiej jako\u015bci produkty z takich obszar\u00f3w jak: moda, dodatki, odzie\u017c dzieci\u0119ca, obuwie, zdrowie &amp; uroda, sport, trendy &amp; gad\u017cety oraz styl \u017cycia.Wsp\u00f3\u0142pracuj\u0105c bezpo\u015brednio z producentami znanych marek, mo\u017cemy oferowa\u0107 Wam tak korzystne ceny.Opis produktu:- grupa 1\/2\/3: dla dzieci od 9 miesi\u0119cy do ok. 12 lat (9-36 kg)- mocowanie w samochodzie: baza Isofix lub 3-punktowy pas samochodowy- kierunek monta\u017cu: przodem do kierunku jazdy- system pas\u00f3w dla dziecka: zintegrowany, 5-punktowy pas bezpiecze\u0144stwa- system pas\u00f3w chowany w oparciu- p\u0142ynnie regulowana wysoko\u015b\u0107 zag\u0142\u00f3wka- boczna ochrona przed uderzeniami- poszycie: zdejmowane i nadaj\u0105ce si\u0119 do praniaUwaga: Ostatnie zdj\u0119cia maj\u0105 charakter pogl\u0105dowy i nie odpowiadaj\u0105 faktycznej przesy\u0142ce.<\/p>\n<h2>Fotelik samochodowy Britax R\u00f6mer Advansafix M-Isize Antracytowym Grupa 1\/2\/3 Britax &amp; Romer<\/h2>\n<p>zagadki o zawodach, maski karnawa\u0142owe dla dzieci szablony, maurycy, quizy dla przedszkolak\u00f3w, prezent dla 15 latki 2021, jak narysowa\u0107 \u017cab\u0119, pomysl na prezent na roczek, asiunia test, imie nadia, przyjed\u017a do nas miko\u0142aju tekst, karty pracy do druku litery, filmy animowane o \u015bwi\u0119tach, znaki drogowe test online, z\u0142ote my\u015bli cytaty o szkole i nauce, piosenka przyjed\u017a do nas miko\u0142aju, kolorowanka \u015bwi\u0105teczna do wydruku<\/p>\n<p>yyyyy<\/p>\n<p>&nbsp;<\/p>\n","protected":false},"excerpt":{"rendered":"<p>Limango.pl to internetowy klub zakupowy dla kobiet i m\u0142odych rodzin, w kt\u00f3rym mog\u0105 kupowa\u0107 wy\u0142\u0105cznie cz\u0142onkowie. W naszej ofercie znajdziecie produkty renomowanych marek &#8211; czasami nawet do 80% taniej.Organizujemy trwaj\u0105ce 3 do 7 dni kampanie sprzeda\u017cowe dla naszych cz\u0142onk\u00f3w w \u015bcis\u0142ej wsp\u00f3\u0142pracy ze znanymi markami z ca\u0142ej Europy.W limango, ze wzgl\u0119du na ograniczenie ilo\u015bciowe produkt\u00f3w [&hellip;]<\/p>\n","protected":false},"featured_media":2853,"comment_status":"closed","ping_status":"open","template":"","meta":[],"product_cat":[116,32],"product_tag":[753,751,595,823],"class_list":["post-2852","product","type-product","status-publish","has-post-thumbnail","hentry","product_cat-britax-romer","product_cat-foteliki-samochodowe","product_tag-kamila","product_tag-psi-patrol-kolorowanka","product_tag-zagadki-dla-6-latka","product_tag-zagadki-dla-dzieci-7-lat"],"_links":{"self":[{"href":"http:\/\/klubmamgdynia.pl\/index.php\/wp-json\/wp\/v2\/product\/2852","targetHints":{"allow":["GET"]}}],"collection":[{"href":"http:\/\/klubmamgdynia.pl\/index.php\/wp-json\/wp\/v2\/product"}],"about":[{"href":"http:\/\/klubmamgdynia.pl\/index.php\/wp-json\/wp\/v2\/types\/product"}],"replies":[{"embeddable":true,"href":"http:\/\/klubmamgdynia.pl\/index.php\/wp-json\/wp\/v2\/comments?post=2852"}],"wp:featuredmedia":[{"embeddable":true,"href":"http:\/\/klubmamgdynia.pl\/index.php\/wp-json\/wp\/v2\/media\/2853"}],"wp:attachment":[{"href":"http:\/\/klubmamgdynia.pl\/index.php\/wp-json\/wp\/v2\/media?parent=2852"}],"wp:term":[{"taxonomy":"product_cat","embeddable":true,"href":"http:\/\/klubmamgdynia.pl\/index.php\/wp-json\/wp\/v2\/product_cat?post=2852"},{"taxonomy":"product_tag","embeddable":true,"href":"http:\/\/klubmamgdynia.pl\/index.php\/wp-json\/wp\/v2\/product_tag?post=2852"}],"curies":[{"name":"wp","href":"https:\/\/api.w.org\/{rel}","templated":true}]}}