{"id":2854,"date":"2014-09-26T19:25:57","date_gmt":"2014-09-26T17:25:57","guid":{"rendered":"http:\/\/klubmamgdynia.pl\/index.php\/produkt\/cada-klocki-karuzela-zasilana-z-muzyka-i-czujnikiem-na-podczerwien\/"},"modified":"2026-04-14T18:38:06","modified_gmt":"2026-04-14T16:38:06","slug":"cada-klocki-karuzela-zasilana-z-muzyka-i-czujnikiem-na-podczerwien","status":"publish","type":"product","link":"http:\/\/klubmamgdynia.pl\/index.php\/produkt\/cada-klocki-karuzela-zasilana-z-muzyka-i-czujnikiem-na-podczerwien\/","title":{"rendered":"Cada Klocki Karuzela Zasilana Z Muzyk\u0105 I Czujnikiem Na Podczerwie\u0144"},"content":{"rendered":"<p>Karuzela zasilana z muzyk\u0105 i czujnikiem na podczerwie\u0144Wyprodukowane przez mark\u0119 Double Eagle klocki do budowy pojazd\u00f3w, figurek i wielu innych.Karuzela jest kolorowa i zosta\u0142a stworzona z a\u017c 685 element\u00f3w! Zasilana jest motorkiem, dzi\u0119ki czemu gra muzyk\u0119 obracaj\u0105c si\u0119, oraz dzia\u0142a na podczerwie\u0144; jeden ruch pozwala zatrzyma\u0107 ca\u0142\u0105 karuzel\u0119. Budowla potrafi si\u0119 obraca\u0107 o 360 stopni wok\u00f3\u0142 w\u0142asnej osi.Ten zestaw sprawdzi si\u0119 dla tych, kt\u00f3rzy lubi\u0105 projekty manualne i ch\u0119tnie rozwijaj\u0105 swoj\u0105 wyobra\u017ani\u0119.wymiary opakowania: 35 x 24 x 6 cmkod producenta: C51046Wprodukt odpowiedni dla dzieci powy\u017cej 6 roku \u017cycia.<\/p>\n<h2>Cada Klocki Karuzela Zasilana Z Muzyk\u0105 I Czujnikiem Na Podczerwie\u0144 Cada<\/h2>\n<p>zagadki dla dzieci z odpowiedziami, niezapomniany prezent na roczek, olaf znaczenie imienia, zagadka, cytaty o dzieciach, quizy hobbit<\/p>\n<p>yyyyy<\/p>\n<p>&nbsp;<\/p>\n","protected":false},"excerpt":{"rendered":"<p>Karuzela zasilana z muzyk\u0105 i czujnikiem na podczerwie\u0144Wyprodukowane przez mark\u0119 Double Eagle klocki do budowy pojazd\u00f3w, figurek i wielu innych.Karuzela jest kolorowa i zosta\u0142a stworzona z a\u017c 685 element\u00f3w! Zasilana jest motorkiem, dzi\u0119ki czemu gra muzyk\u0119 obracaj\u0105c si\u0119, oraz dzia\u0142a na podczerwie\u0144; jeden ruch pozwala zatrzyma\u0107 ca\u0142\u0105 karuzel\u0119. Budowla potrafi si\u0119 obraca\u0107 o 360 stopni [&hellip;]<\/p>\n","protected":false},"featured_media":2855,"comment_status":"closed","ping_status":"open","template":"","meta":[],"product_cat":[460,113],"product_tag":[598,680,690,771,595],"class_list":["post-2854","product","type-product","status-publish","has-post-thumbnail","hentry","product_cat-cada","product_cat-klocki","product_tag-co-na-roczek-dla-dziewczynki","product_tag-cytaty-z-malego-ksiecia","product_tag-pieski-male-dwa-tekst","product_tag-stolice-europy-quiz","product_tag-zagadki-dla-6-latka"],"_links":{"self":[{"href":"http:\/\/klubmamgdynia.pl\/index.php\/wp-json\/wp\/v2\/product\/2854","targetHints":{"allow":["GET"]}}],"collection":[{"href":"http:\/\/klubmamgdynia.pl\/index.php\/wp-json\/wp\/v2\/product"}],"about":[{"href":"http:\/\/klubmamgdynia.pl\/index.php\/wp-json\/wp\/v2\/types\/product"}],"replies":[{"embeddable":true,"href":"http:\/\/klubmamgdynia.pl\/index.php\/wp-json\/wp\/v2\/comments?post=2854"}],"wp:featuredmedia":[{"embeddable":true,"href":"http:\/\/klubmamgdynia.pl\/index.php\/wp-json\/wp\/v2\/media\/2855"}],"wp:attachment":[{"href":"http:\/\/klubmamgdynia.pl\/index.php\/wp-json\/wp\/v2\/media?parent=2854"}],"wp:term":[{"taxonomy":"product_cat","embeddable":true,"href":"http:\/\/klubmamgdynia.pl\/index.php\/wp-json\/wp\/v2\/product_cat?post=2854"},{"taxonomy":"product_tag","embeddable":true,"href":"http:\/\/klubmamgdynia.pl\/index.php\/wp-json\/wp\/v2\/product_tag?post=2854"}],"curies":[{"name":"wp","href":"https:\/\/api.w.org\/{rel}","templated":true}]}}