{"id":2856,"date":"2023-06-22T18:23:51","date_gmt":"2023-06-22T16:23:51","guid":{"rendered":"http:\/\/klubmamgdynia.pl\/?post_type=product&#038;p=2856"},"modified":"2026-05-02T14:35:13","modified_gmt":"2026-05-02T12:35:13","slug":"fotelik-samochodowy-camicco-pokrowiec-nakladka-oslonka-na-pasy-trzypunktowe-odcienie-niebieskiego","status":"publish","type":"product","link":"http:\/\/klubmamgdynia.pl\/index.php\/produkt\/fotelik-samochodowy-camicco-pokrowiec-nakladka-oslonka-na-pasy-trzypunktowe-odcienie-niebieskiego\/","title":{"rendered":"Fotelik samochodowy Camicco Pokrowiec Nak\u0142adka Os\u0142onka Na Pasy Trzypunktowe Odcienie Niebieskiego"},"content":{"rendered":"<p>OCHRANIACZE, OS\u0141ONKI NA PASY BEZPIECZE\u0143STWA DLA DZIECI &#8211; 41 KOLOR\u00d3W CAM121 \/ CAM122AUKCJA WYPRZEDA\u017bOWA PROSIMY ZWR\u00d3CI\u0106 UWAG\u0118 NA DOST\u0118PN\u0104 KOLORYSTYK\u0118 (cz\u0119\u015b\u0107 kolor\u00f3w dost\u0119pna w standardowej cenie w innej ofercie)Zestaw sk\u0142ada si\u0119 z dw\u00f3ch mi\u0119kkich ochraniaczy na pasy oraz specjalnej nak\u0142adki na klamr\u0119 \u0142\u0105cz\u0105c\u0105 pasy, kt\u00f3re chroni\u0105 i daj\u0105 komfort zapobiegaj\u0105c przed mo\u017cliwymi otarciami MaluszkaPRODUCENT CAMICCOIDEALNE DO WI\u0118KSZO\u015aCI RODZAJU:fotelika samochodowegow\u00f3zkale\u017caczkakrzese\u0142ka do jedzeniahu\u015btawkiPRODUKT POLSKINiekt\u00f3re wzory s\u0105 rozbudowane co mo\u017ce skutkowa\u0107 ukazaniem si\u0119 nieco innego elementu wzoru na po\u015bcieli ni\u017c przedstawiony na zdj\u0119ciuDost\u0119pne wzory:30. sowa puchacz ecru31. &#8212;- BRAK &#8212;&#8211;32. pomara\u0144czowy33. &#8212;- BRAK &#8212;&#8211;34. br\u0105zowy35. bia\u0142y36. &#8212;- BRAK &#8212;&#8211;37. pistacjowyPo zakupie prosimy o podanie koloru\/modelu przedmiotu do wysy\u0142kiUWAGA!!! &#8211; je\u015bli KOLOR\/WZ\u00d3R nie zostanie podany &#8211; zastrzegamy sobie prawo wysy\u0142ki LOSOWOJESTE\u015aMY PRODUCENTEM ARTYKU\u0141\u00d3W DZIECI\u0118CYCH &#8211; w naszej ofercie znajd\u0105 Pa\u0144stwo szeroki asortyment:akcesoria do w\u00f3zk\u00f3w dzieci\u0119cychakcesoria do fotelik\u00f3w samochodowychpo\u015bciele i wyposa\u017cenie \u0142\u00f3\u017ceczek dzieci\u0119cychfolie, organizery na fotel dla dziecisanki, sanki dwuosobowe, materacyki i \u015bpiworki do saneki wiele innych<\/p>\n<h2>Fotelik samochodowy Camicco Pokrowiec Nak\u0142adka Os\u0142onka Na Pasy Trzypunktowe Odcienie Niebieskiego <\/h2>\n<p>tymoteusz znaczenie imienia, piosenki na dobranoc dla dzieci + tekst, prezent dla ch\u0142opca 7 lat, ba\u015bniowe imiona \u017ce\u0144skie, natalia<\/p>\n<p>yyyyy<\/p>\n<p>&nbsp;<\/p>\n","protected":false},"excerpt":{"rendered":"<p>OCHRANIACZE, OS\u0141ONKI NA PASY BEZPIECZE\u0143STWA DLA DZIECI &#8211; 41 KOLOR\u00d3W CAM121 \/ CAM122AUKCJA WYPRZEDA\u017bOWA PROSIMY ZWR\u00d3CI\u0106 UWAG\u0118 NA DOST\u0118PN\u0104 KOLORYSTYK\u0118 (cz\u0119\u015b\u0107 kolor\u00f3w dost\u0119pna w standardowej cenie w innej ofercie)Zestaw sk\u0142ada si\u0119 z dw\u00f3ch mi\u0119kkich ochraniaczy na pasy oraz specjalnej nak\u0142adki na klamr\u0119 \u0142\u0105cz\u0105c\u0105 pasy, kt\u00f3re chroni\u0105 i daj\u0105 komfort zapobiegaj\u0105c przed mo\u017cliwymi otarciami MaluszkaPRODUCENT CAMICCOIDEALNE [&hellip;]<\/p>\n","protected":false},"featured_media":2857,"comment_status":"closed","ping_status":"open","template":"","meta":[],"product_cat":[32],"product_tag":[727,619,689,799,714],"class_list":["post-2856","product","type-product","status-publish","has-post-thumbnail","hentry","product_cat-foteliki-samochodowe","product_tag-godlo-polski-do-druku","product_tag-iwo-imie","product_tag-linda","product_tag-zagadka-logiczna","product_tag-zagadki-logiczne"],"_links":{"self":[{"href":"http:\/\/klubmamgdynia.pl\/index.php\/wp-json\/wp\/v2\/product\/2856","targetHints":{"allow":["GET"]}}],"collection":[{"href":"http:\/\/klubmamgdynia.pl\/index.php\/wp-json\/wp\/v2\/product"}],"about":[{"href":"http:\/\/klubmamgdynia.pl\/index.php\/wp-json\/wp\/v2\/types\/product"}],"replies":[{"embeddable":true,"href":"http:\/\/klubmamgdynia.pl\/index.php\/wp-json\/wp\/v2\/comments?post=2856"}],"wp:featuredmedia":[{"embeddable":true,"href":"http:\/\/klubmamgdynia.pl\/index.php\/wp-json\/wp\/v2\/media\/2857"}],"wp:attachment":[{"href":"http:\/\/klubmamgdynia.pl\/index.php\/wp-json\/wp\/v2\/media?parent=2856"}],"wp:term":[{"taxonomy":"product_cat","embeddable":true,"href":"http:\/\/klubmamgdynia.pl\/index.php\/wp-json\/wp\/v2\/product_cat?post=2856"},{"taxonomy":"product_tag","embeddable":true,"href":"http:\/\/klubmamgdynia.pl\/index.php\/wp-json\/wp\/v2\/product_tag?post=2856"}],"curies":[{"name":"wp","href":"https:\/\/api.w.org\/{rel}","templated":true}]}}