{"id":2858,"date":"2021-02-02T09:18:20","date_gmt":"2021-02-02T08:18:20","guid":{"rendered":"http:\/\/klubmamgdynia.pl\/index.php\/produkt\/fotelik-samochodowy-besafe-stretch-peak-mesh-0-36kg\/"},"modified":"2026-04-03T23:37:18","modified_gmt":"2026-04-03T21:37:18","slug":"fotelik-samochodowy-besafe-stretch-peak-mesh-0-36kg","status":"publish","type":"product","link":"http:\/\/klubmamgdynia.pl\/index.php\/produkt\/fotelik-samochodowy-besafe-stretch-peak-mesh-0-36kg\/","title":{"rendered":"Fotelik samochodowy Besafe Stretch Peak Mesh 0-36Kg"},"content":{"rendered":"<h2>Fotelik samochodowy Besafe Stretch Peak Mesh 0-36Kg BeSafe<\/h2>\n<p>trudne zagadki logiczne z odpowiedziami, quiz o dinozaurach, imiona \u017ce\u0144skie nietypowe, mia imie, kolorowanki wed\u0142ug kodu do druku, plac zabaw warszawa, r\u00f3\u017cne zagadki, quiz o hobbicie, aron imi\u0119, kr\u00f3tkie \u017cyczenia wielkanocne dla dzieci, imi\u0119 kuba, zaproszenie na urodziny, znaki drogowe quiz, sentencje na dzie\u0144 nauczyciela, cytaty korczak<\/p>\n<p>yyyyy<\/p>\n<p>&nbsp;<\/p>\n","protected":false},"excerpt":{"rendered":"<p>Fotelik samochodowy Besafe Stretch Peak Mesh 0-36Kg BeSafe trudne zagadki logiczne z odpowiedziami, quiz o dinozaurach, imiona \u017ce\u0144skie nietypowe, mia imie, kolorowanki wed\u0142ug kodu do druku, plac zabaw warszawa, r\u00f3\u017cne zagadki, quiz o hobbicie, aron imi\u0119, kr\u00f3tkie \u017cyczenia wielkanocne dla dzieci, imi\u0119 kuba, zaproszenie na urodziny, znaki drogowe quiz, sentencje na dzie\u0144 nauczyciela, cytaty korczak [&hellip;]<\/p>\n","protected":false},"featured_media":2859,"comment_status":"closed","ping_status":"open","template":"","meta":[],"product_cat":[969,32],"product_tag":[776,643,621,629,713],"class_list":["post-2858","product","type-product","status-publish","has-post-thumbnail","hentry","product_cat-besafe","product_cat-foteliki-samochodowe","product_tag-dobrej-nocy","product_tag-prezent-dla-17-latki","product_tag-prezenty-roczek","product_tag-smieszne-zagadki-z-odpowiedziami","product_tag-zagadki-logiczne-z-odpowiedziami"],"_links":{"self":[{"href":"http:\/\/klubmamgdynia.pl\/index.php\/wp-json\/wp\/v2\/product\/2858","targetHints":{"allow":["GET"]}}],"collection":[{"href":"http:\/\/klubmamgdynia.pl\/index.php\/wp-json\/wp\/v2\/product"}],"about":[{"href":"http:\/\/klubmamgdynia.pl\/index.php\/wp-json\/wp\/v2\/types\/product"}],"replies":[{"embeddable":true,"href":"http:\/\/klubmamgdynia.pl\/index.php\/wp-json\/wp\/v2\/comments?post=2858"}],"wp:featuredmedia":[{"embeddable":true,"href":"http:\/\/klubmamgdynia.pl\/index.php\/wp-json\/wp\/v2\/media\/2859"}],"wp:attachment":[{"href":"http:\/\/klubmamgdynia.pl\/index.php\/wp-json\/wp\/v2\/media?parent=2858"}],"wp:term":[{"taxonomy":"product_cat","embeddable":true,"href":"http:\/\/klubmamgdynia.pl\/index.php\/wp-json\/wp\/v2\/product_cat?post=2858"},{"taxonomy":"product_tag","embeddable":true,"href":"http:\/\/klubmamgdynia.pl\/index.php\/wp-json\/wp\/v2\/product_tag?post=2858"}],"curies":[{"name":"wp","href":"https:\/\/api.w.org\/{rel}","templated":true}]}}