{"id":2860,"date":"2015-04-25T17:08:11","date_gmt":"2015-04-25T15:08:11","guid":{"rendered":"http:\/\/klubmamgdynia.pl\/index.php\/produkt\/ty-beanie-boos-opal-pastelowy-kot-15-cm\/"},"modified":"2026-04-30T03:02:44","modified_gmt":"2026-04-30T01:02:44","slug":"ty-beanie-boos-opal-pastelowy-kot-15-cm","status":"publish","type":"product","link":"http:\/\/klubmamgdynia.pl\/index.php\/produkt\/ty-beanie-boos-opal-pastelowy-kot-15-cm\/","title":{"rendered":"Ty Beanie Boos Opal Pastelowy Kot 15 Cm"},"content":{"rendered":"<p>Maskotka Ty Kot pastelowy Opal 15 cmWykonane z super mi\u0119kkiej tkaniny Ty SilkB\u0142yszcz\u0105ce r\u00f3\u017cowe brokatowe oczyTeksturowane r\u00f3\u017cowe akcenty Super Sparkle na uszachLuksusowy bia\u0142y futrzany ko\u0142nierz i ogonInformacje o produkcieNr katalogowy36376Marka BeanieRodzaj KotkiWymagania wiekowe od 0 latP\u0142e\u0107 Ch\u0142opcyDziewczynkiKolor WielokolorowyProdukt na baterie NieBaterie w zestawie NieZasilanie Nie dotyczyWysoko\u015b\u0107 15 cm<\/p>\n<h2>Ty Beanie Boos Opal Pastelowy Kot 15 Cm ty inc.<\/h2>\n<p>mia i ja kolorowanka, kolorowanka wakacje, everest psi patrol, prima aprilis zarty, jak narysowa\u0107 koty, cukierku ty \u0142obuzie test, bajka o dinozaurach do czytania, tabliczka mno\u017cenia zadania do druku, lamiglowki slowne, kajko i kokosz test z lektury, wzruszajace cytaty o rodzinie, nadia imi\u0119, place zabaw warszawa<\/p>\n<p>yyyyy<\/p>\n<p>&nbsp;<\/p>\n","protected":false},"excerpt":{"rendered":"<p>Maskotka Ty Kot pastelowy Opal 15 cmWykonane z super mi\u0119kkiej tkaniny Ty SilkB\u0142yszcz\u0105ce r\u00f3\u017cowe brokatowe oczyTeksturowane r\u00f3\u017cowe akcenty Super Sparkle na uszachLuksusowy bia\u0142y futrzany ko\u0142nierz i ogonInformacje o produkcieNr katalogowy36376Marka BeanieRodzaj KotkiWymagania wiekowe od 0 latP\u0142e\u0107 Ch\u0142opcyDziewczynkiKolor WielokolorowyProdukt na baterie NieBaterie w zestawie NieZasilanie Nie dotyczyWysoko\u015b\u0107 15 cm Ty Beanie Boos Opal Pastelowy Kot 15 [&hellip;]<\/p>\n","protected":false},"featured_media":2861,"comment_status":"closed","ping_status":"open","template":"","meta":[],"product_cat":[42,955],"product_tag":[583,654,640,876],"class_list":["post-2860","product","type-product","status-publish","has-post-thumbnail","hentry","product_cat-maskotki","product_cat-ty-inc","product_tag-kolysanki-dla-dzieci-tekst","product_tag-krotkie-bajki-dla-dzieci-do-czytania","product_tag-prezent-dla-rocznej-dziewczynki","product_tag-przyjazn"],"_links":{"self":[{"href":"http:\/\/klubmamgdynia.pl\/index.php\/wp-json\/wp\/v2\/product\/2860","targetHints":{"allow":["GET"]}}],"collection":[{"href":"http:\/\/klubmamgdynia.pl\/index.php\/wp-json\/wp\/v2\/product"}],"about":[{"href":"http:\/\/klubmamgdynia.pl\/index.php\/wp-json\/wp\/v2\/types\/product"}],"replies":[{"embeddable":true,"href":"http:\/\/klubmamgdynia.pl\/index.php\/wp-json\/wp\/v2\/comments?post=2860"}],"wp:featuredmedia":[{"embeddable":true,"href":"http:\/\/klubmamgdynia.pl\/index.php\/wp-json\/wp\/v2\/media\/2861"}],"wp:attachment":[{"href":"http:\/\/klubmamgdynia.pl\/index.php\/wp-json\/wp\/v2\/media?parent=2860"}],"wp:term":[{"taxonomy":"product_cat","embeddable":true,"href":"http:\/\/klubmamgdynia.pl\/index.php\/wp-json\/wp\/v2\/product_cat?post=2860"},{"taxonomy":"product_tag","embeddable":true,"href":"http:\/\/klubmamgdynia.pl\/index.php\/wp-json\/wp\/v2\/product_tag?post=2860"}],"curies":[{"name":"wp","href":"https:\/\/api.w.org\/{rel}","templated":true}]}}