{"id":2864,"date":"2015-04-06T15:42:19","date_gmt":"2015-04-06T13:42:19","guid":{"rendered":"http:\/\/klubmamgdynia.pl\/index.php\/produkt\/lionelo-emma-plus-forest-green-spacerowy\/"},"modified":"2026-04-29T19:44:06","modified_gmt":"2026-04-29T17:44:06","slug":"lionelo-emma-plus-forest-green-spacerowy","status":"publish","type":"product","link":"http:\/\/klubmamgdynia.pl\/index.php\/produkt\/lionelo-emma-plus-forest-green-spacerowy\/","title":{"rendered":"Lionelo Emma Plus Forest Green Spacerowy"},"content":{"rendered":"<p>W\u00f3zek spacerowy Emma Plus Forest Green5-punktowe pasySzybkie i \u0142atwe sk\u0142adanieRegulowane oparcie do pozycji le\u017c\u0105cejLekka i wytrzyma\u0142a konstrukcjaUnikalny designDu\u017cy kosz na zakupyStylowe wyko\u0144czenia z eko-sk\u00f3ryTacka dla rodzica i dzieckaTorba w zestawieMocne amortyzatoryZakup bezpo\u015brednio od producentaWysok\u0105 jako\u015b\u0107, niezawodno\u015b\u0107 i bezpiecze\u0144stwo w\u00f3zka Emma potwierdza przyznany certyfikat SGS. Produkt spe\u0142nia dyrektywy EN 1888:2012. Dodatkowo potwierdza to specjalny pakiet Lionelo Assistance.Wi\u0119cej o pakiecie Lionelo Assistance znajdziesz w filmie na YouTube pod adresem https:\/\/youtu.be\/sgZbfDVV9OkEdycja limitowanaEko-sk\u00f3raR\u0105czka oraz podn\u00f3\u017cek zosta\u0142y pokryte wodoodporn\u0105 eko-sk\u00f3r\u0105 o wysokim wsp\u00f3\u0142czynniku wytrzyma\u0142o\u015bci. Dzi\u0119ki temu w\u00f3zek prowadzi si\u0119 jeszcze bardziej komfortowo, a podn\u00f3\u017cek jest bardzo \u0142atwy w utrzymaniu w czysto\u015bci nawet podczas spacer\u00f3w w trudniejszych warunkach.Wojskowy designEdycja Forest Green od edycji podstawowej r\u00f3\u017cni si\u0119 tak\u017ce oryginaln\u0105 militarn\u0105 stylistyk\u0105. Dodatkowe naszywki nadaj\u0105 w\u00f3zkowi unikalny charakter i wyr\u00f3\u017cniaj\u0105 go z t\u0142umu.Rodzinne spaceryRegulacja oparciaBezstopniowy system regulacji oparcia pozwala na swobodn\u0105 zmian\u0119 ustawienia, by maluszkowi zawsze by\u0142o wygodnie \u2013 od pozycji siedz\u0105cej do le\u017c\u0105cej.Przed\u0142u\u017cony daszek z okienkiemPrzed\u0142u\u017cona budka z mo\u017cliwo\u015bci\u0105 regulacji zapewnia dziecku jeszcze lepsz\u0105 ochron\u0119 przed promieniami s\u0142onecznymi, deszczem oraz wiatrem. Dzi\u0119ki przejrzystemu okienku rodzic w ka\u017cdej chwili mo\u017ce spojrze\u0107, czy maluszkowi niczego nie brakuje.U\u017cyteczna tackaNa przedniej tacce znajduje si\u0119 uchwyt na butelk\u0119 lub kubek oraz miejsce do zabawy. Mo\u017cna j\u0105 w prosty spos\u00f3b zdemontowa\u0107. Tacka stanowi r\u00f3wnie\u017c dodatkowe zabezpieczenie przed wypadni\u0119ciem z w\u00f3zka.Wygoda dziecka i rodzicaPraktyczna torbaW zestawie znajduje si\u0119 specjalna torba, kt\u00f3r\u0105 mo\u017cna zawiesi\u0107 na stela\u017cu w\u00f3zka lub nosi\u0107 na ramieniu. Pojemna torba ma du\u017c\u0105 kiesze\u0144 zapinan\u0105 na rzep oraz dwie mniejsze, zabezpieczone \u015bci\u0105gaczami.Organizer dla opiekunaNa r\u0105czce umieszczona jest druga tacka, kt\u00f3ra pe\u0142ni rol\u0119 organizera \u2013 wyposa\u017cona w 2 uchwyty na kubek oraz g\u0142\u0119boki pojemnik zapewni szybki dost\u0119p do najpotrzebniejszych przedmiot\u00f3w.Dodatkowa kieszonkaOpr\u00f3cz torby z ty\u0142u w\u00f3zka znajduje si\u0119 r\u00f3wnie\u017c zapinana na rzep kieszonka \u2013 w sam raz na smartfona czy ma\u0142\u0105 przek\u0105sk\u0119.Du\u017cy koszPojemny kosz pomie\u015bci wszystkie potrzebne akcesoria piel\u0119gnacyjne i ulubione zabawki maluszka. Idealnie sprawdzi si\u0119 te\u017c podczas zakup\u00f3w.Mocna i lekka konstrukcjaRama zosta\u0142a wykonana z wysokiej jako\u015bci metali, dzi\u0119ki czemu nie odkszta\u0142ci si\u0119 nawet podczas d\u0142ugotrwa\u0142ego u\u017cytkowania.5-punktowe pasyZapewniaj\u0105 wi\u0119ksze bezpiecze\u0144stwo podczas jazdy. Dodatkowe poduszki zwi\u0119kszaj\u0105 komfort podr\u00f3\u017cy oraz zapobiegaj\u0105 otarciom wra\u017cliwej sk\u00f3ry dziecka.Hamulec i blokada k\u00f3\u0142Na tylnej osi znajduje si\u0119 wygodny i szybki w u\u017cyciu hamulec obs\u0142ugiwany jedn\u0105 nog\u0105. Blokada obrotu przednich k\u00f3\u0142, aktywowana specjalnym przyciskiem, pomaga w utrzymaniu toru jazdy, gdy teren jest nier\u00f3wny.Blokada z\u0142o\u017ceniaW\u00f3zek wyposa\u017cony jest w specjalny system podw\u00f3jnego zabezpieczenia przed samoistnym z\u0142o\u017ceniem.Sprawdzona jako\u015b\u0107W\u00f3zek zosta\u0142 poddany wieloetapowej weryfikacji &#8211; przeszed\u0142 zar\u00f3wno szereg wewn\u0119trznych kontroli, jak i testy w niezale\u017cnym laboratorium certyfikuj\u0105cym &#8211; SGS. Pe\u0142na zgodno\u015b\u0107 z europejskim standardem bezpiecze\u0144stwa EN 1888:2012.Praktyczne rozwi\u0105zaniaSk\u0142adana konstrukcjaEmma Plus zosta\u0142a wyposa\u017cona w prosty system sk\u0142adania do kompaktowych rozmiar\u00f3w, dzi\u0119ki czemu nie zajmuje du\u017co miejsca, gdy nie jest aktualnie u\u017cywana. Ca\u0142y proces zajmuje kilka sekund i mo\u017cna go wykona\u0107 jednym ruchem. Dzi\u0119ki temu w\u00f3zek idealnie nadaje si\u0119 do podr\u00f3\u017cy.Amortyzowane ko\u0142aZamontowane w przednich ko\u0142ach amortyzatory zapewnian\u0105 maksymalny komfort i stabilizacj\u0119 jazdy, znacz\u0105co ograniczaj\u0105c wstrz\u0105sy podczas jazdy na nier\u00f3wnej nawierzchni.Taut lockDzi\u0119ki tej funkcji daszek mo\u017ce by\u0107 przez ca\u0142y czas napr\u0119\u017cony, by zapewnia\u0107 dziecku jeszcze lepsz\u0105 ochron\u0119.Emma Plus Forest Green na YouTubeSprawd\u017a funkcje i zalety w\u00f3zka Emma Plus Forest Green na naszym filmie na kanale YouTube.https:\/\/youtu.be\/jw5OQqxBz90<\/p>\n<h2>Lionelo Emma Plus Forest Green Spacerowy Lionelo<\/h2>\n<p>kira, malgorzata znaczenie imienia, zagadki slowne, gad\u017cety dla nastolatk\u00f3w 2021, bajki dla noworodka, cytat mama, quiz konie, quiz o \u015bwi\u0119tach bo\u017cego narodzenia, pomys\u0142 na prezent dla 15 latki, test z lektury miko\u0142ajek do druku, zagadki o wielkanocy, quiz o flagach europy, myszka miki kolorowanka, magiczne drzewo czerwone krzes\u0142o test<\/p>\n<p>yyyyy<\/p>\n<p>&nbsp;<\/p>\n","protected":false},"excerpt":{"rendered":"<p>W\u00f3zek spacerowy Emma Plus Forest Green5-punktowe pasySzybkie i \u0142atwe sk\u0142adanieRegulowane oparcie do pozycji le\u017c\u0105cejLekka i wytrzyma\u0142a konstrukcjaUnikalny designDu\u017cy kosz na zakupyStylowe wyko\u0144czenia z eko-sk\u00f3ryTacka dla rodzica i dzieckaTorba w zestawieMocne amortyzatoryZakup bezpo\u015brednio od producentaWysok\u0105 jako\u015b\u0107, niezawodno\u015b\u0107 i bezpiecze\u0144stwo w\u00f3zka Emma potwierdza przyznany certyfikat SGS. Produkt spe\u0142nia dyrektywy EN 1888:2012. Dodatkowo potwierdza to specjalny pakiet Lionelo [&hellip;]<\/p>\n","protected":false},"featured_media":2865,"comment_status":"closed","ping_status":"open","template":"","meta":[],"product_cat":[967,71],"product_tag":[852,807,629,679,615],"class_list":["post-2864","product","type-product","status-publish","has-post-thumbnail","hentry","product_cat-lionelo","product_cat-wozki-spacerowe","product_tag-jak-zrobic-samolot-z-papieru","product_tag-logiczne-zagadki","product_tag-smieszne-zagadki-z-odpowiedziami","product_tag-zabawki-na-roczek-dla-dziewczynki","product_tag-znane-misie-z-filmow-animowanych"],"_links":{"self":[{"href":"http:\/\/klubmamgdynia.pl\/index.php\/wp-json\/wp\/v2\/product\/2864","targetHints":{"allow":["GET"]}}],"collection":[{"href":"http:\/\/klubmamgdynia.pl\/index.php\/wp-json\/wp\/v2\/product"}],"about":[{"href":"http:\/\/klubmamgdynia.pl\/index.php\/wp-json\/wp\/v2\/types\/product"}],"replies":[{"embeddable":true,"href":"http:\/\/klubmamgdynia.pl\/index.php\/wp-json\/wp\/v2\/comments?post=2864"}],"wp:featuredmedia":[{"embeddable":true,"href":"http:\/\/klubmamgdynia.pl\/index.php\/wp-json\/wp\/v2\/media\/2865"}],"wp:attachment":[{"href":"http:\/\/klubmamgdynia.pl\/index.php\/wp-json\/wp\/v2\/media?parent=2864"}],"wp:term":[{"taxonomy":"product_cat","embeddable":true,"href":"http:\/\/klubmamgdynia.pl\/index.php\/wp-json\/wp\/v2\/product_cat?post=2864"},{"taxonomy":"product_tag","embeddable":true,"href":"http:\/\/klubmamgdynia.pl\/index.php\/wp-json\/wp\/v2\/product_tag?post=2864"}],"curies":[{"name":"wp","href":"https:\/\/api.w.org\/{rel}","templated":true}]}}