{"id":2870,"date":"2012-08-08T12:55:33","date_gmt":"2012-08-08T10:55:33","guid":{"rendered":"http:\/\/klubmamgdynia.pl\/index.php\/produkt\/fotelik-samochodowy-axkid-minikid-3-moss\/"},"modified":"2026-05-17T22:23:44","modified_gmt":"2026-05-17T20:23:44","slug":"fotelik-samochodowy-axkid-minikid-3-moss","status":"publish","type":"product","link":"http:\/\/klubmamgdynia.pl\/index.php\/produkt\/fotelik-samochodowy-axkid-minikid-3-moss\/","title":{"rendered":"Fotelik samochodowy Axkid Minikid 3 Moss"},"content":{"rendered":"<p>Szczeg\u00f3\u0142y produktu: Mo\u017ce by\u0107 u\u017cywany od 61 do 125 cm wysoko\u015bci cia\u0142a; do 7 lat; do 36 kg. Bardzo d\u0142ugi skok wsteczny Technologia dynamicznego zag\u0142\u00f3wka, kt\u00f3ry automatycznie dostosowuje si\u0119 do wzrostu i wymiar\u00f3w cia\u0142a dziecka 14 sta\u0142ych pozycji zag\u0142\u00f3wka Instalacja w 60 sekund Do 30 cm miejsca na nogi Ochrona z ka\u017cdej strony dzi\u0119ki systemowi AXKID Side Impact Protection (ASIP) Spos\u00f3b mocowania dziecka\/dzieci: 5-punktowe szelki bezpiecze\u0144stwa Spos\u00f3b monta\u017cu w samochodzie: ty\u0142em do kierunku jazdy Instalacja: 3-punktowy pas bezpiecze\u0144stwa samochodu Wymiary i waga: Wymiary (d\u0142ugo\u015b\u0107 x szeroko\u015b\u0107 x wysoko\u015b\u0107): 54 x 44 x 65 cm Masa produktu: 11,0 kg Materia\u0142 i piel\u0119gnacja: Materia\u0142: 100 % poliester Wskaz\u00f3wki piel\u0119gnacyjne: Mo\u017cna pra\u0107 w pralce w temperaturze 30\u00b0C W zestawie: Fotelik dla dziecka Reduktor gniazda AXKID Ochrona przed skutkami uderze\u0144 bocznych (ASIP) Podk\u0142adka pod uprz\u0105\u017c<\/p>\n<h2>Fotelik samochodowy Axkid Minikid 3 Moss Axkid<\/h2>\n<p>mini zoo warszawa, zagadki o wiosnie, kartka walentynkowa zrobiona przez dzieci, warszawa dla dzieci, zagadki o zwierz\u0119tach wiejskich, krzy\u017c\u00f3wki dla dzieci do druku, wzory zaprosze\u0144 zaproszenie na urodziny do druku pdf, kwiaty polne nazwy i zdj\u0119cia, jak narysowa\u0107 psa krok po kroku, najpi\u0119kniejsze cytaty dziecko cytaty, kwiaty polne nazwy, zagadki logiczne, prezent na 1 urodziny, quizy o minecraft, cytaty o dziecku, liwia znaczenie imienia, nauka literek do druku, imiona \u017ce\u0144skie nietypowe, zabawy na dzie\u0144 dziecka w szkole, prezent na 1 urodziny dla ch\u0142opca, atrakcje dla dzieci wroclaw<\/p>\n<p>yyyyy<\/p>\n<p>&nbsp;<\/p>\n","protected":false},"excerpt":{"rendered":"<p>Szczeg\u00f3\u0142y produktu: Mo\u017ce by\u0107 u\u017cywany od 61 do 125 cm wysoko\u015bci cia\u0142a; do 7 lat; do 36 kg. Bardzo d\u0142ugi skok wsteczny Technologia dynamicznego zag\u0142\u00f3wka, kt\u00f3ry automatycznie dostosowuje si\u0119 do wzrostu i wymiar\u00f3w cia\u0142a dziecka 14 sta\u0142ych pozycji zag\u0142\u00f3wka Instalacja w 60 sekund Do 30 cm miejsca na nogi Ochrona z ka\u017cdej strony dzi\u0119ki systemowi [&hellip;]<\/p>\n","protected":false},"featured_media":2871,"comment_status":"closed","ping_status":"open","template":"","meta":[],"product_cat":[991,32],"product_tag":[817,745,770,809],"class_list":["post-2870","product","type-product","status-publish","has-post-thumbnail","hentry","product_cat-axkid","product_cat-foteliki-samochodowe","product_tag-bajka-terapeutyczna-o-emocjach","product_tag-prezent-dla-15-latki","product_tag-samolot-z-papieru","product_tag-zagadki"],"_links":{"self":[{"href":"http:\/\/klubmamgdynia.pl\/index.php\/wp-json\/wp\/v2\/product\/2870","targetHints":{"allow":["GET"]}}],"collection":[{"href":"http:\/\/klubmamgdynia.pl\/index.php\/wp-json\/wp\/v2\/product"}],"about":[{"href":"http:\/\/klubmamgdynia.pl\/index.php\/wp-json\/wp\/v2\/types\/product"}],"replies":[{"embeddable":true,"href":"http:\/\/klubmamgdynia.pl\/index.php\/wp-json\/wp\/v2\/comments?post=2870"}],"wp:featuredmedia":[{"embeddable":true,"href":"http:\/\/klubmamgdynia.pl\/index.php\/wp-json\/wp\/v2\/media\/2871"}],"wp:attachment":[{"href":"http:\/\/klubmamgdynia.pl\/index.php\/wp-json\/wp\/v2\/media?parent=2870"}],"wp:term":[{"taxonomy":"product_cat","embeddable":true,"href":"http:\/\/klubmamgdynia.pl\/index.php\/wp-json\/wp\/v2\/product_cat?post=2870"},{"taxonomy":"product_tag","embeddable":true,"href":"http:\/\/klubmamgdynia.pl\/index.php\/wp-json\/wp\/v2\/product_tag?post=2870"}],"curies":[{"name":"wp","href":"https:\/\/api.w.org\/{rel}","templated":true}]}}