{"id":2874,"date":"2014-12-29T00:18:54","date_gmt":"2014-12-28T23:18:54","guid":{"rendered":"http:\/\/klubmamgdynia.pl\/index.php\/produkt\/icom-maszynka-do-robienia-baniek-na-baterie-hipcio\/"},"modified":"2026-04-29T21:11:15","modified_gmt":"2026-04-29T19:11:15","slug":"icom-maszynka-do-robienia-baniek-na-baterie-hipcio","status":"publish","type":"product","link":"http:\/\/klubmamgdynia.pl\/index.php\/produkt\/icom-maszynka-do-robienia-baniek-na-baterie-hipcio\/","title":{"rendered":"Icom Maszynka Do Robienia Baniek Na Baterie Hipcio"},"content":{"rendered":"<p>HIPCIO PUSZCZAJ\u0104CY BA\u0143KI NA BATERIE<\/p>\n<h2>Icom Maszynka Do Robienia Baniek Na Baterie Hipcio Icom<\/h2>\n<p>weso\u0142e pisanki tekst piosenki, stare piosenki, zagadki dla dzieci 10 lat, kolorowanki disney, kartka walentynkowa r\u0119cznie robiona \u0142atwa, ilona, zagadki dla dzieci o zwierz\u0119tach<\/p>\n<p>yyyyy<\/p>\n<p>&nbsp;<\/p>\n","protected":false},"excerpt":{"rendered":"<p>HIPCIO PUSZCZAJ\u0104CY BA\u0143KI NA BATERIE Icom Maszynka Do Robienia Baniek Na Baterie Hipcio Icom weso\u0142e pisanki tekst piosenki, stare piosenki, zagadki dla dzieci 10 lat, kolorowanki disney, kartka walentynkowa r\u0119cznie robiona \u0142atwa, ilona, zagadki dla dzieci o zwierz\u0119tach yyyyy &nbsp;<\/p>\n","protected":false},"featured_media":2875,"comment_status":"closed","ping_status":"open","template":"","meta":[],"product_cat":[472,102],"product_tag":[806,830,576,712],"class_list":["post-2874","product","type-product","status-publish","has-post-thumbnail","hentry","product_cat-banki-mydlane","product_cat-icom","product_tag-prezent-dla-dziecka-na-roczek","product_tag-rodzina-cytaty","product_tag-trudne-zagadki","product_tag-zagadki-o-zwierzetach"],"_links":{"self":[{"href":"http:\/\/klubmamgdynia.pl\/index.php\/wp-json\/wp\/v2\/product\/2874","targetHints":{"allow":["GET"]}}],"collection":[{"href":"http:\/\/klubmamgdynia.pl\/index.php\/wp-json\/wp\/v2\/product"}],"about":[{"href":"http:\/\/klubmamgdynia.pl\/index.php\/wp-json\/wp\/v2\/types\/product"}],"replies":[{"embeddable":true,"href":"http:\/\/klubmamgdynia.pl\/index.php\/wp-json\/wp\/v2\/comments?post=2874"}],"wp:featuredmedia":[{"embeddable":true,"href":"http:\/\/klubmamgdynia.pl\/index.php\/wp-json\/wp\/v2\/media\/2875"}],"wp:attachment":[{"href":"http:\/\/klubmamgdynia.pl\/index.php\/wp-json\/wp\/v2\/media?parent=2874"}],"wp:term":[{"taxonomy":"product_cat","embeddable":true,"href":"http:\/\/klubmamgdynia.pl\/index.php\/wp-json\/wp\/v2\/product_cat?post=2874"},{"taxonomy":"product_tag","embeddable":true,"href":"http:\/\/klubmamgdynia.pl\/index.php\/wp-json\/wp\/v2\/product_tag?post=2874"}],"curies":[{"name":"wp","href":"https:\/\/api.w.org\/{rel}","templated":true}]}}