{"id":2876,"date":"2016-09-17T14:57:35","date_gmt":"2016-09-17T12:57:35","guid":{"rendered":"http:\/\/klubmamgdynia.pl\/index.php\/produkt\/bella-podpaski-classic-nova-maxi-20szt-bella-panty-wkladki-60szt\/"},"modified":"2026-04-06T13:56:36","modified_gmt":"2026-04-06T11:56:36","slug":"bella-podpaski-classic-nova-maxi-20szt-bella-panty-wkladki-60szt","status":"publish","type":"product","link":"http:\/\/klubmamgdynia.pl\/index.php\/produkt\/bella-podpaski-classic-nova-maxi-20szt-bella-panty-wkladki-60szt\/","title":{"rendered":"Bella Podpaski Classic Nova Maxi 20szt + Bella Panty Wk\u0142adki 60szt"},"content":{"rendered":"<p>2x Podpaski Bella Classic Nova Maxi 20szt. + Wk\u0142adki Bella Panty 60szt. Podpaski klasyczne Bella Classic Nova Maxi Podpaska o wyd\u0142u\u017conym kszta\u0142cie dla kobiet, kt\u00f3rym nie wystarcza tradycyjna wielko, idealna na noc. Posiada os\u0142onki boczne, pokryta delikatn\u0105 foli\u0105 perforowan\u0105- sieteczk\u0105 drainette, zapewnia komfort i poczucie bezpiecze\u0144stwa. Podpaska przeznaczona dla kobiet ceni\u0105cych tradycyjn\u0105 grubo produktu 7mm. G\u0142\u00f3wne cechy produktu: odychaj\u0105ca folia izolacyjna, przyjazna dla sk\u00f3ry, umo\u017cliwia swobodny przep\u0142yw pary wodnej zapobiegaj\u0105c kumulowaniu sie wilgoci wewn\u0105trz cia\u0142a kobiety, os\u0142onki boczne, w kt\u00f3re zaopatrzone sa nasze podpaski stanowi\u0105 dodatkow\u0105 ochron\u0119 bielizny nie podra\u017cniaj\u0105c sk\u00f3ry, delikatna siateczka Drainette zapewnia komfort i poczucie bezpiecze\u0144stwa; zbudowana z tysi\u0119cy lejk\u00f3w szerszych u g\u00f3ry i w\u0119\u017cszych na dole \u2013 szybko wch\u0142ania wilgo\u0107 do wn\u0119trza, nie pozwalaj\u0105c jej na wydostanie si powrotem na powierzchni\u0119, ch\u0142onno 5\/5 wskazuje na maksymaln\u0105 ilo p\u0142ynu, kt\u00f3r\u0105 podpaska jest w stanie wch\u0142on\u0105\u0107. Dzi bocznym wyt\u0142oczeniom zastosowanym w podpaskach, przedostaj\u0105ca si\u0119 na nie wilgo\u0107 zostaje r\u00f3wnomiernie rozprowadzona. Najwy\u017cszy poziom ch\u0142onno\u015bci. Opakowanie: 2 x 18 sztuk Wk\u0142adki higieniczne klasyczne Bella Panty Classic 3 x 60szt. Klasyczne wk\u0142adki pomocne w utrzymaniu codziennej higieny. Pokryte s\u0105 miprzyjemn\u0105 w dotyku w\u0142\u00f3knin\u0105 softiplait. Ich standardowa grubo wynosi 3 milimetry. G\u0142\u00f3wne cechy produktu: wykonane z oddychaj\u0105cego laminatu ochronnego, kt\u00f3ry umo\u017cliwia swobodny przep\u0142yw powietrza, mia w dotyku w\u0142\u00f3knina nie powoduje podra\u017cnie\u0144, bezzapachowe. Opakowanie: 60szt.<\/p>\n<h2>Bella Podpaski Classic Nova Maxi 20szt + Bella Panty Wk\u0142adki 60szt TZMO<\/h2>\n<p>hello kitty kolorowanka, mitologia grecka quiz, kotki do druku, rado\u015b\u0107 dziecka cytaty, testy z lektury opowie\u015bci z narnii lew czarownica i stara szafa, \u0142amig\u0142\u00f3wki do druku, piesek kolorowanka, zagadki dla starszych dzieci, zagadki matematyczne dla dzieci 7 lat, kotki kolorowanka, na roczek dla dziewczynki, podchwytliwe zagadki, prezenty na roczek dla dziewczynki, kolorowanka pikachu, quiz o kosmosie dla dzieci, zabawy na dzie\u0144 dziecka w szkole, zagadka matematyczna, zagadki dla dzieci do druku<\/p>\n<p>yyyyy<\/p>\n<p>&nbsp;<\/p>\n","protected":false},"excerpt":{"rendered":"<p>2x Podpaski Bella Classic Nova Maxi 20szt. + Wk\u0142adki Bella Panty 60szt. Podpaski klasyczne Bella Classic Nova Maxi Podpaska o wyd\u0142u\u017conym kszta\u0142cie dla kobiet, kt\u00f3rym nie wystarcza tradycyjna wielko, idealna na noc. Posiada os\u0142onki boczne, pokryta delikatn\u0105 foli\u0105 perforowan\u0105- sieteczk\u0105 drainette, zapewnia komfort i poczucie bezpiecze\u0144stwa. Podpaska przeznaczona dla kobiet ceni\u0105cych tradycyjn\u0105 grubo produktu 7mm. [&hellip;]<\/p>\n","protected":false},"featured_media":2877,"comment_status":"closed","ping_status":"open","template":"","meta":[],"product_cat":[388,948],"product_tag":[838,832,681,589,586],"class_list":["post-2876","product","type-product","status-publish","has-post-thumbnail","hentry","product_cat-tzmo","product_cat-wkladki-higieniczne","product_tag-bajki-dla-dzieci-na-dobranoc","product_tag-desery-dla-dzieci","product_tag-flagi-europy-quiz","product_tag-prezent-dla-rocznego-dziecka","product_tag-smieszne-zagadki"],"_links":{"self":[{"href":"http:\/\/klubmamgdynia.pl\/index.php\/wp-json\/wp\/v2\/product\/2876","targetHints":{"allow":["GET"]}}],"collection":[{"href":"http:\/\/klubmamgdynia.pl\/index.php\/wp-json\/wp\/v2\/product"}],"about":[{"href":"http:\/\/klubmamgdynia.pl\/index.php\/wp-json\/wp\/v2\/types\/product"}],"replies":[{"embeddable":true,"href":"http:\/\/klubmamgdynia.pl\/index.php\/wp-json\/wp\/v2\/comments?post=2876"}],"wp:featuredmedia":[{"embeddable":true,"href":"http:\/\/klubmamgdynia.pl\/index.php\/wp-json\/wp\/v2\/media\/2877"}],"wp:attachment":[{"href":"http:\/\/klubmamgdynia.pl\/index.php\/wp-json\/wp\/v2\/media?parent=2876"}],"wp:term":[{"taxonomy":"product_cat","embeddable":true,"href":"http:\/\/klubmamgdynia.pl\/index.php\/wp-json\/wp\/v2\/product_cat?post=2876"},{"taxonomy":"product_tag","embeddable":true,"href":"http:\/\/klubmamgdynia.pl\/index.php\/wp-json\/wp\/v2\/product_tag?post=2876"}],"curies":[{"name":"wp","href":"https:\/\/api.w.org\/{rel}","templated":true}]}}