{"id":2880,"date":"2019-04-06T14:43:36","date_gmt":"2019-04-06T12:43:36","guid":{"rendered":"http:\/\/klubmamgdynia.pl\/index.php\/produkt\/gra-planszowa-alexander-chinczyk-trylma-0169\/"},"modified":"2026-04-08T23:31:09","modified_gmt":"2026-04-08T21:31:09","slug":"gra-planszowa-alexander-chinczyk-trylma-0169","status":"publish","type":"product","link":"http:\/\/klubmamgdynia.pl\/index.php\/produkt\/gra-planszowa-alexander-chinczyk-trylma-0169\/","title":{"rendered":"Gra planszowa Alexander Chi\u0144czyk Trylma 0169"},"content":{"rendered":"<p>Chi\u0144czykGra jest znana na ca\u0142ym \u015bwiecie. W Polsce zar\u00f3wno pod nazw\u0105 \u201eChi\u0144czyk\u201djak i \u201eCz\u0142owieku nie irytuj si\u0119\u201d. Jest gr\u0105 wielopokoleniow\u0105, popularn\u0105 zar\u00f3wno w\u015br\u00f3d m\u0142odych jak i starszych mi\u0142o\u015bnik\u00f3w. Rozgrywka mi\u0119dzy zawodnikami mo\u017ce przebiega\u0107 na wiele sposob\u00f3w, dzi\u0119ki czemu gra staje si\u0119 ciekawsza oraz sk\u0142ania do my\u015blenia i opracowywania nowych strategii.TrylmaKlasyczna Trylma to gra wymy\u015blona w 1883 lub 1884 roku przez Amerykanina George\u2019a Howarda Monksa, rozgrywana na kwadratowej planszy16x16 p\u00f3l. Jest to prosta gra rodzinna, w kt\u00f3rej o zwyci\u0119stwie nie decyduje szcz\u0119\u015bcie, ale dobre planowanie i w\u0142a\u015bciwa ocena sytuacji.Liczba graczy: 2 &#8211; 4Wiek graczy: od 5 latCzas gry: 30 min.Edycja: polskaInstrukcja: polskaPUDE\u0141KO ZAWIERA:dwustronna plansza49 pionk\u00f3w1 kostka do gryinstrukcja<\/p>\n<h2>Gra planszowa Alexander Chi\u0144czyk Trylma 0169 Alexander<\/h2>\n<p>wielkanocne zagadki, zagadki wielkanocne przedszkole, pomysl na prezent na roczek, imie pola, oskar imi\u0119, wzruszaj\u0105c\u0105 piosenka dla taty, cytat na dzie\u0144 mamy, zabawy ruchowe dla dzieci, piosenka dla mamy tekst, literki, kolorowanka super zings<\/p>\n<p>yyyyy<\/p>\n<p>&nbsp;<\/p>\n","protected":false},"excerpt":{"rendered":"<p>Chi\u0144czykGra jest znana na ca\u0142ym \u015bwiecie. W Polsce zar\u00f3wno pod nazw\u0105 \u201eChi\u0144czyk\u201djak i \u201eCz\u0142owieku nie irytuj si\u0119\u201d. Jest gr\u0105 wielopokoleniow\u0105, popularn\u0105 zar\u00f3wno w\u015br\u00f3d m\u0142odych jak i starszych mi\u0142o\u015bnik\u00f3w. Rozgrywka mi\u0119dzy zawodnikami mo\u017ce przebiega\u0107 na wiele sposob\u00f3w, dzi\u0119ki czemu gra staje si\u0119 ciekawsza oraz sk\u0142ania do my\u015blenia i opracowywania nowych strategii.TrylmaKlasyczna Trylma to gra wymy\u015blona w [&hellip;]<\/p>\n","protected":false},"featured_media":2881,"comment_status":"closed","ping_status":"open","template":"","meta":[],"product_cat":[246,235],"product_tag":[867,596,718],"class_list":["post-2880","product","type-product","status-publish","has-post-thumbnail","hentry","product_cat-alexander","product_cat-gry-planszowe","product_tag-kolorowanki-dla-dziewczynek","product_tag-pomysly-na-prima-aprilis","product_tag-prezent-na-roczek-dla-chrzesniaka"],"_links":{"self":[{"href":"http:\/\/klubmamgdynia.pl\/index.php\/wp-json\/wp\/v2\/product\/2880","targetHints":{"allow":["GET"]}}],"collection":[{"href":"http:\/\/klubmamgdynia.pl\/index.php\/wp-json\/wp\/v2\/product"}],"about":[{"href":"http:\/\/klubmamgdynia.pl\/index.php\/wp-json\/wp\/v2\/types\/product"}],"replies":[{"embeddable":true,"href":"http:\/\/klubmamgdynia.pl\/index.php\/wp-json\/wp\/v2\/comments?post=2880"}],"wp:featuredmedia":[{"embeddable":true,"href":"http:\/\/klubmamgdynia.pl\/index.php\/wp-json\/wp\/v2\/media\/2881"}],"wp:attachment":[{"href":"http:\/\/klubmamgdynia.pl\/index.php\/wp-json\/wp\/v2\/media?parent=2880"}],"wp:term":[{"taxonomy":"product_cat","embeddable":true,"href":"http:\/\/klubmamgdynia.pl\/index.php\/wp-json\/wp\/v2\/product_cat?post=2880"},{"taxonomy":"product_tag","embeddable":true,"href":"http:\/\/klubmamgdynia.pl\/index.php\/wp-json\/wp\/v2\/product_tag?post=2880"}],"curies":[{"name":"wp","href":"https:\/\/api.w.org\/{rel}","templated":true}]}}