{"id":2882,"date":"2020-02-02T12:37:02","date_gmt":"2020-02-02T11:37:02","guid":{"rendered":"http:\/\/klubmamgdynia.pl\/index.php\/produkt\/mis-gustaw-duzy-wielki-mis-pluszowy-gigant-90cm-amigo-bialy\/"},"modified":"2026-04-20T21:35:25","modified_gmt":"2026-04-20T19:35:25","slug":"mis-gustaw-duzy-wielki-mis-pluszowy-gigant-90cm-amigo-bialy","status":"publish","type":"product","link":"http:\/\/klubmamgdynia.pl\/index.php\/produkt\/mis-gustaw-duzy-wielki-mis-pluszowy-gigant-90cm-amigo-bialy\/","title":{"rendered":"Mi\u015b Gustaw Du\u017cy Wielki Mi\u015b Pluszowy Gigant 90Cm Amigo Bia\u0142y"},"content":{"rendered":"<p>Oferujemy Pa\u0144stwu Du\u017cego Misia Pluszowego Giganta. Zabawka jest wykonan\u0105 pod NASZ\u0104 mark\u0105 &#8222;Mi\u015b Gustaw&#8221;. Jest wielko\u015bci 90 cm. Wszystkie misie maj\u0105 certyfikat Unii Europejskiej. Dost\u0119pne s\u0105 w kolorach: jasny be\u017c, czekolada, bia\u0142y, r\u00f3\u017cowy, filetowyNasze misie wykonujemy w naszej fabryce dzi\u0119ki czemu mamy wp\u0142yw na jako\u015b\u0107 oraz WYPE\u0141NIENIE zabawki. Nie dostaniecie Pa\u0144stwo misia z lukami w wype\u0142nieniu.Dodatkowym plusem jest wzrost misia. Mierzymy misia jak cz\u0142owieka- czyli od st\u00f3p do ko\u0144ca g\u0142owy w pozycji stoj\u0105cej. Inni sprzedawcy stosuj\u0105 &#8222;dziwne metody pomiaru&#8221;Wybieraj\u0105c kuriera InPost, misie nadajemy w kartonach, przy wyborze innego kuriera lub Paczkomatu InPost jest to mocny foliopak.AUKCJA DOTYCZY KOLORU BIA\u0141EGO !!Je\u015bli interesuje Pa\u0144stwa inny kolor lub rozmiar prosimy o zakup na dedykowanej aukcji.Cechy g\u0142\u00f3wne:Mi\u015b pluszowy GUSTAWWielko\u015b\u0107 90cmkolor jasny be\u017c, r\u00f3\u017c, bia\u0142y, czekoladowy, fioletowyCertyfikowanyWYKONANY W POLSCE<\/p>\n<h2>Mi\u015b Gustaw Du\u017cy Wielki Mi\u015b Pluszowy Gigant 90Cm Amigo Bia\u0142y <\/h2>\n<p>bajki na dobranoc psi patrol, kajko i kokosz test z lektury, na wyspach bergamutach, gry dla nastolatk\u00f3w, wroc\u0142aw atrakcje dla dzieci, kartka walentynkow\u0105 przedszkole, kr\u00f3tkie bajki dla dzieci<\/p>\n<p>yyyyy<\/p>\n<p>&nbsp;<\/p>\n","protected":false},"excerpt":{"rendered":"<p>Oferujemy Pa\u0144stwu Du\u017cego Misia Pluszowego Giganta. Zabawka jest wykonan\u0105 pod NASZ\u0104 mark\u0105 &#8222;Mi\u015b Gustaw&#8221;. Jest wielko\u015bci 90 cm. Wszystkie misie maj\u0105 certyfikat Unii Europejskiej. Dost\u0119pne s\u0105 w kolorach: jasny be\u017c, czekolada, bia\u0142y, r\u00f3\u017cowy, filetowyNasze misie wykonujemy w naszej fabryce dzi\u0119ki czemu mamy wp\u0142yw na jako\u015b\u0107 oraz WYPE\u0141NIENIE zabawki. Nie dostaniecie Pa\u0144stwo misia z lukami w [&hellip;]<\/p>\n","protected":false},"featured_media":2883,"comment_status":"closed","ping_status":"open","template":"","meta":[],"product_cat":[42],"product_tag":[844,828,644,599,641,628,820],"class_list":["post-2882","product","type-product","status-publish","has-post-thumbnail","hentry","product_cat-maskotki","product_tag-co-kupic-na-roczek","product_tag-filmy-wigilijne-dla-dzieci","product_tag-mia","product_tag-prezent-dla-nastolatkow-2021","product_tag-trudne-zagadki-logiczne","product_tag-zagadka","product_tag-ziemia-wyspa-zielona-tekst"],"_links":{"self":[{"href":"http:\/\/klubmamgdynia.pl\/index.php\/wp-json\/wp\/v2\/product\/2882","targetHints":{"allow":["GET"]}}],"collection":[{"href":"http:\/\/klubmamgdynia.pl\/index.php\/wp-json\/wp\/v2\/product"}],"about":[{"href":"http:\/\/klubmamgdynia.pl\/index.php\/wp-json\/wp\/v2\/types\/product"}],"replies":[{"embeddable":true,"href":"http:\/\/klubmamgdynia.pl\/index.php\/wp-json\/wp\/v2\/comments?post=2882"}],"wp:featuredmedia":[{"embeddable":true,"href":"http:\/\/klubmamgdynia.pl\/index.php\/wp-json\/wp\/v2\/media\/2883"}],"wp:attachment":[{"href":"http:\/\/klubmamgdynia.pl\/index.php\/wp-json\/wp\/v2\/media?parent=2882"}],"wp:term":[{"taxonomy":"product_cat","embeddable":true,"href":"http:\/\/klubmamgdynia.pl\/index.php\/wp-json\/wp\/v2\/product_cat?post=2882"},{"taxonomy":"product_tag","embeddable":true,"href":"http:\/\/klubmamgdynia.pl\/index.php\/wp-json\/wp\/v2\/product_tag?post=2882"}],"curies":[{"name":"wp","href":"https:\/\/api.w.org\/{rel}","templated":true}]}}