{"id":2884,"date":"2025-08-24T13:13:55","date_gmt":"2025-08-24T11:13:55","guid":{"rendered":"http:\/\/klubmamgdynia.pl\/?post_type=product&#038;p=2884"},"modified":"2026-04-08T17:32:26","modified_gmt":"2026-04-08T15:32:26","slug":"kindsgut-nocnik-wieloryb-akwamaryna","status":"publish","type":"product","link":"http:\/\/klubmamgdynia.pl\/index.php\/produkt\/kindsgut-nocnik-wieloryb-akwamaryna\/","title":{"rendered":"Kindsgut Nocnik Wieloryb Akwamaryna"},"content":{"rendered":"<p>Nocnik dla dzieci marki Kindsgut to niezb\u0119dnik w Twojej \u0142azience. Pi\u0119kny design wieloryba jest nie tylko dekoracj\u0105, ale r\u00f3wnie\u017c wsparciem dla Twojego dziecka i sprawia, \u017ce nauka korzystania z nocnika staje si\u0119 wspania\u0142ym do\u015bwiadczeniem. Pomys\u0142owe oparcie oferuje najlepszy komfort, a specjalny gumowy sp\u00f3d zapobiega \u015blizganiu si\u0119. Kreatywny design wieloryba i wspania\u0142e kolory nie tylko wygl\u0105daj\u0105 niesamowicie, ale tak\u017ce sprawiaj\u0105, \u017ce nauka korzystania z nocnika jest \u015bwietn\u0105 zabaw\u0105 dla Ciebie i Twojego dziecka. Pojemnik wewn\u0119trzny mo\u017cna wyj\u0105\u0107 oddzielnie w celu wyczyszczenia. Dzi\u0119ki temu nocniczek jest bardzo praktyczny! Szczeg\u00f3\u0142y produktu: Antypo\u015blizgowy sp\u00f3d \u0141atwe do czyszczenia przyjazny dzieciom design Materia\u0142y przyjazne dla \u015brodowiska, wolne od substancji szkodliwych i odpowiednie dla dzieci Wymiary: d\u0142ugo\u015b\u0107: 34 cm x szeroko\u015b\u0107: 32 cm x wysoko\u015b\u0107: 28 cm Wewn\u0105trz: d\u0142ugo\u015b\u0107: 23 cm x szeroko\u015b\u0107: 22 cm x wysoko\u015b\u0107: 15 cm Waga: 1,02 kg Wsparcie dla wieloryb\u00f3w: Kupuj\u0105c ten produkt wspierasz ochron\u0119 wieloryb\u00f3w i ocean\u00f3w. Ksi\u0105\u017ceczka w zestawie: Ma\u0142y wieloryb Potty chce wreszcie pozby\u0107 si\u0119 pieluchy i &#8211; tak jak jego przyjaciele &#8211; nauczy\u0107 si\u0119 u\u017cywa\u0107 nocniczka. Poszukiwania odpowiedniego nocnika okazuj\u0105 si\u0119 jednak trudniejsze ni\u017c przypuszcza\u0142. Wraz ze swoim wiernym towarzyszem Schillim wybiera si\u0119 na poszukiwania. Pomoc wielorybom: \u015arodowisko naturalne i przysz\u0142o\u015b\u0107 naszych dzieci s\u0105 bardzo wa\u017cne, dlatego Kindsgut przekazuje darowizn\u0119 na rzecz renomowanej organizacji national whales.org za ka\u017cdy sprzedany nocniczek. Stanowi to wa\u017cny wk\u0142ad w ochron\u0119 najwi\u0119kszych ssak\u00f3w i ochron\u0119 ocean\u00f3w.<\/p>\n<h2>Kindsgut Nocnik Wieloryb Akwamaryna Kindsgut<\/h2>\n<p>imi\u0119 nadia, kolorowanka super zings, quizy flagi, kolorowanka lol, li\u015bcie jesienne szablon, literki dla dzieci, opis do zdj\u0119cia dziecka, zak\u0142adka do ksi\u0105\u017cki szablon<\/p>\n<p>yyyyy<\/p>\n<p>&nbsp;<\/p>\n","protected":false},"excerpt":{"rendered":"<p>Nocnik dla dzieci marki Kindsgut to niezb\u0119dnik w Twojej \u0142azience. Pi\u0119kny design wieloryba jest nie tylko dekoracj\u0105, ale r\u00f3wnie\u017c wsparciem dla Twojego dziecka i sprawia, \u017ce nauka korzystania z nocnika staje si\u0119 wspania\u0142ym do\u015bwiadczeniem. Pomys\u0142owe oparcie oferuje najlepszy komfort, a specjalny gumowy sp\u00f3d zapobiega \u015blizganiu si\u0119. Kreatywny design wieloryba i wspania\u0142e kolory nie tylko wygl\u0105daj\u0105 [&hellip;]<\/p>\n","protected":false},"featured_media":2885,"comment_status":"closed","ping_status":"open","template":"","meta":[],"product_cat":[139,354],"product_tag":[730,699,688,625,608,721],"class_list":["post-2884","product","type-product","status-publish","has-post-thumbnail","hentry","product_cat-kindsgut","product_cat-nocniki-nakladki-na-wc-i-podesty","product_tag-karyna","product_tag-kolorowanki-do-druku-dla-dziewczyn","product_tag-kolysanki-tekst","product_tag-trojmiasto-atrakcje-dla-dzieci","product_tag-zagadki-i-odpowiedzi","product_tag-zagadki-matematyczne"],"_links":{"self":[{"href":"http:\/\/klubmamgdynia.pl\/index.php\/wp-json\/wp\/v2\/product\/2884","targetHints":{"allow":["GET"]}}],"collection":[{"href":"http:\/\/klubmamgdynia.pl\/index.php\/wp-json\/wp\/v2\/product"}],"about":[{"href":"http:\/\/klubmamgdynia.pl\/index.php\/wp-json\/wp\/v2\/types\/product"}],"replies":[{"embeddable":true,"href":"http:\/\/klubmamgdynia.pl\/index.php\/wp-json\/wp\/v2\/comments?post=2884"}],"wp:featuredmedia":[{"embeddable":true,"href":"http:\/\/klubmamgdynia.pl\/index.php\/wp-json\/wp\/v2\/media\/2885"}],"wp:attachment":[{"href":"http:\/\/klubmamgdynia.pl\/index.php\/wp-json\/wp\/v2\/media?parent=2884"}],"wp:term":[{"taxonomy":"product_cat","embeddable":true,"href":"http:\/\/klubmamgdynia.pl\/index.php\/wp-json\/wp\/v2\/product_cat?post=2884"},{"taxonomy":"product_tag","embeddable":true,"href":"http:\/\/klubmamgdynia.pl\/index.php\/wp-json\/wp\/v2\/product_tag?post=2884"}],"curies":[{"name":"wp","href":"https:\/\/api.w.org\/{rel}","templated":true}]}}