{"id":2886,"date":"2020-12-05T23:03:54","date_gmt":"2020-12-05T22:03:54","guid":{"rendered":"http:\/\/klubmamgdynia.pl\/index.php\/produkt\/carbotex-posciel-bawelniana-160x200-kot-jednorozec-dla-dzieci-z-uszkami\/"},"modified":"2026-05-17T23:05:35","modified_gmt":"2026-05-17T21:05:35","slug":"carbotex-posciel-bawelniana-160x200-kot-jednorozec-dla-dzieci-z-uszkami","status":"publish","type":"product","link":"http:\/\/klubmamgdynia.pl\/index.php\/produkt\/carbotex-posciel-bawelniana-160x200-kot-jednorozec-dla-dzieci-z-uszkami\/","title":{"rendered":"Carbotex Po\u015bciel Bawe\u0142niana 160X200 Kot \/ Jednoro\u017cec Dla Dzieci Z Uszkami"},"content":{"rendered":"<p>Wykonana z najwy\u017cszej jako\u015bci bawe\u0142ny po\u015bciel z wyj\u0105tkowym nadrukiem z przeuroczym Kotem. Delikatna, jedwabista i mi\u0142a w dotyku. Wyposa\u017cona w wysokiej jako\u015bci zamek b\u0142yskawiczny os\u0142oni\u0119ty materia\u0142em, tak aby nie by\u0142 odczuwalny. \u017bywe kolory (kt\u00f3re nie blakn\u0105 nawet po wielu praniach) i ciekawy wz\u00f3r przykuwaj\u0105 uwag\u0119 i dodaj\u0105 uroku sypialni. Po\u015bciel posiada atest potwierdzaj\u0105cy spe\u0142nianie wszystkich wymog\u00f3w higienicznych dopuszczenia do u\u017cytku przez dzieci. W sk\u0142ad zestawu wchodz\u0105 dwa elementy: poszwa na po\u015bciel o wymiarach 160&#215;200 cm oraz poszewka na poduszk\u0119 o wymiarach 70&#215;80 cm. Po\u015bciel z nadrukiem prezentuj\u0105cym ulubione zwierz\u0119ta idealnie sprawdzi si\u0119 jako prezent np. na Dzie\u0144 Dziecka, urodziny lub \u015awi\u0119ta Bo\u017cego Narodzenia. Dane techniczne: wykonana w 100% z bawe\u0142ny dwa elementy w zestawie- poszwa na ko\u0142dr\u0119 160&#215;200 cm- poszewka na poduszk\u0119 70&#215;80 cm dwustronny nadruk poszewki wyposa\u017cone w zamek b\u0142yskawiczny certyfikat Oko-Tex Standard 100 Wskaz\u00f3wki dotycz\u0105ce prania, suszenia i prasowania: pra\u0107 w temperaturze do 40\u00b0C w celu zachowania nasyconych barw nale\u017cy przed praniem przewr\u00f3ci\u0107 poszewki na lew\u0105 stron\u0119 w celu unikni\u0119cia niedok\u0142adnego wyp\u0142ukania substancji pior\u0105cych przed w\u0142o\u017ceniem po\u015bcieli do b\u0119bna nale\u017cy zasun\u0105\u0107 suwaki w poszwach &#8211; wtedy elementy nie spl\u0105cz\u0105 si\u0119 mo\u017cna suszy\u0107 mechanicznie na niskich obrotach nie wybiela\u0107 prasowa\u0107 w temperaturze do 150\u00b0C<\/p>\n<h2>Carbotex Po\u015bciel Bawe\u0142niana 160X200 Kot \/ Jednoro\u017cec Dla Dzieci Z Uszkami Kik<\/h2>\n<p>zagadki dla dzieci 7 lat o zwierz\u0119tach, piosenka dla mamy tekst, kolorowanki kotka, zimowe zabawy dla dzieci, pomys\u0142 na prezent na roczek, zagadki z odpowiedziami dla dzieci, spiderman do druku, kolorowe kanapki kanapki dla dzieci, prezent na roczek nie zabawka, test miko\u0142ajek 25 pyta\u0144<\/p>\n<p>yyyyy<\/p>\n<p>&nbsp;<\/p>\n","protected":false},"excerpt":{"rendered":"<p>Wykonana z najwy\u017cszej jako\u015bci bawe\u0142ny po\u015bciel z wyj\u0105tkowym nadrukiem z przeuroczym Kotem. Delikatna, jedwabista i mi\u0142a w dotyku. Wyposa\u017cona w wysokiej jako\u015bci zamek b\u0142yskawiczny os\u0142oni\u0119ty materia\u0142em, tak aby nie by\u0142 odczuwalny. \u017bywe kolory (kt\u00f3re nie blakn\u0105 nawet po wielu praniach) i ciekawy wz\u00f3r przykuwaj\u0105 uwag\u0119 i dodaj\u0105 uroku sypialni. Po\u015bciel posiada atest potwierdzaj\u0105cy spe\u0142nianie wszystkich [&hellip;]<\/p>\n","protected":false},"featured_media":2887,"comment_status":"closed","ping_status":"open","template":"","meta":[],"product_cat":[165,994],"product_tag":[839,856,718,743],"class_list":["post-2886","product","type-product","status-publish","has-post-thumbnail","hentry","product_cat-kik","product_cat-komplety-poscieli-dla-dzieci","product_tag-bajki-na-dobranoc-do-czytania","product_tag-prezent-dla-16-latki","product_tag-prezent-na-roczek-dla-chrzesniaka","product_tag-quiz-dla-dzieci"],"_links":{"self":[{"href":"http:\/\/klubmamgdynia.pl\/index.php\/wp-json\/wp\/v2\/product\/2886","targetHints":{"allow":["GET"]}}],"collection":[{"href":"http:\/\/klubmamgdynia.pl\/index.php\/wp-json\/wp\/v2\/product"}],"about":[{"href":"http:\/\/klubmamgdynia.pl\/index.php\/wp-json\/wp\/v2\/types\/product"}],"replies":[{"embeddable":true,"href":"http:\/\/klubmamgdynia.pl\/index.php\/wp-json\/wp\/v2\/comments?post=2886"}],"wp:featuredmedia":[{"embeddable":true,"href":"http:\/\/klubmamgdynia.pl\/index.php\/wp-json\/wp\/v2\/media\/2887"}],"wp:attachment":[{"href":"http:\/\/klubmamgdynia.pl\/index.php\/wp-json\/wp\/v2\/media?parent=2886"}],"wp:term":[{"taxonomy":"product_cat","embeddable":true,"href":"http:\/\/klubmamgdynia.pl\/index.php\/wp-json\/wp\/v2\/product_cat?post=2886"},{"taxonomy":"product_tag","embeddable":true,"href":"http:\/\/klubmamgdynia.pl\/index.php\/wp-json\/wp\/v2\/product_tag?post=2886"}],"curies":[{"name":"wp","href":"https:\/\/api.w.org\/{rel}","templated":true}]}}