{"id":2888,"date":"2019-07-27T15:21:07","date_gmt":"2019-07-27T13:21:07","guid":{"rendered":"http:\/\/klubmamgdynia.pl\/index.php\/produkt\/maxi-cosi-lila-nomad-grey-spacerowy\/"},"modified":"2026-04-29T04:40:28","modified_gmt":"2026-04-29T02:40:28","slug":"maxi-cosi-lila-nomad-grey-spacerowy","status":"publish","type":"product","link":"http:\/\/klubmamgdynia.pl\/index.php\/produkt\/maxi-cosi-lila-nomad-grey-spacerowy\/","title":{"rendered":"Maxi-Cosi Lila Nomad Grey Spacerowy"},"content":{"rendered":"<p>Poznaj w\u00f3zek LilaKa\u017cdy rodzic chce trzyma\u0107 dziecko w swoich ramionach jak najd\u0142u\u017cej. Jednak kiedy musi je po\u0142o\u017cy\u0107, Lila oka\u017ce si\u0119 by\u0107 najlepszym miejscem. Zaprojektowany we wsp\u00f3\u0142pracy z pediatrami nasz nowy w\u00f3zek doskonale sprawdzi si\u0119 na d\u0142ugich spacerach.Najwy\u017cszy komfort podczas spacer\u00f3wWe wsp\u00f3\u0142pracy z pediatrami stworzyli\u015bmy otulaj\u0105c\u0105, ergonomiczn\u0105 wk\u0142adk\u0119 dla niemowl\u0105t ShapeofYou, aby zapewni\u0107 optymalny komfort ju\u017c od narodzin. N\u00f3\u017cki Twojego dziecka pozostaj\u0105 delikatnie uniesione, aby zapobiec ulewaniu si\u0119 i odkszta\u0142ceniom g\u0142owy. Czas na drzemk\u0119? Siedzisko Lila mo\u017cna szybko i \u0142atwo przekszta\u0142ci\u0107 w gondol\u0119 i pozwoli\u0107 dziecku zasn\u0105\u0107 w najwygodniejszej pozycji na p\u0142asko.\u0141atwo\u015b\u0107 u\u017cytkowaniaCzas na zapakowanie w\u00f3zka do baga\u017cnika lub wniesienie go do domu? Dzi\u0119ki systemowi sk\u0142adania jedn\u0105 r\u0119k\u0105 Lila nie sprawi \u017cadnego k\u0142opotu. A du\u017cy, wypinany kosz na zakupy to kolejne przemy\u015blane rozwi\u0105zanie &#8211; wszystko po to, by u\u0142atwi\u0107 \u017cycie zabieganym rodzicom.W\u0142a\u015bciwo\u015bci:\u2022Siedzisko z wielostopniow\u0105 regulacj\u0105, kt\u00f3re mo\u017cna zamieni\u0107 w gondol\u0119 i u\u017cywa\u0107 od narodzenia\u2022Siedzisko mo\u017cna montowa\u0107 przodem lub ty\u0142em do kierunku jazdy\u2022Shape 01 \u2013 ergonomiczna wk\u0142adka dla noworodk\u00f3w z pianki pami\u0119ciowej\u2022Du\u017cy daszek z ochron\u0105 UPF 50+\u2022W zestawie folia przeciwdeszczowa i uchwyt przed dzieckiem\u2022Oryginalny 5-punktowy system pas\u00f3w\u20224 amortyzatory \u0142agodz\u0105ce wstrz\u0105sy\u2022Najlepszy design\u2022System \u0142atwego hamowania\u2022Mo\u017cna zmieni\u0107 w podw\u00f3jny w\u00f3zek dla dzieci w r\u00f3\u017cnym wieku\u2022\u0141atwe sk\u0142adanie jedn\u0105 r\u0119k\u0105 oraz przestronny \u015bci\u0105gany kosz na zakupyParametry techniczne:\u2022wymiary (W x G\u0142 x Sz): 100 cm do 105 cm x 61cm x 104 cm\u2022ci\u0119\u017car: 12,80 kgMaxi-Cosi LilaSPACER\u00d3WKA i GONDOLASPACER\u00d3WKA \/ GONDOLAW ZESTAWIEstela\u017csiedzisko spacerowe \/ gondola &#8211; 2w1kosz na zakupy,budkapa\u0142\u0105kfolia przeciwdeszczowa,klip do parasolkiwierzchnie przykryciewk\u0142adka ShapeofYouMaxi Cosi Lila siedzisko 2w1 Siedzisko i gondola w jednymMaxi Cosi Lila oferuje ci innowacyjne siedzisko spacerowe z funkcj\u0105&#8230; gondoli!Z \u0142atwo\u015bci\u0105 przekszta\u0142cisz je w miejsce do spania w p\u0142askiej pozycji.Wystarczy szybki ruch r\u0119k\u0105, a siedzisko w\u00f3zka zamienia si\u0119 w przytuln\u0105 gondol\u0119.Najwy\u017cszy komfort podczas spacer\u00f3wWe wsp\u00f3\u0142pracy z pediatrami firma Maxi-Cosi stworzy\u0142a otulaj\u0105c\u0105,ergonomiczn\u0105 wk\u0142adk\u0119 dla niemowl\u0105t ShapeofYou,aby zapewni\u0107 optymalny komfort ju\u017c od narodzin.N\u00f3\u017cki Twojego dziecka pozostaj\u0105 delikatnie uniesione,aby zapobiec ulewaniu si\u0119 i odkszta\u0142ceniom g\u0142owy.Czas na drzemk\u0119? Siedzisko Lila mo\u017cna szybko i\u0142atwo przekszta\u0142ci\u0107 w gondol\u0119 i pozwoli\u0107 dziecku zasn\u0105\u0107w najwygodniejszej pozycji na p\u0142asko.CHARAKTERYSTYKA PRODUKTUW\u00f3zek spacerowy LILA od znanego i cenionego na ca\u0142ym \u015bwiecie producenta MAXI COSI to lekka i kompaktowa spacer\u00f3wka.B\u0119dzie odpowiednia dla dziecka do osi\u0105gni\u0119cia wagi 15 kg, czyli do oko\u0142o trzeciego roku \u017cycia.Dzi\u0119ki filtrowi UV 50 dziecko b\u0119dzie odpowiednio zabezpieczone przed szkodliwymi promieniami s\u0142onecznymi.Spacer\u00f3wka jest przystosowana do korzystania w ka\u017cdej porze roku.Dzi\u0119ki udogodnieniom rodzice b\u0119d\u0105 odczuwali komfort prowadzenia, a dziecko b\u0119dzie si\u0119 czu\u0142o bezpiecznie, z pewno\u015bci\u0105 doceni tak\u017ce du\u017cy poziom wygody.Niewielka waga i wymiar w\u00f3zka umo\u017cliwiaj\u0105 jego transportowanie w wi\u0119kszo\u015bci samochod\u00f3wBudka ma wbudowany wysoki filtr (UV 50) oraz dodatkowe okienko, kt\u00f3re razem doskonale sprawdz\u0105 si\u0119 podczas najcieplejszych dniDzi\u0119ki kilkustopniowej regulacji oparcia mo\u017cemy zapewni\u0107 maluszkowi najbardziej wygodn\u0105 i odpowiedni\u0105 dla niego pozycj\u0119Pi\u0119ciopunktowe pasy bezpiecze\u0144stwa oraz wypinany pa\u0142\u0105k zapewni\u0105 dziecku najwy\u017cszy poziom bezpiecze\u0144stwa podczas spacer\u00f3wPojemny kosz na zakupy.Przednie k\u00f3\u0142ka s\u0105 obrotowe o 360 stopni, a dodatkowo maj\u0105 blokad\u0119 do jazdy na wprost, co niew\u0105tpliwie prze\u0142o\u017cy si\u0119 na komfort rodzic\u00f3w i os\u00f3b prowadz\u0105cych w\u00f3zekKo\u0142a piankowe gwarantuj\u0105 lekko\u015b\u0107, s\u0105 tak\u017ce bezobs\u0142ugowe &#8211; nie trzeba ich dopompowywa\u0107 jak w przypadku k\u00f3\u0142ek pompowanychWaga 12,5kg<\/p>\n<h2>Maxi-Cosi Lila Nomad Grey Spacerowy Maxi-Cosi<\/h2>\n<p>kolorowanki do wydrukowania, trudne zagadki i odpowiedzi, \u0142amig\u0142\u00f3wki dla dzieci do druku, bajka o smoku wawelskim, bajki na dobranoc dla dzieci, wzory zaprosze\u0144 zaproszenie na urodziny do druku pdf, atrakcje dla dzieci warszawa, tr\u00f3jmiasto atrakcje dla dzieci, kolorowanki do pobrania, kolorowanki do wydruku postacie z bajek, zaj\u0119cia wielkanocne dla dzieci, bajki dla dzieci od 7 do 10 lat, zagadki na logike, oryginalny prezent na roczek, pomys\u0142 na prezent dla 15 latki, park ujazdowski<\/p>\n<p>yyyyy<\/p>\n<p>&nbsp;<\/p>\n","protected":false},"excerpt":{"rendered":"<p>Poznaj w\u00f3zek LilaKa\u017cdy rodzic chce trzyma\u0107 dziecko w swoich ramionach jak najd\u0142u\u017cej. Jednak kiedy musi je po\u0142o\u017cy\u0107, Lila oka\u017ce si\u0119 by\u0107 najlepszym miejscem. Zaprojektowany we wsp\u00f3\u0142pracy z pediatrami nasz nowy w\u00f3zek doskonale sprawdzi si\u0119 na d\u0142ugich spacerach.Najwy\u017cszy komfort podczas spacer\u00f3wWe wsp\u00f3\u0142pracy z pediatrami stworzyli\u015bmy otulaj\u0105c\u0105, ergonomiczn\u0105 wk\u0142adk\u0119 dla niemowl\u0105t ShapeofYou, aby zapewni\u0107 optymalny komfort ju\u017c [&hellip;]<\/p>\n","protected":false},"featured_media":2889,"comment_status":"closed","ping_status":"open","template":"","meta":[],"product_cat":[995,71],"product_tag":[827,828,674,824],"class_list":["post-2888","product","type-product","status-publish","has-post-thumbnail","hentry","product_cat-maxi-cosi","product_cat-wozki-spacerowe","product_tag-bajki-dla-niemowlat","product_tag-filmy-wigilijne-dla-dzieci","product_tag-miasto-dzieci","product_tag-warszawa-atrakcje-dla-dzieci"],"_links":{"self":[{"href":"http:\/\/klubmamgdynia.pl\/index.php\/wp-json\/wp\/v2\/product\/2888","targetHints":{"allow":["GET"]}}],"collection":[{"href":"http:\/\/klubmamgdynia.pl\/index.php\/wp-json\/wp\/v2\/product"}],"about":[{"href":"http:\/\/klubmamgdynia.pl\/index.php\/wp-json\/wp\/v2\/types\/product"}],"replies":[{"embeddable":true,"href":"http:\/\/klubmamgdynia.pl\/index.php\/wp-json\/wp\/v2\/comments?post=2888"}],"wp:featuredmedia":[{"embeddable":true,"href":"http:\/\/klubmamgdynia.pl\/index.php\/wp-json\/wp\/v2\/media\/2889"}],"wp:attachment":[{"href":"http:\/\/klubmamgdynia.pl\/index.php\/wp-json\/wp\/v2\/media?parent=2888"}],"wp:term":[{"taxonomy":"product_cat","embeddable":true,"href":"http:\/\/klubmamgdynia.pl\/index.php\/wp-json\/wp\/v2\/product_cat?post=2888"},{"taxonomy":"product_tag","embeddable":true,"href":"http:\/\/klubmamgdynia.pl\/index.php\/wp-json\/wp\/v2\/product_tag?post=2888"}],"curies":[{"name":"wp","href":"https:\/\/api.w.org\/{rel}","templated":true}]}}