{"id":289,"date":"2023-10-23T04:27:47","date_gmt":"2023-10-23T02:27:47","guid":{"rendered":"http:\/\/klubmamgdynia.pl\/index.php\/produkt\/eurobaby-zabawki-zabawka-stolik-z-projektorem-ebz22001\/"},"modified":"2026-04-04T03:01:11","modified_gmt":"2026-04-04T01:01:11","slug":"eurobaby-zabawki-zabawka-stolik-z-projektorem-ebz22001","status":"publish","type":"product","link":"http:\/\/klubmamgdynia.pl\/index.php\/produkt\/eurobaby-zabawki-zabawka-stolik-z-projektorem-ebz22001\/","title":{"rendered":"Eurobaby Zabawki Zabawka Stolik Z Projektorem (EBZ22001)"},"content":{"rendered":"<p>St\u00f3\u0142 z projektoremStolik: 30 x 25 x 37 cmPude\u0142ko: 28 x 23 x 12 cm<\/p>\n<h2>Eurobaby Zabawki Zabawka Stolik Z Projektorem (EBZ22001) Eurobaby<\/h2>\n<p>bajka terapeutyczna o dokuczaniu, opowie\u015bci z narni test, bajki dla chlopcow, ozdoby \u015bwi\u0105teczne z rolek po papierze toaletowym, \u017cyczenia bo\u017ce narodzenie oryginalne, jak narysowa\u0107 sanie miko\u0142aja<\/p>\n<p>yyyyy<\/p>\n<p>&nbsp;<\/p>\n","protected":false},"excerpt":{"rendered":"<p>St\u00f3\u0142 z projektoremStolik: 30 x 25 x 37 cmPude\u0142ko: 28 x 23 x 12 cm Eurobaby Zabawki Zabawka Stolik Z Projektorem (EBZ22001) Eurobaby bajka terapeutyczna o dokuczaniu, opowie\u015bci z narni test, bajki dla chlopcow, ozdoby \u015bwi\u0105teczne z rolek po papierze toaletowym, \u017cyczenia bo\u017ce narodzenie oryginalne, jak narysowa\u0107 sanie miko\u0142aja yyyyy &nbsp;<\/p>\n","protected":false},"featured_media":290,"comment_status":"closed","ping_status":"open","template":"","meta":[],"product_cat":[128,39],"product_tag":[754,628],"class_list":["post-289","product","type-product","status-publish","has-post-thumbnail","hentry","product_cat-eurobaby","product_cat-zabawki-interaktywne","product_tag-dyplomy-do-wydrukowania-a4","product_tag-zagadka"],"_links":{"self":[{"href":"http:\/\/klubmamgdynia.pl\/index.php\/wp-json\/wp\/v2\/product\/289","targetHints":{"allow":["GET"]}}],"collection":[{"href":"http:\/\/klubmamgdynia.pl\/index.php\/wp-json\/wp\/v2\/product"}],"about":[{"href":"http:\/\/klubmamgdynia.pl\/index.php\/wp-json\/wp\/v2\/types\/product"}],"replies":[{"embeddable":true,"href":"http:\/\/klubmamgdynia.pl\/index.php\/wp-json\/wp\/v2\/comments?post=289"}],"wp:featuredmedia":[{"embeddable":true,"href":"http:\/\/klubmamgdynia.pl\/index.php\/wp-json\/wp\/v2\/media\/290"}],"wp:attachment":[{"href":"http:\/\/klubmamgdynia.pl\/index.php\/wp-json\/wp\/v2\/media?parent=289"}],"wp:term":[{"taxonomy":"product_cat","embeddable":true,"href":"http:\/\/klubmamgdynia.pl\/index.php\/wp-json\/wp\/v2\/product_cat?post=289"},{"taxonomy":"product_tag","embeddable":true,"href":"http:\/\/klubmamgdynia.pl\/index.php\/wp-json\/wp\/v2\/product_tag?post=289"}],"curies":[{"name":"wp","href":"https:\/\/api.w.org\/{rel}","templated":true}]}}