{"id":2890,"date":"2022-01-29T09:01:13","date_gmt":"2022-01-29T08:01:13","guid":{"rendered":"http:\/\/klubmamgdynia.pl\/index.php\/produkt\/nici-brelok-papuga-dan-43895\/"},"modified":"2026-04-05T22:42:31","modified_gmt":"2026-04-05T20:42:31","slug":"nici-brelok-papuga-dan-43895","status":"publish","type":"product","link":"http:\/\/klubmamgdynia.pl\/index.php\/produkt\/nici-brelok-papuga-dan-43895\/","title":{"rendered":"Nici Brelok Papuga Dan (43895)"},"content":{"rendered":"<p>Brelok papuga Dan 10 cm WF36<\/p>\n<h2>Nici Brelok Papuga Dan (43895) Nici<\/h2>\n<p>sentencja dla dziecka, kanapki na urodziny dziecka, andrzejki dekoracje do druku, karty pracy dla dzieci z ukrainy, kolorowanki do druku dla doros\u0142ych, transformers kolorowanka, mini zoo warszawa, kiekrz, zagadki na myslenie, prezent dla rocznego dziecka, zabawy dla 5-6 latk\u00f3w, atrakcje dla nastolatk\u00f3w warszawa, bajka o \u017cabie, ada imie, eksperymenty dla dzieci wulkan, kwiecien plecien, kotek kolorowanka do druku, malowanki do wydruku, prezent dla dziewczynki 7 lat, trudne zagadki, bajki dla noworodka<\/p>\n<p>yyyyy<\/p>\n<p>&nbsp;<\/p>\n","protected":false},"excerpt":{"rendered":"<p>Brelok papuga Dan 10 cm WF36 Nici Brelok Papuga Dan (43895) Nici sentencja dla dziecka, kanapki na urodziny dziecka, andrzejki dekoracje do druku, karty pracy dla dzieci z ukrainy, kolorowanki do druku dla doros\u0142ych, transformers kolorowanka, mini zoo warszawa, kiekrz, zagadki na myslenie, prezent dla rocznego dziecka, zabawy dla 5-6 latk\u00f3w, atrakcje dla nastolatk\u00f3w warszawa, [&hellip;]<\/p>\n","protected":false},"featured_media":2891,"comment_status":"closed","ping_status":"open","template":"","meta":[],"product_cat":[42,961],"product_tag":[619,751,809,633],"class_list":["post-2890","product","type-product","status-publish","has-post-thumbnail","hentry","product_cat-maskotki","product_cat-nici","product_tag-iwo-imie","product_tag-psi-patrol-kolorowanka","product_tag-zagadki","product_tag-zagadki-z-odpowiedziami"],"_links":{"self":[{"href":"http:\/\/klubmamgdynia.pl\/index.php\/wp-json\/wp\/v2\/product\/2890","targetHints":{"allow":["GET"]}}],"collection":[{"href":"http:\/\/klubmamgdynia.pl\/index.php\/wp-json\/wp\/v2\/product"}],"about":[{"href":"http:\/\/klubmamgdynia.pl\/index.php\/wp-json\/wp\/v2\/types\/product"}],"replies":[{"embeddable":true,"href":"http:\/\/klubmamgdynia.pl\/index.php\/wp-json\/wp\/v2\/comments?post=2890"}],"wp:featuredmedia":[{"embeddable":true,"href":"http:\/\/klubmamgdynia.pl\/index.php\/wp-json\/wp\/v2\/media\/2891"}],"wp:attachment":[{"href":"http:\/\/klubmamgdynia.pl\/index.php\/wp-json\/wp\/v2\/media?parent=2890"}],"wp:term":[{"taxonomy":"product_cat","embeddable":true,"href":"http:\/\/klubmamgdynia.pl\/index.php\/wp-json\/wp\/v2\/product_cat?post=2890"},{"taxonomy":"product_tag","embeddable":true,"href":"http:\/\/klubmamgdynia.pl\/index.php\/wp-json\/wp\/v2\/product_tag?post=2890"}],"curies":[{"name":"wp","href":"https:\/\/api.w.org\/{rel}","templated":true}]}}