{"id":2892,"date":"2013-08-15T01:07:46","date_gmt":"2013-08-14T23:07:46","guid":{"rendered":"http:\/\/klubmamgdynia.pl\/index.php\/produkt\/norimpex-klocki-duze-plastikowe-konstrukcyjne-zestaw-400el\/"},"modified":"2026-04-06T03:10:25","modified_gmt":"2026-04-06T01:10:25","slug":"norimpex-klocki-duze-plastikowe-konstrukcyjne-zestaw-400el","status":"publish","type":"product","link":"http:\/\/klubmamgdynia.pl\/index.php\/produkt\/norimpex-klocki-duze-plastikowe-konstrukcyjne-zestaw-400el\/","title":{"rendered":"Norimpex Klocki Du\u017ce Plastikowe Konstrukcyjne Zestaw 400El"},"content":{"rendered":"<p>Polskie klocki konstrukcyjne K-2 W\u00f3r 400 ele.<\/p>\n<h2>Norimpex Klocki Du\u017ce Plastikowe Konstrukcyjne Zestaw 400El Norimpex<\/h2>\n<p>cyferki do druku, quizy za darmo, bursztynek bursztynek, prezent na urodziny dla nastolatk\u00f3w, zabawy ruchowe dla dzieci w przedszkolu, czapka g\u00f3rnika szablon chomikuj, prezent dla rocznego dziecka, kolorowanka spongebob, fajne zagadki, paloma, audiobooki dla dzieci za darmo, malowanki do druku, niech \u017cyj\u0105 wakacje, bajka dla dziewczynek, jak si\u0119 rysuje psa, kolorowanki minionki, glupie zagadki, bajki do czytania na dobranoc, prima aprilis \u017carty dla rodzic\u00f3w<\/p>\n<p>yyyyy<\/p>\n<p>&nbsp;<\/p>\n","protected":false},"excerpt":{"rendered":"<p>Polskie klocki konstrukcyjne K-2 W\u00f3r 400 ele. Norimpex Klocki Du\u017ce Plastikowe Konstrukcyjne Zestaw 400El Norimpex cyferki do druku, quizy za darmo, bursztynek bursztynek, prezent na urodziny dla nastolatk\u00f3w, zabawy ruchowe dla dzieci w przedszkolu, czapka g\u00f3rnika szablon chomikuj, prezent dla rocznego dziecka, kolorowanka spongebob, fajne zagadki, paloma, audiobooki dla dzieci za darmo, malowanki do druku, [&hellip;]<\/p>\n","protected":false},"featured_media":2893,"comment_status":"closed","ping_status":"open","template":"","meta":[],"product_cat":[113,554],"product_tag":[829,839,853,695,587,607],"class_list":["post-2892","product","type-product","status-publish","has-post-thumbnail","hentry","product_cat-klocki","product_cat-norimpex","product_tag-bajki-do-czytania-na-dobranoc","product_tag-bajki-na-dobranoc-do-czytania","product_tag-kolorowanki-do-druku-dla-doroslych","product_tag-rzadkie-imiona-zenskie","product_tag-skalne-miasto","product_tag-zarty-na-prima-aprilis-dla-rodzicow"],"_links":{"self":[{"href":"http:\/\/klubmamgdynia.pl\/index.php\/wp-json\/wp\/v2\/product\/2892","targetHints":{"allow":["GET"]}}],"collection":[{"href":"http:\/\/klubmamgdynia.pl\/index.php\/wp-json\/wp\/v2\/product"}],"about":[{"href":"http:\/\/klubmamgdynia.pl\/index.php\/wp-json\/wp\/v2\/types\/product"}],"replies":[{"embeddable":true,"href":"http:\/\/klubmamgdynia.pl\/index.php\/wp-json\/wp\/v2\/comments?post=2892"}],"wp:featuredmedia":[{"embeddable":true,"href":"http:\/\/klubmamgdynia.pl\/index.php\/wp-json\/wp\/v2\/media\/2893"}],"wp:attachment":[{"href":"http:\/\/klubmamgdynia.pl\/index.php\/wp-json\/wp\/v2\/media?parent=2892"}],"wp:term":[{"taxonomy":"product_cat","embeddable":true,"href":"http:\/\/klubmamgdynia.pl\/index.php\/wp-json\/wp\/v2\/product_cat?post=2892"},{"taxonomy":"product_tag","embeddable":true,"href":"http:\/\/klubmamgdynia.pl\/index.php\/wp-json\/wp\/v2\/product_tag?post=2892"}],"curies":[{"name":"wp","href":"https:\/\/api.w.org\/{rel}","templated":true}]}}