{"id":2894,"date":"2017-01-20T17:43:38","date_gmt":"2017-01-20T16:43:38","guid":{"rendered":"http:\/\/klubmamgdynia.pl\/index.php\/produkt\/plus-plus-midi-100-klockow-basic-3210\/"},"modified":"2026-04-30T18:05:06","modified_gmt":"2026-04-30T16:05:06","slug":"plus-plus-midi-100-klockow-basic-3210","status":"publish","type":"product","link":"http:\/\/klubmamgdynia.pl\/index.php\/produkt\/plus-plus-midi-100-klockow-basic-3210\/","title":{"rendered":"Plus-Plus Midi 100 Klock\u00f3w Basic 3210"},"content":{"rendered":"<p>Klocki Plus-Plus to du\u0144ski design w czystej postaci.Klocki du\u0144skiej firmy Plus-Plus rozwijaj\u0105 dzieci\u0119c\u0105 wyobra\u017ani\u0119. Charakteryzuj\u0105 si\u0119 wysok\u0105 dok\u0142adno\u015bci\u0105 wykonania. Prosty spos\u00f3b \u0142\u0105czenia, daje mo\u017cliwo\u015b\u0107 budowy zar\u00f3wno p\u0142askich jak i przestrzennych konstrukcji. Jedynym narz\u0119dziem jest dzieci\u0119ca wyobra\u017ania. Klocki Plus-Plus s\u0105 bardzo przyjemne w dotyku co sprawia, \u017ce budowanie z nich jest relaksuj\u0105ce.Plus \u2013 Plus to klocki, dzi\u0119ki kt\u00f3rym, Twoje dziecko rozwinie swoja\u0328 wyobra\u017ani\u0119\u0328, zre\u0328cznos\u0301c\u0301 i cierpliwos\u0301c\u0301. To ro\u0301wniez\u0307 s\u0301wietna zabawa dla przyjacio\u0301\u0142 Twojego dziecka, wspo\u0301lnie moz\u0307na zbudowac\u0301 wie\u0328cej. A po zbudowaniu wymarzonych modeli dzieci moga\u0328 wspo\u0301lnie bawic\u0301 sie\u0328 nimi. Pomagaj\u0105 rozwija\u0107 zdolno\u015bci manualne i kreatywno\u015b\u0107 u dzieci. Polecamy je tak\u017ce starszym wielbicielom klock\u00f3w. Plus-Plus nie zawieraj\u0105 PVC oraz ftalan\u00f3w. Klocki spe\u0142niaj\u0105 europejskie normy bezpiecze\u0144stwa. Klocki Plus-Plus otrzyma\u0142y nagrod\u0119 w konkursie Najlepszy Produkt Targ\u00f3w KIDS BIZ FAIR 2012 w kategorii zabawka.Klocki Plus-Plus w wersji Midi (50 mm) zaprojektowano specjalnie dla najm\u0142odszych dzieci. Klocki s\u0105 wi\u0119ksze aby u\u0142atwi\u0107 zabaw\u0119 ma\u0142ym r\u0105czkom. Klocki przeznaczone dla dzieci powy\u017cej 3 roku \u017cycia. Zestaw zawiera 100 sztuk klock\u00f3w Midi w kolorach podstawowych. Mo\u017cna \u0142\u0105czy\u0107 z innymi zestawami midi.Producent: PLUS PLUSLiczba element\u00f3w: 100Numer katalogowy: 3210Wymiary opakowania ( cm ): 14 x 14 x 14 \u2013 1 kgWyprodukowano w DaniiKategoria wiekowa: 3+<\/p>\n<h2>Plus-Plus Midi 100 Klock\u00f3w Basic 3210 Plus Plus<\/h2>\n<p>bajki na dobranoc do czytania, ja\u015bmina imie, test z dynastii mizio\u0142k\u00f3w, kolorowanka pokemon, zabawy z pi\u0142k\u0105, quiz opowie\u015bci z narnii, piosenki na dobranoc dla dzieci + tekst, wierszyki o wakacjach kr\u00f3tkie, bajki dla niemowl\u0105t, kuku\u0142eczka kuka tekst, mi\u0142o\u015b\u0107 do dziecka cytaty, tabliczka mno\u017cenia kolorowanki do wydruku, gabriel, alfabet kolorowanki, znaczenie imienia milan, zabawy urodzinowe dla dzieci, prezenty dla nastolatk\u00f3w, \u0142amig\u0142\u00f3wki dla dzieci do wydruku<\/p>\n<p><a href=\"https:\/\/www.hiperpharm.pl\/rivanol-0-1-plyn-na-skore-1-mg-g-500-g.html\">revanol hiperpharm.pl\/rivanol-0-1-plyn-na-skore-1-mg-g-500-g.html<\/a><\/p>\n<p>&nbsp;<\/p>\n","protected":false},"excerpt":{"rendered":"<p>Klocki Plus-Plus to du\u0144ski design w czystej postaci.Klocki du\u0144skiej firmy Plus-Plus rozwijaj\u0105 dzieci\u0119c\u0105 wyobra\u017ani\u0119. Charakteryzuj\u0105 si\u0119 wysok\u0105 dok\u0142adno\u015bci\u0105 wykonania. Prosty spos\u00f3b \u0142\u0105czenia, daje mo\u017cliwo\u015b\u0107 budowy zar\u00f3wno p\u0142askich jak i przestrzennych konstrukcji. Jedynym narz\u0119dziem jest dzieci\u0119ca wyobra\u017ania. Klocki Plus-Plus s\u0105 bardzo przyjemne w dotyku co sprawia, \u017ce budowanie z nich jest relaksuj\u0105ce.Plus \u2013 Plus to klocki, [&hellip;]<\/p>\n","protected":false},"featured_media":2895,"comment_status":"closed","ping_status":"open","template":"","meta":[],"product_cat":[113,996],"product_tag":[839,696,847,652,594,739],"class_list":["post-2894","product","type-product","status-publish","has-post-thumbnail","hentry","product_cat-klocki","product_cat-plus-plus","product_tag-bajki-na-dobranoc-do-czytania","product_tag-film-rodzinny-o-swietach","product_tag-kolorowanki-pokemon","product_tag-otto","product_tag-podchwytliwe-zagadki-dla-dzieci","product_tag-prima-aprilis-w-szkole"],"_links":{"self":[{"href":"http:\/\/klubmamgdynia.pl\/index.php\/wp-json\/wp\/v2\/product\/2894","targetHints":{"allow":["GET"]}}],"collection":[{"href":"http:\/\/klubmamgdynia.pl\/index.php\/wp-json\/wp\/v2\/product"}],"about":[{"href":"http:\/\/klubmamgdynia.pl\/index.php\/wp-json\/wp\/v2\/types\/product"}],"replies":[{"embeddable":true,"href":"http:\/\/klubmamgdynia.pl\/index.php\/wp-json\/wp\/v2\/comments?post=2894"}],"wp:featuredmedia":[{"embeddable":true,"href":"http:\/\/klubmamgdynia.pl\/index.php\/wp-json\/wp\/v2\/media\/2895"}],"wp:attachment":[{"href":"http:\/\/klubmamgdynia.pl\/index.php\/wp-json\/wp\/v2\/media?parent=2894"}],"wp:term":[{"taxonomy":"product_cat","embeddable":true,"href":"http:\/\/klubmamgdynia.pl\/index.php\/wp-json\/wp\/v2\/product_cat?post=2894"},{"taxonomy":"product_tag","embeddable":true,"href":"http:\/\/klubmamgdynia.pl\/index.php\/wp-json\/wp\/v2\/product_tag?post=2894"}],"curies":[{"name":"wp","href":"https:\/\/api.w.org\/{rel}","templated":true}]}}