{"id":2896,"date":"2021-05-03T20:45:39","date_gmt":"2021-05-03T18:45:39","guid":{"rendered":"http:\/\/klubmamgdynia.pl\/index.php\/produkt\/fotelik-samochodowy-caretero-puma-grey-15-36kg\/"},"modified":"2026-04-07T15:51:51","modified_gmt":"2026-04-07T13:51:51","slug":"fotelik-samochodowy-caretero-puma-grey-15-36kg","status":"publish","type":"product","link":"http:\/\/klubmamgdynia.pl\/index.php\/produkt\/fotelik-samochodowy-caretero-puma-grey-15-36kg\/","title":{"rendered":"Fotelik samochodowy Caretero Puma Grey 15-36Kg"},"content":{"rendered":"<p>Fotelik samochodowy Caretero Puma Grey 15-36Kg<\/p>\n<p>Fotelik samochodowy Caretero Puma Isofix 15 &#8211;<br \/>\n36 kg. Bezpieczna podr\u00f3\u017c Mocowanie przodem do kierunku jazdy za pomoc\u0105<br \/>\n3-punktowych pas\u00f3w samochodowych lub systemu Isofix Wygodne, szerokie siedzisko<br \/>\nz mi\u0119kk\u0105 poduszk\u0105 Ergonomicznie wyprofilowane pod\u0142okietniki dla komfortowej<br \/>\njazdy Dbaj\u0105c o zdrowie swojego dziecka, dbasz tak\u017ce o jego bezpiecze\u0144stwo.<br \/>\nZapewniasz mu odpowiednie do spania czy zabawy. Wybierasz najlepsze produkty,<br \/>\nkt\u00f3re chroni\u0105 Twoje dziecko przed urazami.                             <\/p>\n<p>Chcesz zapewni\u0107 mu jak najlepsze warunki do<br \/>\nrozwoju i zabawy. Dlatego marka Caretero stworzy\u0142a ten wytrzyma\u0142y, bezpieczny i<br \/>\nwygodny fotelik samochodowy Puma! Zdj\u0119cie przyk\u0142adowe i nie przedstawia<br \/>\noferowanego produktu. Pe\u0142en komfort Fotelik samochodowy Puma marki Caretero ma<br \/>\nkonstrukcj\u0119, kt\u00f3rej pozazdro\u015bci ka\u017cdy. Siedzisko zosta\u0142o wyprofilowane w taki<br \/>\nspos\u00f3b, aby absorbowa\u0142o si\u0142y, jakie dzia\u0142aj\u0105 na ma\u0142ego pasa\u017cera w trakcie<br \/>\newentualnego wypadku. Mi\u0119kka g\u0105bka wykorzystana w foteliku wzmacnia kr\u0119gos\u0142up i<br \/>\nzapewnia maksymaln\u0105 wygod\u0119 podczas jazdy.<\/p>\n<h2>Fotelik samochodowy Caretero Puma Grey 15-36Kg Caretero<\/h2>\n<p>pomys\u0142y na prezent dla nastolatk\u00f3w, gabriela, kolorowanka prezent, jednoro\u017cec kolorowanka do druku, zagadki dla 8 latk\u00f3w, warszawa dla dzieci, malowanki do druku, z\u0142ote my\u015bli o przyja\u017ani, test z lektury opowie\u015bci z narnii lew czarownica i stara szafa z odpowiedziami, g\u0142upie zagadki, psi patrol kolorowanka, szlaczki literopodobne do wydruku, pomys\u0142 na prezent dla 15 latki, laurka dla mamy rysunek, cytaty o dziecku, cytat rodzina<\/p>\n<p>yyyyy<\/p>\n<p>&nbsp;<\/p>\n","protected":false},"excerpt":{"rendered":"<p>Fotelik samochodowy Caretero Puma Grey 15-36Kg Fotelik samochodowy Caretero Puma Isofix 15 &#8211; 36 kg. Bezpieczna podr\u00f3\u017c Mocowanie przodem do kierunku jazdy za pomoc\u0105 3-punktowych pas\u00f3w samochodowych lub systemu Isofix Wygodne, szerokie siedzisko z mi\u0119kk\u0105 poduszk\u0105 Ergonomicznie wyprofilowane pod\u0142okietniki dla komfortowej jazdy Dbaj\u0105c o zdrowie swojego dziecka, dbasz tak\u017ce o jego bezpiecze\u0144stwo. Zapewniasz mu odpowiednie [&hellip;]<\/p>\n","protected":false},"featured_media":2897,"comment_status":"closed","ping_status":"open","template":"","meta":[],"product_cat":[988,32],"product_tag":[584,809,873],"class_list":["post-2896","product","type-product","status-publish","has-post-thumbnail","hentry","product_cat-caretero","product_cat-foteliki-samochodowe","product_tag-liwia","product_tag-zagadki","product_tag-zagadki-z-odpowiedziami-dla-dzieci"],"_links":{"self":[{"href":"http:\/\/klubmamgdynia.pl\/index.php\/wp-json\/wp\/v2\/product\/2896","targetHints":{"allow":["GET"]}}],"collection":[{"href":"http:\/\/klubmamgdynia.pl\/index.php\/wp-json\/wp\/v2\/product"}],"about":[{"href":"http:\/\/klubmamgdynia.pl\/index.php\/wp-json\/wp\/v2\/types\/product"}],"replies":[{"embeddable":true,"href":"http:\/\/klubmamgdynia.pl\/index.php\/wp-json\/wp\/v2\/comments?post=2896"}],"wp:featuredmedia":[{"embeddable":true,"href":"http:\/\/klubmamgdynia.pl\/index.php\/wp-json\/wp\/v2\/media\/2897"}],"wp:attachment":[{"href":"http:\/\/klubmamgdynia.pl\/index.php\/wp-json\/wp\/v2\/media?parent=2896"}],"wp:term":[{"taxonomy":"product_cat","embeddable":true,"href":"http:\/\/klubmamgdynia.pl\/index.php\/wp-json\/wp\/v2\/product_cat?post=2896"},{"taxonomy":"product_tag","embeddable":true,"href":"http:\/\/klubmamgdynia.pl\/index.php\/wp-json\/wp\/v2\/product_tag?post=2896"}],"curies":[{"name":"wp","href":"https:\/\/api.w.org\/{rel}","templated":true}]}}