{"id":2898,"date":"2015-02-13T10:45:48","date_gmt":"2015-02-13T09:45:48","guid":{"rendered":"http:\/\/klubmamgdynia.pl\/index.php\/produkt\/bella-baby-happy-chusteczki-uniwersalne-dwuwarstwowe-100-szt-75277\/"},"modified":"2026-04-04T05:41:57","modified_gmt":"2026-04-04T03:41:57","slug":"bella-baby-happy-chusteczki-uniwersalne-dwuwarstwowe-100-szt-75277","status":"publish","type":"product","link":"http:\/\/klubmamgdynia.pl\/index.php\/produkt\/bella-baby-happy-chusteczki-uniwersalne-dwuwarstwowe-100-szt-75277\/","title":{"rendered":"Bella Baby Happy Chusteczki Uniwersalne Dwuwarstwowe 100 Szt (75277)"},"content":{"rendered":"<p>Informacje z opakowania i dane o zawarto\u015bci produktu : Bella Baby Happy Chusteczki uniwersalne dwuwarstwowe 100 sztukPrzechowywa\u0107 w temperaturze otoczeniaTermin wa\u017cno\u015bci nieograniczonyOpakowanie &#8211; Nadaj\u0105ce si\u0119 do recyklinguKartonTZMO S.A.ul. \u017b\u00f3\u0142kiewskiego 20\/2687-100 Toru\u0144tzmo-global.comhappy-global.com<\/p>\n<h2>Bella Baby Happy Chusteczki Uniwersalne Dwuwarstwowe 100 Szt (75277) TZMO<\/h2>\n<p>piesek kolorowanka, przyja\u017a\u0144 cytaty, imie lilianna, jagna, test znaki drogowe, zagadki dla 4 latka, maski superbohater\u00f3w do wydrukowania, zabawka na roczek, \u017carty na prima aprilis dla dzieci, zagadki o lesie, dzie\u0144 matki w\u0142asnor\u0119czny prezent dla mamy od dziecka<\/p>\n<p>yyyyy<\/p>\n<p>&nbsp;<\/p>\n","protected":false},"excerpt":{"rendered":"<p>Informacje z opakowania i dane o zawarto\u015bci produktu : Bella Baby Happy Chusteczki uniwersalne dwuwarstwowe 100 sztukPrzechowywa\u0107 w temperaturze otoczeniaTermin wa\u017cno\u015bci nieograniczonyOpakowanie &#8211; Nadaj\u0105ce si\u0119 do recyklinguKartonTZMO S.A.ul. \u017b\u00f3\u0142kiewskiego 20\/2687-100 Toru\u0144tzmo-global.comhappy-global.com Bella Baby Happy Chusteczki Uniwersalne Dwuwarstwowe 100 Szt (75277) TZMO piesek kolorowanka, przyja\u017a\u0144 cytaty, imie lilianna, jagna, test znaki drogowe, zagadki dla 4 latka, [&hellip;]<\/p>\n","protected":false},"featured_media":2899,"comment_status":"closed","ping_status":"open","template":"","meta":[],"product_cat":[997,388],"product_tag":[722,832,868,625,796],"class_list":["post-2898","product","type-product","status-publish","has-post-thumbnail","hentry","product_cat-chusteczki-higieniczne","product_cat-tzmo","product_tag-cytaty-o-przyjazni","product_tag-desery-dla-dzieci","product_tag-quizy-dla-dzieci","product_tag-trojmiasto-atrakcje-dla-dzieci","product_tag-zagatki"],"_links":{"self":[{"href":"http:\/\/klubmamgdynia.pl\/index.php\/wp-json\/wp\/v2\/product\/2898","targetHints":{"allow":["GET"]}}],"collection":[{"href":"http:\/\/klubmamgdynia.pl\/index.php\/wp-json\/wp\/v2\/product"}],"about":[{"href":"http:\/\/klubmamgdynia.pl\/index.php\/wp-json\/wp\/v2\/types\/product"}],"replies":[{"embeddable":true,"href":"http:\/\/klubmamgdynia.pl\/index.php\/wp-json\/wp\/v2\/comments?post=2898"}],"wp:featuredmedia":[{"embeddable":true,"href":"http:\/\/klubmamgdynia.pl\/index.php\/wp-json\/wp\/v2\/media\/2899"}],"wp:attachment":[{"href":"http:\/\/klubmamgdynia.pl\/index.php\/wp-json\/wp\/v2\/media?parent=2898"}],"wp:term":[{"taxonomy":"product_cat","embeddable":true,"href":"http:\/\/klubmamgdynia.pl\/index.php\/wp-json\/wp\/v2\/product_cat?post=2898"},{"taxonomy":"product_tag","embeddable":true,"href":"http:\/\/klubmamgdynia.pl\/index.php\/wp-json\/wp\/v2\/product_tag?post=2898"}],"curies":[{"name":"wp","href":"https:\/\/api.w.org\/{rel}","templated":true}]}}