{"id":2900,"date":"2014-01-10T18:13:55","date_gmt":"2014-01-10T17:13:55","guid":{"rendered":"http:\/\/klubmamgdynia.pl\/index.php\/produkt\/dk-duzy-tor-samochodowy-wyscigowy-parking-garaz-236-elementow-elektryczny-wielopoziomowy\/"},"modified":"2026-04-26T09:13:04","modified_gmt":"2026-04-26T07:13:04","slug":"dk-duzy-tor-samochodowy-wyscigowy-parking-garaz-236-elementow-elektryczny-wielopoziomowy","status":"publish","type":"product","link":"http:\/\/klubmamgdynia.pl\/index.php\/produkt\/dk-duzy-tor-samochodowy-wyscigowy-parking-garaz-236-elementow-elektryczny-wielopoziomowy\/","title":{"rendered":"Dk Du\u017cy Tor Samochodowy Wy\u015bcigowy Parking Gara\u017c 236 Element\u00f3w Elektryczny Wielopoziomowy"},"content":{"rendered":"<p>Niesamowita zabawa na super torze samochodowymZwyk\u0142e parkingi dla samochodzik\u00f3w ju\u017c Ci si\u0119 znudzi\u0142y? Potrzebujesz jeszcze wi\u0119cej zabawy? W takim razie ten niezwyk\u0142y tor to propozycja idealna dla Ciebie!Super zabawaZabawkowe tory samochodowe &#8211; o tak, lubimy to! Niby prosta zabawka, a bawi\u0107 si\u0119 ni\u0105 mo\u017cna ca\u0142ymi godzinami i to tak, jakby wok\u00f3\u0142 nie istnia\u0142 \u015bwiat. O co chodzi? &#8211; nie mamy poj\u0119cia, wa\u017cne, \u017ce dzia\u0142a i dostarcza mn\u00f3stwo frajdy.Tor pomie\u015bci ca\u0142kiem spor\u0105 ilo\u015b\u0107 samochod\u00f3w, kt\u00f3re mog\u0105 skorzysta\u0107 m.in. z us\u0142ug stacji benzynowej &#8211; aby zatankowa\u0107 do pe\u0142na i m\u00f3c kontynuowa\u0107 zabaw\u0119.Mn\u00f3stwo element\u00f3wZabawa torem jest tym ciekawsza, im bardziej jest on rozbudowany i im wi\u0119cej gad\u017cet\u00f3w posiada. Nasz posiada ich wystarczaj\u0105co du\u017co, by ka\u017cda minuta zabawy by\u0142a najwspanialszym momentem dnia:zakr\u0119cony, wielopoziomowy zjazd oraz wjazd,2 terenowe, zasilane samochody,2 stacje benzynowe,d\u0142ugi most wisz\u0105cy,znaki drogowe,akcesoria,naklejki.Fantastyczna zabawka w super cenieJe\u015bli szukasz prezentu dla Twojego dziecka, ten tor na pewno go ucieszy! Obydwa samochodziki s\u0105 zasilane &#8211; po uruchomieniu same zaczn\u0105 si\u0119 wspina\u0107 po zbudowanym torze. Tylne ko\u0142a posiadaj\u0105 specjalne, gumowane nak\u0142adki, dzi\u0119ki czemu zwi\u0119kszona zosta\u0142a przyczepno\u015b\u0107 autka i bez trudu mo\u017ce si\u0119 wspina\u0107 na szczyt toru.Zawarto\u015b\u0107 opakowania:4 segmenty mostu &#8211; ka\u017cdy sk\u0142adaj\u0105cy si\u0119 z 4 element\u00f3w (\u0142\u0105cznie 16),2 stacje benzynowe,Samoch\u00f3d w kolorze \u017c\u00f3\u0142tym oraz niebieskim,Elementy \u0142\u0105cz\u0105ce &#8211; 72 pionowe, 53 poziome,Elementy toru: 11 prostych &#8211; d\u0142ugich, 10 zjazd\u00f3w, 28 zakr\u0119t\u00f3w, 22 proste &#8211; kr\u00f3tkie.4 drzewka,2 zestawy naklejek,1 odlew z akcesoriami typu lampy, znaki drogowe,Oryginalne, \u0142adne opakowanie.Zestaw zwiera wszystko, co na przedstawionym zdj\u0119ciu, (oryginalny zestaw nie posiada jednego ma\u0142ego odlewu ze znakami drogowymi).Wymiary:Tor po z\u0142o\u017ceniu: ok. 85 x 52 x 35cmOpakowanie: ok. 49 x 34,5 x 8,5cmSamochodzik: 9 x 4,6 x 5cmIlo\u015b\u0107 element\u00f3w: 236Zasilanie 1 samochodu: 1 x bateria AA 1,5V<\/p>\n<h2>Dk Du\u017cy Tor Samochodowy Wy\u015bcigowy Parking Gara\u017c 236 Element\u00f3w Elektryczny Wielopoziomowy Dk<\/h2>\n<p>zaproszenia na urodziny do wydruku czarno bia\u0142e, flagi europy quiz, literki dla dzieci, bezpieczne kosmetyki do makija\u017cu dla dzieci, zagadki na inteligencj\u0119, prezent dla 17 latka, piosenki na dobranoc dla dzieci + tekst, quiz flagi europy, wierszyk o wakacjach, quiz o stolicach europy, rebusy i krzy\u017c\u00f3wki dla dzieci do druku, kr\u00f3tkie zagadki matematyczne z odpowiedziami, kolorowanka do druku super zings, znaki drogowe do druku, bajki dla dzieci na dobranoc do czytania<\/p>\n<p>yyyyy<\/p>\n<p>&nbsp;<\/p>\n","protected":false},"excerpt":{"rendered":"<p>Niesamowita zabawa na super torze samochodowymZwyk\u0142e parkingi dla samochodzik\u00f3w ju\u017c Ci si\u0119 znudzi\u0142y? Potrzebujesz jeszcze wi\u0119cej zabawy? W takim razie ten niezwyk\u0142y tor to propozycja idealna dla Ciebie!Super zabawaZabawkowe tory samochodowe &#8211; o tak, lubimy to! Niby prosta zabawka, a bawi\u0107 si\u0119 ni\u0105 mo\u017cna ca\u0142ymi godzinami i to tak, jakby wok\u00f3\u0142 nie istnia\u0142 \u015bwiat. O [&hellip;]<\/p>\n","protected":false},"featured_media":2901,"comment_status":"closed","ping_status":"open","template":"","meta":[],"product_cat":[408,141],"product_tag":[685,870,640,634,635],"class_list":["post-2900","product","type-product","status-publish","has-post-thumbnail","hentry","product_cat-dk","product_cat-parkingi-garaze-i-tory-wyscigowe","product_tag-cytaty-o-rodzinie","product_tag-prezent-dla-chlopca-na-roczek","product_tag-prezent-dla-rocznej-dziewczynki","product_tag-zagadki-wielkanocne-dla-dzieci","product_tag-znaki-drogowe-do-druku"],"_links":{"self":[{"href":"http:\/\/klubmamgdynia.pl\/index.php\/wp-json\/wp\/v2\/product\/2900","targetHints":{"allow":["GET"]}}],"collection":[{"href":"http:\/\/klubmamgdynia.pl\/index.php\/wp-json\/wp\/v2\/product"}],"about":[{"href":"http:\/\/klubmamgdynia.pl\/index.php\/wp-json\/wp\/v2\/types\/product"}],"replies":[{"embeddable":true,"href":"http:\/\/klubmamgdynia.pl\/index.php\/wp-json\/wp\/v2\/comments?post=2900"}],"wp:featuredmedia":[{"embeddable":true,"href":"http:\/\/klubmamgdynia.pl\/index.php\/wp-json\/wp\/v2\/media\/2901"}],"wp:attachment":[{"href":"http:\/\/klubmamgdynia.pl\/index.php\/wp-json\/wp\/v2\/media?parent=2900"}],"wp:term":[{"taxonomy":"product_cat","embeddable":true,"href":"http:\/\/klubmamgdynia.pl\/index.php\/wp-json\/wp\/v2\/product_cat?post=2900"},{"taxonomy":"product_tag","embeddable":true,"href":"http:\/\/klubmamgdynia.pl\/index.php\/wp-json\/wp\/v2\/product_tag?post=2900"}],"curies":[{"name":"wp","href":"https:\/\/api.w.org\/{rel}","templated":true}]}}