{"id":2902,"date":"2014-03-13T15:19:20","date_gmt":"2014-03-13T14:19:20","guid":{"rendered":"http:\/\/klubmamgdynia.pl\/index.php\/produkt\/fotelik-samochodowy-cybex-sirona-z2-i-size-0-18kg-plus-autumn-gold\/"},"modified":"2026-04-29T14:43:53","modified_gmt":"2026-04-29T12:43:53","slug":"fotelik-samochodowy-cybex-sirona-z2-i-size-0-18kg-plus-autumn-gold","status":"publish","type":"product","link":"http:\/\/klubmamgdynia.pl\/index.php\/produkt\/fotelik-samochodowy-cybex-sirona-z2-i-size-0-18kg-plus-autumn-gold\/","title":{"rendered":"Fotelik samochodowy Cybex Sirona Z2 i-Size 0-18kg Plus Autumn Gold"},"content":{"rendered":"<h2>Fotelik samochodowy Cybex Sirona Z2 i-Size 0-18kg Plus Autumn Gold Cybex<\/h2>\n<p>bursztynek, pokemon kolorowanka, nauka polskiego dla dzieci z ukrainy, kuku\u0142eczka kuka tekst, cytat mama, opis do zdj\u0119cia dziecka, quiz o polsce dla dzieci, plac zabaw warszawa, zabawka dla rocznej dziewczynki, kolorowanka piesek, cytaty z ma\u0142ego ksi\u0119cia, zagadki dla dzieci do druku, co kupic dziewczynce na roczek, jak narysowa\u0107 \u017cab\u0119, zagadki wielkanocne przedszkole, ch\u0142opcy z placu broni &#8211; test z odpowiedziami, planety uk\u0142ad s\u0142oneczny dla dzieci do druku, atrakcje dla dzieci pozna\u0144 2021, zagadki logiczne \u015bmieszne, \u015bwinka peppa do czytania, kolorowanka robot<\/p>\n<p>yyyyy<\/p>\n<p>&nbsp;<\/p>\n","protected":false},"excerpt":{"rendered":"<p>Fotelik samochodowy Cybex Sirona Z2 i-Size 0-18kg Plus Autumn Gold Cybex bursztynek, pokemon kolorowanka, nauka polskiego dla dzieci z ukrainy, kuku\u0142eczka kuka tekst, cytat mama, opis do zdj\u0119cia dziecka, quiz o polsce dla dzieci, plac zabaw warszawa, zabawka dla rocznej dziewczynki, kolorowanka piesek, cytaty z ma\u0142ego ksi\u0119cia, zagadki dla dzieci do druku, co kupic dziewczynce [&hellip;]<\/p>\n","protected":false},"featured_media":2903,"comment_status":"closed","ping_status":"open","template":"","meta":[],"product_cat":[34,32],"product_tag":[858,769,627],"class_list":["post-2902","product","type-product","status-publish","has-post-thumbnail","hentry","product_cat-cybex","product_cat-foteliki-samochodowe","product_tag-podchwytliwe-zagadki","product_tag-psi-patrol-do-czytania","product_tag-quiz-dzieci-z-bullerbyn"],"_links":{"self":[{"href":"http:\/\/klubmamgdynia.pl\/index.php\/wp-json\/wp\/v2\/product\/2902","targetHints":{"allow":["GET"]}}],"collection":[{"href":"http:\/\/klubmamgdynia.pl\/index.php\/wp-json\/wp\/v2\/product"}],"about":[{"href":"http:\/\/klubmamgdynia.pl\/index.php\/wp-json\/wp\/v2\/types\/product"}],"replies":[{"embeddable":true,"href":"http:\/\/klubmamgdynia.pl\/index.php\/wp-json\/wp\/v2\/comments?post=2902"}],"wp:featuredmedia":[{"embeddable":true,"href":"http:\/\/klubmamgdynia.pl\/index.php\/wp-json\/wp\/v2\/media\/2903"}],"wp:attachment":[{"href":"http:\/\/klubmamgdynia.pl\/index.php\/wp-json\/wp\/v2\/media?parent=2902"}],"wp:term":[{"taxonomy":"product_cat","embeddable":true,"href":"http:\/\/klubmamgdynia.pl\/index.php\/wp-json\/wp\/v2\/product_cat?post=2902"},{"taxonomy":"product_tag","embeddable":true,"href":"http:\/\/klubmamgdynia.pl\/index.php\/wp-json\/wp\/v2\/product_tag?post=2902"}],"curies":[{"name":"wp","href":"https:\/\/api.w.org\/{rel}","templated":true}]}}