{"id":2904,"date":"2012-08-08T15:19:08","date_gmt":"2012-08-08T13:19:08","guid":{"rendered":"http:\/\/klubmamgdynia.pl\/index.php\/produkt\/fotelik-samochodowy-lionelo-sander-black-0-36kg\/"},"modified":"2026-04-03T15:48:47","modified_gmt":"2026-04-03T13:48:47","slug":"fotelik-samochodowy-lionelo-sander-black-0-36kg","status":"publish","type":"product","link":"http:\/\/klubmamgdynia.pl\/index.php\/produkt\/fotelik-samochodowy-lionelo-sander-black-0-36kg\/","title":{"rendered":"Fotelik samochodowy Lionelo Sander Black 0-36Kg"},"content":{"rendered":"<p>LIONELO SANDER BLACK 0-36KG<\/p>\n<p>Fotelik samochodowy SANDER czarnyLionelo Sander to nasz nowy fotelik dla dzieci. kt\u00f3ry s\u0142u\u017cy<br \/>\nod narodzin a\u017c do osi\u0105gni\u0119cia wieku 12 lat. Wykonany w unikalnej technologii<br \/>\npozwalaj\u0105cej na obr\u00f3t fotelika o 180 stopni zar\u00f3wno ty\u0142em jak i przodem do<br \/>\nkierunku jazdy. Dziecko przewo\u017cone jest przy zachowaniu maksymalnej ochrony<br \/>\ndzi\u0119ki systemowi ISOFIX 180. Zaawansowane zabezpieczenie i komfort dla Twojego<br \/>\nrosn\u0105cego dziecka.Unikatowa technologia- Od narodzin- Dzi\u0119ki obracanemu ty\u0142em do kierunku jazdy<br \/>\nsiedzisku mo\u017cliwe jest przewo\u017cenie dziecka ju\u017c od pierwszych dni \u017cycia. Dla<br \/>\nbezpiecze\u0144stwa i wygody najm\u0142odszych pociech. fotelik wyposa\u017cony jest w<br \/>\ndodatkow\u0105 wk\u0142adk\u0119 redukcyjn\u0105. Dodatkowo regulowany zag\u0142\u00f3wek pozwala rosn\u0105\u0107<br \/>\nfotelikowi wraz z dzieckiem.- ISOFIX &#8211; Dziecko przewo\u017cone jest przy zachowaniu<br \/>\nmaksymalnej ochrony dzi\u0119ki systemowi ISOFIX.- Top Tether- Zapi\u0119cie zapewnia. \u017ce w przypadku nag\u0142ego<br \/>\nhamowania lub kolizji. mniejsze si\u0142y b\u0119d\u0105 oddzia\u0142ywa\u0142y na dziecko.<\/p>\n<p>Pe\u0142en komfort<br \/>\njazdy<br \/>\n&#8211; ImpactBlock &#8211; Dodatkowa poduszka zabezpiecza g\u0142\u00f3wk\u0119 dziecka<br \/>\nw trakcie zderzenia bocznych. Podczas jazdy podpiera kark i podnosi komfort.<br \/>\n&#8211; 3 poziomy pochylenia &#8211; Regulacja oparcia jedn\u0105 r\u0119k\u0105 od<br \/>\npozycji siedz\u0105cej do le\u017c\u0105cej (z funkcj\u0105 spania). Gwarantuje niezwyk\u0142y komfort<br \/>\noraz odpowiedni\u0105 pozycj\u0119 dziecka.<br \/>\n&#8211; Przyjemno\u015b\u0107 z jazdy &#8211; Mi\u0119kka poduszka gwarantuje komfort<br \/>\njazdy. Dodatkowe poduszki na pasach zapobiegaj\u0105 otarciom wra\u017cliwej sk\u00f3ry<br \/>\ndziecka.<\/p>\n<p>Certyfikat TUV<br \/>\nNasz produkt jest homologowany przez najlepsz\u0105 i renomowan\u0105<br \/>\ninstytucj\u0119 badawcz\u0105 w Europie &#8211; TUV. Zajmuje si\u0119 ona licencjonowaniem pojazd\u00f3w<br \/>\ni wszelkich cz\u0119\u015bci jego wyposa\u017cenia w szczeg\u00f3lno\u015bci fotelik\u00f3w samochodowych.<br \/>\nTestowane produkty poddawane s\u0105 wnikliwym testom pod wzgl\u0119dem bezpiecze\u0144stwa<br \/>\noraz wymog\u00f3w jako\u015bciowych.<\/p>\n<h2>Fotelik samochodowy Lionelo Sander Black 0-36Kg Lionelo<\/h2>\n<p>imiona z bajek, miko\u0142ajek test z lektury, test ch\u0142opcy z placu broni klasa 5, wiersz na wielkanocnym stole, zabawy ruchowe dla dzieci, oskar imi\u0119, zagadki logiczne na inteligencj\u0119, zabawki na roczek, zings kolorowanka, kanapki na urodziny dziecka<\/p>\n<p>yyyyy<\/p>\n<p>&nbsp;<\/p>\n","protected":false},"excerpt":{"rendered":"<p>LIONELO SANDER BLACK 0-36KG Fotelik samochodowy SANDER czarnyLionelo Sander to nasz nowy fotelik dla dzieci. kt\u00f3ry s\u0142u\u017cy od narodzin a\u017c do osi\u0105gni\u0119cia wieku 12 lat. Wykonany w unikalnej technologii pozwalaj\u0105cej na obr\u00f3t fotelika o 180 stopni zar\u00f3wno ty\u0142em jak i przodem do kierunku jazdy. Dziecko przewo\u017cone jest przy zachowaniu maksymalnej ochrony dzi\u0119ki systemowi ISOFIX 180. [&hellip;]<\/p>\n","protected":false},"featured_media":2905,"comment_status":"closed","ping_status":"open","template":"","meta":[],"product_cat":[32,967],"product_tag":[764,587,698,715],"class_list":["post-2904","product","type-product","status-publish","has-post-thumbnail","hentry","product_cat-foteliki-samochodowe","product_cat-lionelo","product_tag-prezenty-na-roczek-dla-dziewczynki","product_tag-skalne-miasto","product_tag-zagadki-dla-przedszkolakow","product_tag-zosia-samosia"],"_links":{"self":[{"href":"http:\/\/klubmamgdynia.pl\/index.php\/wp-json\/wp\/v2\/product\/2904","targetHints":{"allow":["GET"]}}],"collection":[{"href":"http:\/\/klubmamgdynia.pl\/index.php\/wp-json\/wp\/v2\/product"}],"about":[{"href":"http:\/\/klubmamgdynia.pl\/index.php\/wp-json\/wp\/v2\/types\/product"}],"replies":[{"embeddable":true,"href":"http:\/\/klubmamgdynia.pl\/index.php\/wp-json\/wp\/v2\/comments?post=2904"}],"wp:featuredmedia":[{"embeddable":true,"href":"http:\/\/klubmamgdynia.pl\/index.php\/wp-json\/wp\/v2\/media\/2905"}],"wp:attachment":[{"href":"http:\/\/klubmamgdynia.pl\/index.php\/wp-json\/wp\/v2\/media?parent=2904"}],"wp:term":[{"taxonomy":"product_cat","embeddable":true,"href":"http:\/\/klubmamgdynia.pl\/index.php\/wp-json\/wp\/v2\/product_cat?post=2904"},{"taxonomy":"product_tag","embeddable":true,"href":"http:\/\/klubmamgdynia.pl\/index.php\/wp-json\/wp\/v2\/product_tag?post=2904"}],"curies":[{"name":"wp","href":"https:\/\/api.w.org\/{rel}","templated":true}]}}