{"id":2908,"date":"2023-06-25T12:10:16","date_gmt":"2023-06-25T10:10:16","guid":{"rendered":"http:\/\/klubmamgdynia.pl\/?post_type=product&#038;p=2908"},"modified":"2026-05-17T22:47:41","modified_gmt":"2026-05-17T20:47:41","slug":"smoby-baby-nurse-plecak-nosidelko-smoby","status":"publish","type":"product","link":"http:\/\/klubmamgdynia.pl\/index.php\/produkt\/smoby-baby-nurse-plecak-nosidelko-smoby\/","title":{"rendered":"Smoby Baby Nurse Plecak Noside\u0142ko Smoby"},"content":{"rendered":"<p>Ka\u017cda ma\u0142a istota, aby ukoi\u0107 sw\u00f3j smutek, czy \u0142zy, potrzebuje zar\u00f3wno ciep\u0142a, jak i mi\u0142o\u015bci. Nasz &#8222;ma\u0142e mamy&#8221;, obserwuj\u0105 nasze zachowania i przenosz\u0105 wzorce zachowa\u0144 do swojej zabawy, przez kt\u00f3re ucz\u0105 si\u0119 \u017cycia oraz okazywania uczu\u0107, empatii.Charakterystyka:- plecak z noside\u0142kiem dla lalki- regulowane ramiona plecaka- plecak zapinany na rzep- kieszonka na butelk\u0119- dla lalki o wysoko\u015bci do 42 cm- zestaw nie zawiera lalki<\/p>\n<h2>Smoby Baby Nurse Plecak Noside\u0142ko Smoby Smoby<\/h2>\n<p>prezenty dla 16 latki, kolorowanki harry potter, kolorowanki pi\u0142karskie, proste origami dla dzieci, mi\u015b z filmu animowanego, jagna imi\u0119, mega trudne zagadki logiczne, najlepsze zarty na prima aprilis, maski dla dzieci do druku, zagadki na logik\u0119, kolorowanki do druku konie, iwo imi\u0119, trudne zagadki na inteligencj\u0119, prima aprilis w szkole<\/p>\n<p>yyyyy<\/p>\n<p>&nbsp;<\/p>\n","protected":false},"excerpt":{"rendered":"<p>Ka\u017cda ma\u0142a istota, aby ukoi\u0107 sw\u00f3j smutek, czy \u0142zy, potrzebuje zar\u00f3wno ciep\u0142a, jak i mi\u0142o\u015bci. Nasz &#8222;ma\u0142e mamy&#8221;, obserwuj\u0105 nasze zachowania i przenosz\u0105 wzorce zachowa\u0144 do swojej zabawy, przez kt\u00f3re ucz\u0105 si\u0119 \u017cycia oraz okazywania uczu\u0107, empatii.Charakterystyka:- plecak z noside\u0142kiem dla lalki- regulowane ramiona plecaka- plecak zapinany na rzep- kieszonka na butelk\u0119- dla lalki o [&hellip;]<\/p>\n","protected":false},"featured_media":2909,"comment_status":"closed","ping_status":"open","template":"","meta":[],"product_cat":[172,556],"product_tag":[674,675,649],"class_list":["post-2908","product","type-product","status-publish","has-post-thumbnail","hentry","product_cat-akcesoria-dla-lalek","product_cat-smoby","product_tag-miasto-dzieci","product_tag-test-z-lektury-kajko-i-kokosz-szkola-latania","product_tag-zagadki-dla-nastolatkow"],"_links":{"self":[{"href":"http:\/\/klubmamgdynia.pl\/index.php\/wp-json\/wp\/v2\/product\/2908","targetHints":{"allow":["GET"]}}],"collection":[{"href":"http:\/\/klubmamgdynia.pl\/index.php\/wp-json\/wp\/v2\/product"}],"about":[{"href":"http:\/\/klubmamgdynia.pl\/index.php\/wp-json\/wp\/v2\/types\/product"}],"replies":[{"embeddable":true,"href":"http:\/\/klubmamgdynia.pl\/index.php\/wp-json\/wp\/v2\/comments?post=2908"}],"wp:featuredmedia":[{"embeddable":true,"href":"http:\/\/klubmamgdynia.pl\/index.php\/wp-json\/wp\/v2\/media\/2909"}],"wp:attachment":[{"href":"http:\/\/klubmamgdynia.pl\/index.php\/wp-json\/wp\/v2\/media?parent=2908"}],"wp:term":[{"taxonomy":"product_cat","embeddable":true,"href":"http:\/\/klubmamgdynia.pl\/index.php\/wp-json\/wp\/v2\/product_cat?post=2908"},{"taxonomy":"product_tag","embeddable":true,"href":"http:\/\/klubmamgdynia.pl\/index.php\/wp-json\/wp\/v2\/product_tag?post=2908"}],"curies":[{"name":"wp","href":"https:\/\/api.w.org\/{rel}","templated":true}]}}