{"id":291,"date":"2015-11-13T11:17:36","date_gmt":"2015-11-13T10:17:36","guid":{"rendered":"http:\/\/klubmamgdynia.pl\/index.php\/produkt\/ciastofaza-przebudzenie-masy-zestaw-startowy-z-1-motorkiem-i-akcesoriami\/"},"modified":"2026-05-17T22:03:48","modified_gmt":"2026-05-17T20:03:48","slug":"ciastofaza-przebudzenie-masy-zestaw-startowy-z-1-motorkiem-i-akcesoriami","status":"publish","type":"product","link":"http:\/\/klubmamgdynia.pl\/index.php\/produkt\/ciastofaza-przebudzenie-masy-zestaw-startowy-z-1-motorkiem-i-akcesoriami\/","title":{"rendered":"Ciastofaza Przebudzenie Masy Zestaw Startowy Z 1 Motorkiem I Akcesoriami"},"content":{"rendered":"<p>Ciastofaza &#8211; przebudzenie masy zestaw startowy z 1 motorkiem i akcesoriami, Kolor r\u00f3\u017cowy ( kotek )Ciastofaza rozwija kreatywno\u015b\u0107 i zdolno\u015bci manualne,daj\u0105c ogrom zabawy dzieciom od 3 roku \u017cycia.O\u017cyw swoje stworki z Ciastofaz\u0105 !Ka\u017cdy zestaw zawiera bateryjk\u0119, dzi\u0119ki kt\u00f3rej stworzone postacieb\u0119d\u0105 mog\u0142y rusza\u0107 si\u0119, \u015bwieci\u0107 a nawet wydawa\u0107 d\u017awi\u0119ki.Ich budowanie jest dziecinnie proste, wystarcz\u0105 trzy kroki :1.Stw\u00f3rz z gotowej formy kotka z obrotow\u0105 kokardk\u0105, lub wymy\u015bl w\u0142asnego i zr\u00f3b go sam !2. Umie\u015b\u0107 akcesorium w bateryjce.3. O\u017cyw swoj\u0105 posta\u0107 &#8211; umie\u015b\u0107 bateryjk\u0119 w masie plastycznej.Stw\u00f3rz wyj\u0105tkowy \u015bwiat stwork\u00f3w i patrz jak o\u017cywaj\u0105 !W zestawie znajduj\u0105 si\u0119:- 3 akcesoria- 1 motorek- 3 bateryjki LR41 ( 1,5V )- 2 kolory masy plastycznejZ tego zestawu stworzysz przyjaznego kotka z obrotow\u0105 kokardk\u0105.Z akcesori\u00f3w zrobisz pi\u0119kne oczka oraz zmienisz go w ruchomego kr\u00f3liczka !<\/p>\n<h2>Ciastofaza Przebudzenie Masy Zestaw Startowy Z 1 Motorkiem I Akcesoriami Epee<\/h2>\n<p>wz\u00f3r drzewo genealogiczne szablon do wydruku, kuba imi\u0119, kolorowe ciasto, lol kolorowanki do druku, gaja imi\u0119, dla nastolatk\u00f3w prezenty, jagna, rzadkie imiona \u017ce\u0144skie<\/p>\n<p>yyyyy<\/p>\n<p>&nbsp;<\/p>\n","protected":false},"excerpt":{"rendered":"<p>Ciastofaza &#8211; przebudzenie masy zestaw startowy z 1 motorkiem i akcesoriami, Kolor r\u00f3\u017cowy ( kotek )Ciastofaza rozwija kreatywno\u015b\u0107 i zdolno\u015bci manualne,daj\u0105c ogrom zabawy dzieciom od 3 roku \u017cycia.O\u017cyw swoje stworki z Ciastofaz\u0105 !Ka\u017cdy zestaw zawiera bateryjk\u0119, dzi\u0119ki kt\u00f3rej stworzone postacieb\u0119d\u0105 mog\u0142y rusza\u0107 si\u0119, \u015bwieci\u0107 a nawet wydawa\u0107 d\u017awi\u0119ki.Ich budowanie jest dziecinnie proste, wystarcz\u0105 trzy kroki [&hellip;]<\/p>\n","protected":false},"featured_media":292,"comment_status":"closed","ping_status":"open","template":"","meta":[],"product_cat":[49,21],"product_tag":[776,624,810,630,714],"class_list":["post-291","product","type-product","status-publish","has-post-thumbnail","hentry","product_cat-epee","product_cat-zabawki-plastyczne","product_tag-dobrej-nocy","product_tag-krotkie-zagadki","product_tag-nauka-zegara-do-druku","product_tag-podchwytliwe-zagadki-z-odpowiedziami","product_tag-zagadki-logiczne"],"_links":{"self":[{"href":"http:\/\/klubmamgdynia.pl\/index.php\/wp-json\/wp\/v2\/product\/291","targetHints":{"allow":["GET"]}}],"collection":[{"href":"http:\/\/klubmamgdynia.pl\/index.php\/wp-json\/wp\/v2\/product"}],"about":[{"href":"http:\/\/klubmamgdynia.pl\/index.php\/wp-json\/wp\/v2\/types\/product"}],"replies":[{"embeddable":true,"href":"http:\/\/klubmamgdynia.pl\/index.php\/wp-json\/wp\/v2\/comments?post=291"}],"wp:featuredmedia":[{"embeddable":true,"href":"http:\/\/klubmamgdynia.pl\/index.php\/wp-json\/wp\/v2\/media\/292"}],"wp:attachment":[{"href":"http:\/\/klubmamgdynia.pl\/index.php\/wp-json\/wp\/v2\/media?parent=291"}],"wp:term":[{"taxonomy":"product_cat","embeddable":true,"href":"http:\/\/klubmamgdynia.pl\/index.php\/wp-json\/wp\/v2\/product_cat?post=291"},{"taxonomy":"product_tag","embeddable":true,"href":"http:\/\/klubmamgdynia.pl\/index.php\/wp-json\/wp\/v2\/product_tag?post=291"}],"curies":[{"name":"wp","href":"https:\/\/api.w.org\/{rel}","templated":true}]}}