{"id":2910,"date":"2013-09-12T02:23:32","date_gmt":"2013-09-12T00:23:32","guid":{"rendered":"http:\/\/klubmamgdynia.pl\/index.php\/produkt\/lionelo-stefi-lozeczko-turystyczne-kojec-2w1-skladane-yellow-lemon\/"},"modified":"2026-05-17T22:46:21","modified_gmt":"2026-05-17T20:46:21","slug":"lionelo-stefi-lozeczko-turystyczne-kojec-2w1-skladane-yellow-lemon","status":"publish","type":"product","link":"http:\/\/klubmamgdynia.pl\/index.php\/produkt\/lionelo-stefi-lozeczko-turystyczne-kojec-2w1-skladane-yellow-lemon\/","title":{"rendered":"Lionelo Stefi \u0141\u00f3\u017ceczko Turystyczne Kojec 2W1 Sk\u0142adane Yellow Lemon"},"content":{"rendered":"<p>Lionelo Stefi \u0141\u00f3\u017ceczko Turystyczne Kojec 2W1 Sk\u0142adane Yellow Lemon<\/p>\n<p>\u0141\u00f3\u017ceczko turystyczne Lionelo<br \/>\nStefi 2 w 1: \u0142\u00f3\u017ceczko plus kojec Dodatkowe wej\u015bcie boczne Do\u0142\u0105czona torba<br \/>\ntransportowa Zabezpieczenie przed z\u0142o\u017ceniem LockGuard System szybkiego<br \/>\nrozk\u0142adania i sk\u0142adania Praktyczne wej\u015bcie &#8211; Boczne wej\u015bcie zapinane na zamek<br \/>\numo\u017cliwia samodzielne wchodzenie i wychodzenie starszym dzieciom. Zamek<br \/>\nznajduje si\u0119 po zewn\u0119trznej stronie kojca, dzi\u0119ki czemu mamy pewno\u015b\u0107, \u017ce<br \/>\ndziecko znajduj\u0105ce si\u0119 w \u015brodku jest bezpieczne i samemu go nie otworzy.<br \/>\nFunkcjonalne boki &#8211; Na obu d\u0142u\u017cszych i jednym kr\u00f3tszym boku znajduj\u0105 si\u0119<br \/>\nprzewiewne siatki zapewniaj\u0105ce odpowiedni\u0105 cyrkulacj\u0119 powietrza i podgl\u0105d na<br \/>\npociech\u0119.                             <\/p>\n<p>Mi\u0119kka mata &#8211; \u0141\u00f3\u017ceczko<br \/>\nwyposa\u017cone jest w wysokiej jako\u015bci mat\u0119 wykonan\u0105 z pianki o podwy\u017cszonej<br \/>\nelastyczno\u015bci, kt\u00f3ra pe\u0142ni funkcj\u0119 pod\u0142o\u017ca oraz miejsca zabawy. Utwardzony sp\u00f3d<br \/>\numo\u017cliwia swobodne stawianie pierwszych krok\u00f3w, a elastyczna pianka zapewnia<br \/>\nbezpiecze\u0144stwo podczas zabawy, dzi\u0119ki czemu maluszkowi nie grozi bolesny<br \/>\nupadek. Brak ostrych kraw\u0119dzi &#8211; Wszystkie kanty \u0142\u00f3\u017ceczka zosta\u0142y zabezpieczone<br \/>\nwyprofilowanymi plastikowymi os\u0142onkami, tak aby zapewni\u0107 dziecku maksymalne<br \/>\nbezpiecze\u0144stwo. Sprawdzona jako\u015b\u0107 &#8211; \u0141\u00f3\u017ceczko zosta\u0142o poddane wieloetapowej<br \/>\nweryfikacji &#8211; przesz\u0142o zar\u00f3wno szereg wewn\u0119trznych kontroli, jak i testy w<br \/>\nniezale\u017cnym laboratorium certyfikuj\u0105cym &#8211; SGS.                            <\/p>\n<p>Pe\u0142na zgodno\u015b\u0107 z europejskim<br \/>\nstandardem bezpiecze\u0144stwa EN 716:2017 System LockGuard &#8211; Konstrukcja<br \/>\nzabezpiecza przed przypadkowym z\u0142o\u017ceniem kojca, co znacz\u0105co zwi\u0119ksza<br \/>\nbezpiecze\u0144stwo dziecka. Rozwi\u0105zanie szczeg\u00f3lnie wa\u017cne w momencie, w kt\u00f3rym<br \/>\ndziecko stoi lub skacze. Torba transportowo-ochronna &#8211; System szybkiego<br \/>\nsk\u0142adania \u0142\u00f3\u017ceczka pozwala na \u0142atwy transport czy przechowywanie. U\u0142atwia to<br \/>\ntak\u017ce torba transportowo-ochronna znajduj\u0105ca si\u0119 w zestawie. Zabezpiecza<br \/>\n\u0142\u00f3\u017ceczko przed zabrudzeniem. Praktyczna r\u0105czka u\u0142atwia przenoszenie, dzi\u0119ki<br \/>\nczemu Stefi sprawdzi si\u0119 r\u00f3wnie\u017c podczas podr\u00f3\u017cy. Specyfikacja: PRZEDZIA\u0141<br \/>\nWIEKOWY: Od 0+ do 36 miesi\u0119cy UD\u0179WIG: 15 kg WEJ\u015aCIE DLA DZIECKA: tak RODZAJ I<br \/>\nTYP KONSTRUKCJI: Metalowa, tworzywo sztuczne RODZAJ I TYP MATERIA\u0141\u00d3W: 100% 210D<br \/>\nPolyester WYMIAR URZ\u0104DZENIA: 125 x 65 x 73 cm WAGA URZ\u0104DZENIA: 8,5 kg Zestaw<br \/>\nzawiera: \u0142\u00f3\u017ceczko ko\u0142a torba na ca\u0142y zestaw<\/p>\n<h2>Lionelo Stefi \u0141\u00f3\u017ceczko Turystyczne Kojec 2W1 Sk\u0142adane Yellow Lemon Lionelo<\/h2>\n<p>pytania logiczne, kolorowanki harry potter, tekst o rodzinie, bajki na dobranoc dla dzieci, cytaty rodzina, quiz dynastia mizio\u0142k\u00f3w, test opowie\u015b\u0107 wigilijna, karty pracy dla dzieci z ukrainy, laura, kolorowanki kotka, lol surprise kolorowanki, roczek prezent, zagadki logiczne i odpowiedzi<\/p>\n<p>yyyyy<\/p>\n<p>&nbsp;<\/p>\n","protected":false},"excerpt":{"rendered":"<p>Lionelo Stefi \u0141\u00f3\u017ceczko Turystyczne Kojec 2W1 Sk\u0142adane Yellow Lemon \u0141\u00f3\u017ceczko turystyczne Lionelo Stefi 2 w 1: \u0142\u00f3\u017ceczko plus kojec Dodatkowe wej\u015bcie boczne Do\u0142\u0105czona torba transportowa Zabezpieczenie przed z\u0142o\u017ceniem LockGuard System szybkiego rozk\u0142adania i sk\u0142adania Praktyczne wej\u015bcie &#8211; Boczne wej\u015bcie zapinane na zamek umo\u017cliwia samodzielne wchodzenie i wychodzenie starszym dzieciom. Zamek znajduje si\u0119 po zewn\u0119trznej stronie [&hellip;]<\/p>\n","protected":false},"featured_media":2911,"comment_status":"closed","ping_status":"open","template":"","meta":[],"product_cat":[967,935],"product_tag":[613,782,701],"class_list":["post-2910","product","type-product","status-publish","has-post-thumbnail","hentry","product_cat-lionelo","product_cat-lozeczka-dzieciece","product_tag-na-wyspach-bergamutach","product_tag-zagadki-dla-dzieci-z-odpowiedziami","product_tag-zgadywanki-dla-dzieci"],"_links":{"self":[{"href":"http:\/\/klubmamgdynia.pl\/index.php\/wp-json\/wp\/v2\/product\/2910","targetHints":{"allow":["GET"]}}],"collection":[{"href":"http:\/\/klubmamgdynia.pl\/index.php\/wp-json\/wp\/v2\/product"}],"about":[{"href":"http:\/\/klubmamgdynia.pl\/index.php\/wp-json\/wp\/v2\/types\/product"}],"replies":[{"embeddable":true,"href":"http:\/\/klubmamgdynia.pl\/index.php\/wp-json\/wp\/v2\/comments?post=2910"}],"wp:featuredmedia":[{"embeddable":true,"href":"http:\/\/klubmamgdynia.pl\/index.php\/wp-json\/wp\/v2\/media\/2911"}],"wp:attachment":[{"href":"http:\/\/klubmamgdynia.pl\/index.php\/wp-json\/wp\/v2\/media?parent=2910"}],"wp:term":[{"taxonomy":"product_cat","embeddable":true,"href":"http:\/\/klubmamgdynia.pl\/index.php\/wp-json\/wp\/v2\/product_cat?post=2910"},{"taxonomy":"product_tag","embeddable":true,"href":"http:\/\/klubmamgdynia.pl\/index.php\/wp-json\/wp\/v2\/product_tag?post=2910"}],"curies":[{"name":"wp","href":"https:\/\/api.w.org\/{rel}","templated":true}]}}