{"id":2912,"date":"2022-03-16T17:45:43","date_gmt":"2022-03-16T16:45:43","guid":{"rendered":"http:\/\/klubmamgdynia.pl\/index.php\/produkt\/magic-tracks-tor-wyscigowy-samochodowy-335m-led-i-autko-czerwone\/"},"modified":"2026-05-17T22:42:49","modified_gmt":"2026-05-17T20:42:49","slug":"magic-tracks-tor-wyscigowy-samochodowy-335m-led-i-autko-czerwone","status":"publish","type":"product","link":"http:\/\/klubmamgdynia.pl\/index.php\/produkt\/magic-tracks-tor-wyscigowy-samochodowy-335m-led-i-autko-czerwone\/","title":{"rendered":"Magic Tracks Tor wy\u015bcigowy samochodowy 3,35m LED i autko czerwone"},"content":{"rendered":"<p>Magic Tracks Tor wy\u015bcigowy 3,35m LED i autko<\/p>\n<p>\u015awiec\u0105cy tor wy\u015bcigowy 3,35 cm zosta\u0142<br \/>\nwyprodukowany przez szybko rozwijaj\u0105c\u0105 si\u0119 firm\u0119 Broszio. Pochodzi z<br \/>\nserii Magic Track, kt\u00f3ra podbija serca wszystkich dzieci kochaj\u0105cych zabaw\u0119<br \/>\nsamochodami.                            <\/p>\n<p>Magic Track to niesamowity \u015bwiec\u0105cy w<br \/>\nciemno\u015bci tor samochodowy. Sk\u0142ada si\u0119 on z 20 tor\u00f3w w kolorze zielonym,<br \/>\nczerwonym, \u017c\u00f3\u0142tym i niebieskim. Ka\u017cdy tor jest fluorescencyjny, a poziom<br \/>\nintensywno\u015bci \u015bwiat\u0142a jest zale\u017cny od d\u0142ugo\u015bci i intensywno\u015bci wcze\u015bniejszego<br \/>\nna\u015bwietlania. Tory dzi\u0119ki swej niezwyk\u0142ej gi\u0119tko\u015bci mog\u0105 by\u0107, wyginane,<br \/>\nskr\u0119cane i zwijane, dzi\u0119ki czemu mo\u017cna tworzy\u0107 niesko\u0144czenie wiele kombinacji.                            <\/p>\n<p>Zestaw dzi\u0119ki swej strukturze jest bardzo<br \/>\n\u0142atwy do sk\u0142adania i rozk\u0142adania i nie ma problemu z \u0142\u0105czeniem element\u00f3w. Do<br \/>\nzestawu do\u0142\u0105czony jest p\u00f3\u0142przezroczysty czerwony samochodzik wyposa\u017cony w 5<br \/>\ndiod LED kt\u00f3re r\u00f3wnie\u017c daj\u0105 niesamowity efekt przy wy\u0142\u0105czonym \u015bwietle.                            <\/p>\n<p>            Zestaw zawiera:<\/p>\n<p>20 gi\u0119tkich tor\u00f3w w kolorze: \u017c\u00f3\u0142tym,<br \/>\nzielonym, niebieskim i czerwonym1 czerwony samochodzik z 5 diodami LED78 naklejek<\/p>\n<p>Ten niesamowity i magiczny tor samochodowy<br \/>\nzosta\u0142 wykonany bardzo solidnie i na pewno zapewni d\u0142ugie godziny, pe\u0142nej<br \/>\nwra\u017ce\u0144 zabawy! \u015awietnie r\u00f3wnie\u017c sprawdzi si\u0119 jako prezent dla ka\u017cdego ma\u0142ego fana<br \/>\nmotoryzacji.                            <\/p>\n<p>zabawka przeznaczona od 3. roku \u017cyciamaksymalna d\u0142ugo\u015b\u0107 wybudowanego toru: 3,35<br \/>\ncmwymiary jednego elementu: 16,5 x 7,5 cm<br \/>\nhumbi_pltory mo\u017cna wygina\u0107, skr\u0119ca\u0107 i zwija\u0107w zestawie samoch\u00f3d z 5 diodami LEDd\u0142ugo\u015b\u0107 autka:9 cm wymiary opakowania: 25,5 x 26,5 x 9 cm<\/p>\n<h2>Magic Tracks Tor wy\u015bcigowy samochodowy 3,35m LED i autko czerwone Import<\/h2>\n<p>kubu\u015b puchatek cytaty, kolorowanki star wars, jak narysowa\u0107 sanie miko\u0142aja, karty pracy do druku za darmo, imi\u0119 r\u00f3\u017ca, dyplom za udzia\u0142 w konkursie do druku, kolorowanka robot, spiderman do druku, kolorowanka lol do druku, bajki o ksi\u0119\u017cniczkach do czytania<\/p>\n<p>yyyyy<\/p>\n<p>&nbsp;<\/p>\n","protected":false},"excerpt":{"rendered":"<p>Magic Tracks Tor wy\u015bcigowy 3,35m LED i autko \u015awiec\u0105cy tor wy\u015bcigowy 3,35 cm zosta\u0142 wyprodukowany przez szybko rozwijaj\u0105c\u0105 si\u0119 firm\u0119 Broszio. Pochodzi z serii Magic Track, kt\u00f3ra podbija serca wszystkich dzieci kochaj\u0105cych zabaw\u0119 samochodami. Magic Track to niesamowity \u015bwiec\u0105cy w ciemno\u015bci tor samochodowy. Sk\u0142ada si\u0119 on z 20 tor\u00f3w w kolorze zielonym, czerwonym, \u017c\u00f3\u0142tym i [&hellip;]<\/p>\n","protected":false},"featured_media":2913,"comment_status":"closed","ping_status":"open","template":"","meta":[],"product_cat":[476,141],"product_tag":[680,787,818],"class_list":["post-2912","product","type-product","status-publish","has-post-thumbnail","hentry","product_cat-import","product_cat-parkingi-garaze-i-tory-wyscigowe","product_tag-cytaty-z-malego-ksiecia","product_tag-nauka-pisania-wyrazow-dla-dzieci-do-druku-pdf","product_tag-oliwier"],"_links":{"self":[{"href":"http:\/\/klubmamgdynia.pl\/index.php\/wp-json\/wp\/v2\/product\/2912","targetHints":{"allow":["GET"]}}],"collection":[{"href":"http:\/\/klubmamgdynia.pl\/index.php\/wp-json\/wp\/v2\/product"}],"about":[{"href":"http:\/\/klubmamgdynia.pl\/index.php\/wp-json\/wp\/v2\/types\/product"}],"replies":[{"embeddable":true,"href":"http:\/\/klubmamgdynia.pl\/index.php\/wp-json\/wp\/v2\/comments?post=2912"}],"wp:featuredmedia":[{"embeddable":true,"href":"http:\/\/klubmamgdynia.pl\/index.php\/wp-json\/wp\/v2\/media\/2913"}],"wp:attachment":[{"href":"http:\/\/klubmamgdynia.pl\/index.php\/wp-json\/wp\/v2\/media?parent=2912"}],"wp:term":[{"taxonomy":"product_cat","embeddable":true,"href":"http:\/\/klubmamgdynia.pl\/index.php\/wp-json\/wp\/v2\/product_cat?post=2912"},{"taxonomy":"product_tag","embeddable":true,"href":"http:\/\/klubmamgdynia.pl\/index.php\/wp-json\/wp\/v2\/product_tag?post=2912"}],"curies":[{"name":"wp","href":"https:\/\/api.w.org\/{rel}","templated":true}]}}