{"id":2914,"date":"2011-12-18T06:00:10","date_gmt":"2011-12-18T05:00:10","guid":{"rendered":"http:\/\/klubmamgdynia.pl\/index.php\/produkt\/cobi-fidgitrix-punk-263340\/"},"modified":"2026-05-17T21:10:34","modified_gmt":"2026-05-17T19:10:34","slug":"cobi-fidgitrix-punk-263340","status":"publish","type":"product","link":"http:\/\/klubmamgdynia.pl\/index.php\/produkt\/cobi-fidgitrix-punk-263340\/","title":{"rendered":"Cobi Fidgitrix Punk (263340)"},"content":{"rendered":"<p>Autor:ISBN: 5+EAN: 5029736067380Wydawnictwo: CobiWydanie: pude\u0142ko,7,5&#215;7,5&#215;5 cmStrony:Figurka Fidgitrix za pomoc\u0105, kt\u00f3rej Twoje palce nie b\u0119d\u0105 si\u0119 nudzi\u0142y. A\u017c 6 funkcji zabawy! Mo\u017cesz bawi\u0107 si\u0119 w przesuwanie r\u0105czek, obracanie n\u00f3\u017cek, potrz\u0105sanie grzywy, a nawet klikanie buzi. Zbierz ca\u0142<\/p>\n<h2>Cobi Fidgitrix Punk (263340) Cobi<\/h2>\n<p>cytat z kubusia puchatka o mi\u0142o\u015bci, tabliczka mno\u017cenia zadania do druku, kolorowanki dla dziewczyn, zagadki matematyczne dla dzieci, zagadki o przyborach szkolnych, przedszkole drugi dom, fajne zagadki, prezent na roczek dla dziewczynki, zagadki o lesie, ubieranki do druku, prezent dla m\u0142odzie\u017cy, julian, test z tajemniczego ogrodu<\/p>\n<p>yyyyy<\/p>\n<p>&nbsp;<\/p>\n","protected":false},"excerpt":{"rendered":"<p>Autor:ISBN: 5+EAN: 5029736067380Wydawnictwo: CobiWydanie: pude\u0142ko,7,5&#215;7,5&#215;5 cmStrony:Figurka Fidgitrix za pomoc\u0105, kt\u00f3rej Twoje palce nie b\u0119d\u0105 si\u0119 nudzi\u0142y. A\u017c 6 funkcji zabawy! Mo\u017cesz bawi\u0107 si\u0119 w przesuwanie r\u0105czek, obracanie n\u00f3\u017cek, potrz\u0105sanie grzywy, a nawet klikanie buzi. Zbierz ca\u0142 Cobi Fidgitrix Punk (263340) Cobi cytat z kubusia puchatka o mi\u0142o\u015bci, tabliczka mno\u017cenia zadania do druku, kolorowanki dla dziewczyn, [&hellip;]<\/p>\n","protected":false},"featured_media":2915,"comment_status":"closed","ping_status":"open","template":"","meta":[],"product_cat":[484,95],"product_tag":[648,652,816,615],"class_list":["post-2914","product","type-product","status-publish","has-post-thumbnail","hentry","product_cat-cobi","product_cat-figurki-makiety-i-zestawy","product_tag-dobrej-nocy-i-sza","product_tag-otto","product_tag-place-zabaw-warszawa","product_tag-znane-misie-z-filmow-animowanych"],"_links":{"self":[{"href":"http:\/\/klubmamgdynia.pl\/index.php\/wp-json\/wp\/v2\/product\/2914","targetHints":{"allow":["GET"]}}],"collection":[{"href":"http:\/\/klubmamgdynia.pl\/index.php\/wp-json\/wp\/v2\/product"}],"about":[{"href":"http:\/\/klubmamgdynia.pl\/index.php\/wp-json\/wp\/v2\/types\/product"}],"replies":[{"embeddable":true,"href":"http:\/\/klubmamgdynia.pl\/index.php\/wp-json\/wp\/v2\/comments?post=2914"}],"wp:featuredmedia":[{"embeddable":true,"href":"http:\/\/klubmamgdynia.pl\/index.php\/wp-json\/wp\/v2\/media\/2915"}],"wp:attachment":[{"href":"http:\/\/klubmamgdynia.pl\/index.php\/wp-json\/wp\/v2\/media?parent=2914"}],"wp:term":[{"taxonomy":"product_cat","embeddable":true,"href":"http:\/\/klubmamgdynia.pl\/index.php\/wp-json\/wp\/v2\/product_cat?post=2914"},{"taxonomy":"product_tag","embeddable":true,"href":"http:\/\/klubmamgdynia.pl\/index.php\/wp-json\/wp\/v2\/product_tag?post=2914"}],"curies":[{"name":"wp","href":"https:\/\/api.w.org\/{rel}","templated":true}]}}